{"id":752904,"date":"2025-08-28T05:28:09","date_gmt":"2025-08-28T02:28:09","guid":{"rendered":"https:\/\/roveyayinevi.com.tr\/index.php\/urun\/belki\/"},"modified":"2026-04-16T03:06:05","modified_gmt":"2026-04-16T00:06:05","slug":"belki","status":"publish","type":"product","link":"https:\/\/roveyayinevi.com.tr\/index.php\/urun\/belki\/","title":{"rendered":"Belki&#8230;"},"content":{"rendered":"<p>Maymunlar nefis mangolardan bir tanecik yemek istiyor. Ama etrafta kocaman kaplanlar dola\u015f\u0131yor! H\u0131mm&#8230; belki\u2026 Belki mangolara sadece uzaktan bakabilirler. Bir zarar\u0131 olmaz, de\u011fil mi?   B\u00fcy\u00fck maymun, ormanda ya\u015fayan \u00fc\u00e7 k\u00fc\u00e7\u00fck maymunu tembihliyor. Mango a\u011fac\u0131na gitmek i\u00e7in y\u00fcksekteki dallardan a\u015fa\u011f\u0131 inmemeliler \u00e7\u00fcnk\u00fc etrafta kaplanlar dola\u015f\u0131yor. Oysa maymuncuklar hem \u00e7ok merakl\u0131 hem \u00e7ok oyuncu hem de mangolar\u0131 \u00e7ok seviyorlar. Belki\u2026 Belki mangolara ula\u015fman\u0131n bir yolunu bulabilirler.   Herkese \u0130yi Geceler, Annem Nerede?, Ah Be Pon\u00e7ik! kitaplar\u0131n\u0131n \u00e7ok \u00f6d\u00fcll\u00fc yazar ve \u00e7izeri Chris Haughton\u2019dan s\u0131n\u0131rlar\u0131 zorlaman\u0131n ve ke\u015ffetmenin hazz\u0131n\u0131 e\u011flenceli bir \u00f6yk\u00fcyle anlatan e\u015fsiz bir resimli kitap.   <\/p>\n","protected":false},"excerpt":{"rendered":"<p>Maymunlar nefis mangolardan bir tanecik yemek istiyor. Ama etrafta kocaman kaplanlar dola\u015f\u0131yor! H\u0131mm&#8230; belki\u2026 Belki mangolara sadece uzaktan bakabilirler. Bir zarar\u0131 olmaz, de\u011fil mi? B\u00fcy\u00fck maymun,<span class=\"excerpt-hellip\"> [\u2026]<\/span><\/p>\n","protected":false},"featured_media":0,"template":"","meta":{"_monsterinsights_skip_tracking":false,"_monsterinsights_sitenote_active":false,"_monsterinsights_sitenote_note":"","_monsterinsights_sitenote_category":0},"product_brand":[],"product_cat":[12274,12518],"product_tag":[],"class_list":{"0":"post-752904","1":"product","2":"type-product","3":"status-publish","5":"product_cat-cocuk-ve-genclik-kitaplari","6":"product_cat-okul-oncesi-kitaplar","7":"pa_cilt-ciltsiz","8":"pa_tur-kitap","9":"pa_yayinevi-redhouse-kidz-yayinlari","10":"pa_yazar-chris-haughton","12":"first","13":"instock","14":"sale","15":"shipping-taxable","16":"purchasable","17":"product-type-simple"},"_links":{"self":[{"href":"https:\/\/roveyayinevi.com.tr\/index.php\/wp-json\/wp\/v2\/product\/752904","targetHints":{"allow":["GET"]}}],"collection":[{"href":"https:\/\/roveyayinevi.com.tr\/index.php\/wp-json\/wp\/v2\/product"}],"about":[{"href":"https:\/\/roveyayinevi.com.tr\/index.php\/wp-json\/wp\/v2\/types\/product"}],"wp:attachment":[{"href":"https:\/\/roveyayinevi.com.tr\/index.php\/wp-json\/wp\/v2\/media?parent=752904"}],"wp:term":[{"taxonomy":"product_brand","embeddable":true,"href":"https:\/\/roveyayinevi.com.tr\/index.php\/wp-json\/wp\/v2\/product_brand?post=752904"},{"taxonomy":"product_cat","embeddable":true,"href":"https:\/\/roveyayinevi.com.tr\/index.php\/wp-json\/wp\/v2\/product_cat?post=752904"},{"taxonomy":"product_tag","embeddable":true,"href":"https:\/\/roveyayinevi.com.tr\/index.php\/wp-json\/wp\/v2\/product_tag?post=752904"}],"curies":[{"name":"wp","href":"https:\/\/api.w.org\/{rel}","templated":true}]}}