{"id":752902,"date":"2025-08-28T05:28:06","date_gmt":"2025-08-28T02:28:06","guid":{"rendered":"https:\/\/roveyayinevi.com.tr\/index.php\/urun\/ukrayna-dunyanin-siyasi-fay-hatti-ukraynanin-dunu-ve-bugunu\/"},"modified":"2026-04-16T03:06:05","modified_gmt":"2026-04-16T00:06:05","slug":"ukrayna-dunyanin-siyasi-fay-hatti-ukraynanin-dunu-ve-bugunu","status":"publish","type":"product","link":"https:\/\/roveyayinevi.com.tr\/index.php\/urun\/ukrayna-dunyanin-siyasi-fay-hatti-ukraynanin-dunu-ve-bugunu\/","title":{"rendered":"Ukrayna D\u00fcnyan\u0131n Siyasi Fay Hatt\u0131 &#8211; Ukrayna&#8217;n\u0131n D\u00fcn\u00fc ve Bug\u00fcn\u00fc"},"content":{"rendered":"<p>Bu kitap T\u00fcrk-Ukrayna ili\u015fkilerinden tutunuz, d\u0131\u015f politikam\u0131z\u0131n Ukrayna\u2019ya bak\u0131\u015f\u0131 ve izledi\u011fi yol, Rusya-Ukrayna meselesi, Ukrayna\u2019n\u0131n b\u00f6lgeleri gibi \u00e7ok say\u0131da konuyu okura sunuyor. Bu kitab\u0131 okurken rahat bir T\u00fcrk\u00e7e ile sorunlar\u0131n \u00e7ok iyi ortaya konuldu\u011funu g\u00f6receksiniz. \u00d6zellikle son 20 y\u0131l\u0131n Ukrayna tarihinin karma\u015f\u0131k safhalar ve ili\u015fkilerini Deniz iyi incelemi\u015f. Burada ba\u015far\u0131l\u0131 bir gazetecinin g\u00f6zlemi ve geni\u015f bilgisi kadar \u2013in\u015fallah- gelecekteki akademisyenin so\u011fukkanl\u0131l\u0131\u011f\u0131 da var. \u201cUkrayna \u2013 D\u00fcnyan\u0131n Siyasi Fay Hatt\u0131\u201d, uygun bir isim. Hele son zamandaki k\u00fcresel gerilim ve neredeyse \u00e7at\u0131\u015fman\u0131n yo\u011fun noktas\u0131 oldu\u011fu i\u00e7in ilgimizi \u00e7ekiyor ve bu kitab\u0131 da ilgili hale getiriyor. T\u00fcrk\u00e7e literat\u00fcr\u00fc i\u00e7in bir kazan\u00e7 oldu\u011funu s\u00f6yleyebilirim. Prof. Dr. \u0130lber Ortayl\u0131 Gazeteci-Yazar Deniz Berktay, \u201cUkraynal\u0131lar kimdir?\u201d, \u201cRusya\u2019yla Ukrayna neden \u00e7at\u0131\u015f\u0131yor?\u201d, \u201cT\u00fcrkiye\u2019yle Ukrayna\u2019n\u0131n ili\u015fkileri nas\u0131l ve ili\u015fkilerin iyi \u015fekilde devam\u0131, hangi \u015fartlara ba\u011fl\u0131?\u201d gibi sorulara kapsaml\u0131 yan\u0131tlar veriyor, g\u00fcndemden d\u00fc\u015fmeyen \u00fclke Ukrayna\u2019y\u0131 tarihsel bir perspektiften ele alarak T\u00fcrk okuruna daha yak\u0131ndan tan\u0131t\u0131yor. <\/p>\n","protected":false},"excerpt":{"rendered":"<p>Bu kitap T\u00fcrk-Ukrayna ili\u015fkilerinden tutunuz, d\u0131\u015f politikam\u0131z\u0131n Ukrayna\u2019ya bak\u0131\u015f\u0131 ve izledi\u011fi yol, Rusya-Ukrayna meselesi, Ukrayna\u2019n\u0131n b\u00f6lgeleri gibi \u00e7ok say\u0131da konuyu okura sunuyor. Bu kitab\u0131 okurken rahat<span class=\"excerpt-hellip\"> [\u2026]<\/span><\/p>\n","protected":false},"featured_media":0,"template":"","meta":{"_monsterinsights_skip_tracking":false,"_monsterinsights_sitenote_active":false,"_monsterinsights_sitenote_note":"","_monsterinsights_sitenote_category":0},"product_brand":[],"product_cat":[13590,12337],"product_tag":[],"class_list":{"0":"post-752902","1":"product","2":"type-product","3":"status-publish","5":"product_cat-arastirma-inceleme-politika-siyaset","6":"product_cat-politika-siyaset","7":"pa_cilt-ciltsiz","8":"pa_tur-kitap","9":"pa_yayinevi-cumhuriyet-kitaplari","10":"pa_yazar-deniz-berktay","12":"first","13":"instock","14":"sale","15":"shipping-taxable","16":"purchasable","17":"product-type-simple"},"_links":{"self":[{"href":"https:\/\/roveyayinevi.com.tr\/index.php\/wp-json\/wp\/v2\/product\/752902","targetHints":{"allow":["GET"]}}],"collection":[{"href":"https:\/\/roveyayinevi.com.tr\/index.php\/wp-json\/wp\/v2\/product"}],"about":[{"href":"https:\/\/roveyayinevi.com.tr\/index.php\/wp-json\/wp\/v2\/types\/product"}],"wp:attachment":[{"href":"https:\/\/roveyayinevi.com.tr\/index.php\/wp-json\/wp\/v2\/media?parent=752902"}],"wp:term":[{"taxonomy":"product_brand","embeddable":true,"href":"https:\/\/roveyayinevi.com.tr\/index.php\/wp-json\/wp\/v2\/product_brand?post=752902"},{"taxonomy":"product_cat","embeddable":true,"href":"https:\/\/roveyayinevi.com.tr\/index.php\/wp-json\/wp\/v2\/product_cat?post=752902"},{"taxonomy":"product_tag","embeddable":true,"href":"https:\/\/roveyayinevi.com.tr\/index.php\/wp-json\/wp\/v2\/product_tag?post=752902"}],"curies":[{"name":"wp","href":"https:\/\/api.w.org\/{rel}","templated":true}]}}