{"id":752901,"date":"2025-08-28T05:28:04","date_gmt":"2025-08-28T02:28:04","guid":{"rendered":"https:\/\/roveyayinevi.com.tr\/index.php\/urun\/guller-ile-piyano\/"},"modified":"2026-04-16T03:06:05","modified_gmt":"2026-04-16T00:06:05","slug":"guller-ile-piyano","status":"publish","type":"product","link":"https:\/\/roveyayinevi.com.tr\/index.php\/urun\/guller-ile-piyano\/","title":{"rendered":"G\u00fcller ile Piyano"},"content":{"rendered":"<p>Bir kad\u0131n\u0131n hayat\u0131n\u0131 de\u011fi\u015ftirmek i\u00e7in ihtiyac\u0131 olan tek \u015fey biraz cesaret biraz da inan\u00e7t\u0131r.   Kelebek ile Keman ve Gelincik ile Ser\u00e7e\u2019nin yazar\u0131 Kristy Cambron, yepyeni ve b\u00fcy\u00fcleyici bir hik\u00e2yeyle d\u00f6n\u00fcyor. 1900\u2019l\u00fc y\u0131llar\u0131n ba\u015flar\u0131nda k\u00fc\u00e7\u00fcc\u00fck bir \u00e7iftlikte, s\u0131radan bir hayat\u0131 ama k\u00fc\u00e7\u00fck bir sigara kutusunda saklad\u0131\u011f\u0131 b\u00fcy\u00fck hayalleri olan Mable, bir g\u00fcn o hayallerin pe\u015fine d\u00fc\u015fmeye karar verir. Bildi\u011fi ya\u015fam\u0131 geride b\u0131rak\u0131p b\u00fcy\u00fck bir cesaretle Chicago\u2019ya geldi\u011finde ise onu bir s\u00fcrpriz beklemektedir: Ringling Sirki\u2019nin \u0131\u015f\u0131lt\u0131l\u0131, ihti\u015faml\u0131 d\u00fcnyas\u0131 ve yak\u0131\u015f\u0131kl\u0131 John Ringling\u2019e ait s\u0131cac\u0131k bir kalp. \u00c7eyrek as\u0131r sonra, Mable\u2019\u0131n durdu\u011fu yol ayr\u0131m\u0131nda bu kez zengin, varl\u0131kl\u0131 bir ailenin k\u0131z\u0131 olan Rosamund Easling durmaktad\u0131r. Ya kendisi i\u00e7in \u00e7izilmi\u015f yolu takip ederek onun i\u00e7in ayarlanm\u0131\u015f olan e\u015f aday\u0131n\u0131 kabul edecek ve hayat\u0131 boyunca g\u00fcven i\u00e7inde ya\u015fayacakt\u0131r ya da hi\u00e7 tan\u0131mad\u0131\u011f\u0131 bir adam\u0131n pe\u015finden Amerika\u2019ya giden bir gemiye binecektir. \u0130\u00e7indeki g\u00fcce inanan Rosamund, ikinci se\u00e7ene\u011fe gider ve sirkin alt\u0131n \u00e7a\u011f\u0131nda parlayan bir y\u0131ld\u0131z olmaya karar verir. Ve yolu \u00fcnl\u00fc Mable Ringling ile kesi\u015fti\u011finde kaderin perdeleri, bu kez onun i\u00e7in ard\u0131na kadar a\u00e7\u0131lacakt\u0131r. <\/p>\n","protected":false},"excerpt":{"rendered":"<p>Bir kad\u0131n\u0131n hayat\u0131n\u0131 de\u011fi\u015ftirmek i\u00e7in ihtiyac\u0131 olan tek \u015fey biraz cesaret biraz da inan\u00e7t\u0131r. Kelebek ile Keman ve Gelincik ile Ser\u00e7e\u2019nin yazar\u0131 Kristy Cambron, yepyeni ve<span class=\"excerpt-hellip\"> [\u2026]<\/span><\/p>\n","protected":false},"featured_media":0,"template":"","meta":{"_monsterinsights_skip_tracking":false,"_monsterinsights_sitenote_active":false,"_monsterinsights_sitenote_note":"","_monsterinsights_sitenote_category":0},"product_brand":[],"product_cat":[12291,12711],"product_tag":[],"class_list":{"0":"post-752901","1":"product","2":"type-product","3":"status-publish","5":"product_cat-edebiyat","6":"product_cat-roman-oyku","7":"pa_cilt-ciltsiz","8":"pa_tur-kitap","9":"pa_yayinevi-arkadya-yayinlari","10":"pa_yazar-kristy-cambron","12":"first","13":"instock","14":"sale","15":"shipping-taxable","16":"purchasable","17":"product-type-simple"},"_links":{"self":[{"href":"https:\/\/roveyayinevi.com.tr\/index.php\/wp-json\/wp\/v2\/product\/752901","targetHints":{"allow":["GET"]}}],"collection":[{"href":"https:\/\/roveyayinevi.com.tr\/index.php\/wp-json\/wp\/v2\/product"}],"about":[{"href":"https:\/\/roveyayinevi.com.tr\/index.php\/wp-json\/wp\/v2\/types\/product"}],"wp:attachment":[{"href":"https:\/\/roveyayinevi.com.tr\/index.php\/wp-json\/wp\/v2\/media?parent=752901"}],"wp:term":[{"taxonomy":"product_brand","embeddable":true,"href":"https:\/\/roveyayinevi.com.tr\/index.php\/wp-json\/wp\/v2\/product_brand?post=752901"},{"taxonomy":"product_cat","embeddable":true,"href":"https:\/\/roveyayinevi.com.tr\/index.php\/wp-json\/wp\/v2\/product_cat?post=752901"},{"taxonomy":"product_tag","embeddable":true,"href":"https:\/\/roveyayinevi.com.tr\/index.php\/wp-json\/wp\/v2\/product_tag?post=752901"}],"curies":[{"name":"wp","href":"https:\/\/api.w.org\/{rel}","templated":true}]}}