{"id":752898,"date":"2025-08-28T05:28:00","date_gmt":"2025-08-28T02:28:00","guid":{"rendered":"https:\/\/roveyayinevi.com.tr\/index.php\/urun\/dusunceni-degistir-hayatin-degissin\/"},"modified":"2026-04-03T03:08:11","modified_gmt":"2026-04-03T00:08:11","slug":"dusunceni-degistir-hayatin-degissin","status":"publish","type":"product","link":"https:\/\/roveyayinevi.com.tr\/index.php\/urun\/dusunceni-degistir-hayatin-degissin\/","title":{"rendered":"D\u00fc\u015f\u00fcnceni De\u011fi\u015ftir Hayat\u0131n De\u011fi\u015fsin"},"content":{"rendered":"<p>\u201cHi\u00e7birimiz ko\u015fullar\u0131m\u0131z\u0131n kurban\u0131 de\u011filiz.Aksine hepimizin kendi ger\u00e7ekli\u011fimizi yaratmave kendi kaderimizi belirleme g\u00fcc\u00fc var.\u201dBu kitap size zihin yasalar\u0131n\u0131n temellerini a\u00e7\u0131klarken;rahatlamaya, \u00f6zg\u00fcvene, sa\u011fl\u0131\u011fa ve esenli\u011fe, zenginli\u011fe,ba\u015far\u0131ya ve uyumlu ili\u015fkilere giden pozitif d\u00fc\u015f\u00fcnceyihayat\u0131n\u0131za nas\u0131l dahil edece\u011finizi \u00f6\u011fretecek. B\u00f6ylecehayat\u0131n\u0131z\u0131n efendisi olabileceksiniz.Arzu etti\u011finiz, hayal edip inand\u0131\u011f\u0131n\u0131z her \u015feyi olmak,yapmak ve almak i\u00e7in kendi zihninizin g\u00fcc\u00fcn\u00fc vesizi \u00e7evreleyen sonsuz kaynaklar\u0131 kullan\u0131n. Daha mutlu,daha zengin ve daha tatmin edici bir ya\u015fam s\u00fcrmek i\u00e7inD\u00dc\u015e\u00dcNCEN\u0130 DE\u011e\u0130\u015eT\u0130R HAYATIN DE\u011e\u0130\u015eS\u0130N\u2019in ki\u015fiselrehberiniz olmas\u0131na izin verin. Korku, \u015f\u00fcphe ve endi\u015fenin\u00fcstesinden gelmek, olumsuz d\u00fc\u015f\u00fcnceleri olumlularlade\u011fi\u015ftirmek, bol paraya ve dengeye kavu\u015fmak, huzurlu,sevgi dolu, verimli ili\u015fkiler s\u00fcrd\u00fcrmek, v\u00fccudunuzuiyile\u015ftirip sa\u011fl\u0131kl\u0131 bir bedene ula\u015fmak, hayat\u0131n tad\u0131n\u0131daha fazla \u00e7\u0131karmak, psi\u015fik yeteneklerinize duyarl\u0131 halegelmek ve bunlar\u0131 geli\u015ftirmek i\u00e7in&#8230;Bilin\u00e7alt\u0131n\u0131n g\u00fcc\u00fc k\u0131tl\u0131\u011f\u0131 bollukla, hastal\u0131\u011f\u0131 sa\u011fl\u0131klave \u00fcz\u00fcnt\u00fcy\u00fc ne\u015feyle de\u011fi\u015ftirecek kadar kudretlidir. <\/p>\n","protected":false},"excerpt":{"rendered":"<p>\u201cHi\u00e7birimiz ko\u015fullar\u0131m\u0131z\u0131n kurban\u0131 de\u011filiz.Aksine hepimizin kendi ger\u00e7ekli\u011fimizi yaratmave kendi kaderimizi belirleme g\u00fcc\u00fc var.\u201dBu kitap size zihin yasalar\u0131n\u0131n temellerini a\u00e7\u0131klarken;rahatlamaya, \u00f6zg\u00fcvene, sa\u011fl\u0131\u011fa ve esenli\u011fe, zenginli\u011fe,ba\u015far\u0131ya ve uyumlu<span class=\"excerpt-hellip\"> [\u2026]<\/span><\/p>\n","protected":false},"featured_media":0,"template":"","meta":{"_monsterinsights_skip_tracking":false,"_monsterinsights_sitenote_active":false,"_monsterinsights_sitenote_note":"","_monsterinsights_sitenote_category":0},"product_brand":[],"product_cat":[12364,12376],"product_tag":[],"class_list":{"0":"post-752898","1":"product","2":"type-product","3":"status-publish","5":"product_cat-genel-konular","6":"product_cat-kisisel-gelisim","7":"pa_cilt-ciltsiz","8":"pa_tur-kitap","9":"pa_yayinevi-nemesis-kitap","10":"pa_yazar-joseph-murphy","12":"first","13":"instock","14":"sale","15":"shipping-taxable","16":"purchasable","17":"product-type-simple"},"_links":{"self":[{"href":"https:\/\/roveyayinevi.com.tr\/index.php\/wp-json\/wp\/v2\/product\/752898","targetHints":{"allow":["GET"]}}],"collection":[{"href":"https:\/\/roveyayinevi.com.tr\/index.php\/wp-json\/wp\/v2\/product"}],"about":[{"href":"https:\/\/roveyayinevi.com.tr\/index.php\/wp-json\/wp\/v2\/types\/product"}],"wp:attachment":[{"href":"https:\/\/roveyayinevi.com.tr\/index.php\/wp-json\/wp\/v2\/media?parent=752898"}],"wp:term":[{"taxonomy":"product_brand","embeddable":true,"href":"https:\/\/roveyayinevi.com.tr\/index.php\/wp-json\/wp\/v2\/product_brand?post=752898"},{"taxonomy":"product_cat","embeddable":true,"href":"https:\/\/roveyayinevi.com.tr\/index.php\/wp-json\/wp\/v2\/product_cat?post=752898"},{"taxonomy":"product_tag","embeddable":true,"href":"https:\/\/roveyayinevi.com.tr\/index.php\/wp-json\/wp\/v2\/product_tag?post=752898"}],"curies":[{"name":"wp","href":"https:\/\/api.w.org\/{rel}","templated":true}]}}