{"id":752895,"date":"2025-08-28T05:27:54","date_gmt":"2025-08-28T02:27:54","guid":{"rendered":"https:\/\/roveyayinevi.com.tr\/index.php\/urun\/eylulde-dort-yil\/"},"modified":"2026-04-16T03:06:05","modified_gmt":"2026-04-16T00:06:05","slug":"eylulde-dort-yil","status":"publish","type":"product","link":"https:\/\/roveyayinevi.com.tr\/index.php\/urun\/eylulde-dort-yil\/","title":{"rendered":"Eyl\u00fclde D\u00f6rt Y\u0131l"},"content":{"rendered":"<p>2016 y\u0131l\u0131ndaki ilk bask\u0131s\u0131 VAK\u0130T HAZAN ismiyle yap\u0131lan ve 1918-1922 y\u0131llar\u0131 aras\u0131nda ge\u00e7en bu roman, Milli M\u00fccadele D\u00f6nemi\u2019nde vatan\u0131n geldi\u011fi durumu ve Handan isimli ba\u015fkahraman\u0131n bir kad\u0131n olarak ya\u015fad\u0131\u011f\u0131 stat\u00fc karma\u015fas\u0131nda kendini bulma yolculu\u011funu konu ediyor.Handan, babas\u0131 ve \u00e7ok sevdi\u011fi yard\u0131mc\u0131lar\u0131 Ay\u015fe ile beraber ya\u015famaktad\u0131r. Annesi o k\u00fc\u00e7\u00fckken vefat etmi\u015f, kendisi Ay\u015fe ile birlikte b\u00fcy\u00fcm\u00fc\u015ft\u00fcr. Handan\u2019\u0131n annesi, Osmanl\u0131 kad\u0131n\u0131 temsiline \u00e7ok da uymayan, ilerici, g\u00fcnl\u00fck ya\u015famda kendini var edebilen biridir. Fakat bu \u00f6zellikleri k\u0131z\u0131na pek tesir etmemi\u015f, babaannesinin de etkisiyle kendi tan\u0131m\u0131na g\u00f6re annesinden daha \u201cgeri kafal\u0131\u201d biri olmu\u015ftur. Bir Osmanl\u0131 Pa\u015fas\u0131 olan babas\u0131ysa \u00e7a\u011fda\u015flar\u0131n\u0131n aksine, k\u0131z\u0131n\u0131n iyi bir e\u011fitim almas\u0131na, kendini geli\u015ftirmesine destek olan, a\u00e7\u0131k g\u00f6r\u00fc\u015fl\u00fc bir ki\u015fidir.Handan b\u00fcy\u00fcy\u00fcp bir gen\u00e7 k\u0131z oldu\u011funda \u00fclkede bulunan i\u015fgal kuvvetleri dolay\u0131s\u0131yla halk ikiye b\u00f6l\u00fcnm\u00fc\u015f vaziyettedir. Kimi Mustafa Kemal\u2019i ve direni\u015fi desteklerken kimi de Padi\u015fah\u2019\u0131n yan\u0131nda yer al\u0131r. \u00d6te yandan, i\u015fgal kuvvetlerinin kazanmas\u0131n\u0131 isteyenler de yok de\u011fildir. Handan ise babas\u0131n\u0131n aksine, i\u00e7ten i\u00e7e direni\u015fi desteklemektedir. Verdi\u011fi bu karar, t\u0131pk\u0131 hik\u00e2yenin di\u011fer akt\u00f6rleri gibi Handan\u2019\u0131n hayat\u0131n\u0131 da onulmaz \u015fekilde de\u011fi\u015ftirecektir\u2026Kitaplar\u0131 onlarca dile \u00e7evrilen Asl\u0131 Perker, Osmanl\u0131\u2019n\u0131n belirsizliklerle \u00f6r\u00fcl\u00fc son g\u00fcnlerini arka plana yerle\u015ftirdi\u011fi bu kitapla, ya\u015fad\u0131\u011f\u0131m\u0131z topraklar\u0131n ge\u00e7mi\u015fini bilen herkesi etkileyecek bir tarihi kurgu yarat\u0131yor.<\/p>\n","protected":false},"excerpt":{"rendered":"<p>2016 y\u0131l\u0131ndaki ilk bask\u0131s\u0131 VAK\u0130T HAZAN ismiyle yap\u0131lan ve 1918-1922 y\u0131llar\u0131 aras\u0131nda ge\u00e7en bu roman, Milli M\u00fccadele D\u00f6nemi\u2019nde vatan\u0131n geldi\u011fi durumu ve Handan isimli ba\u015fkahraman\u0131n bir<span class=\"excerpt-hellip\"> [\u2026]<\/span><\/p>\n","protected":false},"featured_media":0,"template":"","meta":{"_monsterinsights_skip_tracking":false,"_monsterinsights_sitenote_active":false,"_monsterinsights_sitenote_note":"","_monsterinsights_sitenote_category":0},"product_brand":[],"product_cat":[12291,12711],"product_tag":[],"class_list":{"0":"post-752895","1":"product","2":"type-product","3":"status-publish","5":"product_cat-edebiyat","6":"product_cat-roman-oyku","7":"pa_cilt-ciltsiz","8":"pa_tur-kitap","9":"pa_yayinevi-epsilon-yayinlari","10":"pa_yazar-asli-perker","12":"first","13":"instock","14":"sale","15":"shipping-taxable","16":"purchasable","17":"product-type-simple"},"_links":{"self":[{"href":"https:\/\/roveyayinevi.com.tr\/index.php\/wp-json\/wp\/v2\/product\/752895","targetHints":{"allow":["GET"]}}],"collection":[{"href":"https:\/\/roveyayinevi.com.tr\/index.php\/wp-json\/wp\/v2\/product"}],"about":[{"href":"https:\/\/roveyayinevi.com.tr\/index.php\/wp-json\/wp\/v2\/types\/product"}],"wp:attachment":[{"href":"https:\/\/roveyayinevi.com.tr\/index.php\/wp-json\/wp\/v2\/media?parent=752895"}],"wp:term":[{"taxonomy":"product_brand","embeddable":true,"href":"https:\/\/roveyayinevi.com.tr\/index.php\/wp-json\/wp\/v2\/product_brand?post=752895"},{"taxonomy":"product_cat","embeddable":true,"href":"https:\/\/roveyayinevi.com.tr\/index.php\/wp-json\/wp\/v2\/product_cat?post=752895"},{"taxonomy":"product_tag","embeddable":true,"href":"https:\/\/roveyayinevi.com.tr\/index.php\/wp-json\/wp\/v2\/product_tag?post=752895"}],"curies":[{"name":"wp","href":"https:\/\/api.w.org\/{rel}","templated":true}]}}