{"id":752894,"date":"2025-08-28T05:27:53","date_gmt":"2025-08-28T02:27:53","guid":{"rendered":"https:\/\/roveyayinevi.com.tr\/index.php\/urun\/kisaca-barcelona\/"},"modified":"2026-04-16T03:06:05","modified_gmt":"2026-04-16T00:06:05","slug":"kisaca-barcelona","status":"publish","type":"product","link":"https:\/\/roveyayinevi.com.tr\/index.php\/urun\/kisaca-barcelona\/","title":{"rendered":"K\u0131saca Barcelona"},"content":{"rendered":"<p>Barcelona yakla\u015f\u0131k iki bin y\u0131ld\u0131r yerle\u015fim yeri olarak varl\u0131\u011f\u0131n\u0131 s\u00fcrd\u00fcr\u00fcyor. \u015eehir Orta \u00c7a\u011f ve R\u00f6nesans d\u00f6nemlerinde bir ticaret metropol\u00fc ve imparatorluk ba\u015fkenti olarak k\u00fcresel bir g\u00fcce ula\u015ft\u0131. Bu g\u00fcc\u00fc yitirdi\u011fi d\u00f6nemlerde \u0130spanyol devletiyle olan uzun m\u00fccadelenin ard\u0131ndan 18. ve 19. y\u00fczy\u0131llarda ayn\u0131 konumunu yeniden elde eden Barcelona modern planlaman\u0131n yan\u0131nda Gaudi ve \u00e7e\u015fitli sanat\u00e7\u0131lar\u0131n eserleriyle bir k\u00fclt\u00fcr merkezi haline de ula\u015ft\u0131. 20. y\u00fczy\u0131l ba\u015flar\u0131nda devrimcilerin ve anar\u015fistlerin evi olan Barcelona \u0130\u00e7 Sava\u015f ve Franco d\u00f6neminin bask\u0131lar\u0131yla kar\u015f\u0131 kar\u015f\u0131ya kald\u0131. G\u00fcn\u00fcm\u00fczde yarat\u0131c\u0131l\u0131k ve \u00e7at\u0131\u015fma Barcelona\u2019y\u0131 \u015fekillendirmeye devam ediyor. Sosyal ve k\u00fclt\u00fcrel ak\u0131mlar\u0131 bu \u00e7ok katmanl\u0131 \u015fehrin zengin mimari ve deneyimsel miras\u0131na ba\u011flayan McDonogh ve Martinez-Rigol Barcelona\u2019n\u0131n gizli tarihini hem ziyaret\u00e7ilere hem de kentin sakinlerine a\u00e7\u0131kl\u0131yor. \u00dcnl\u00fc mimar Antoni Gaudi\u2019nin \u015faheseri Sagrada Familia\u2019n\u0131n s\u00fcrrealist kemerleri\u2026 Futbolun efsane tak\u0131m\u0131 Bar\u00e7a\u2019n\u0131n bordo-lacivert renkleri\u2026 Tarihi La Rambla sokaklar\u0131 ve \u015fehrin tam merkezinde yer alan Mercat de la Boqueria pazar yeri\u2026 Picasso M\u00fczesi\u2026 ya da sadece e\u015fsiz kumsal\u0131 ve yeme-i\u00e7me k\u00fclt\u00fcr\u00fcyle Barcelona\u2026 <\/p>\n","protected":false},"excerpt":{"rendered":"<p>Barcelona yakla\u015f\u0131k iki bin y\u0131ld\u0131r yerle\u015fim yeri olarak varl\u0131\u011f\u0131n\u0131 s\u00fcrd\u00fcr\u00fcyor. \u015eehir Orta \u00c7a\u011f ve R\u00f6nesans d\u00f6nemlerinde bir ticaret metropol\u00fc ve imparatorluk ba\u015fkenti olarak k\u00fcresel bir g\u00fcce<span class=\"excerpt-hellip\"> [\u2026]<\/span><\/p>\n","protected":false},"featured_media":0,"template":"","meta":{"_monsterinsights_skip_tracking":false,"_monsterinsights_sitenote_active":false,"_monsterinsights_sitenote_note":"","_monsterinsights_sitenote_category":0},"product_brand":[],"product_cat":[12312,12304],"product_tag":[],"class_list":{"0":"post-752894","1":"product","2":"type-product","3":"status-publish","5":"product_cat-diger","6":"product_cat-tarih","7":"pa_cilt-ciltsiz","8":"pa_tur-kitap","9":"pa_yayinevi-say-yayinlari","10":"pa_yazar-gary-mcdonogh-sergi-martinez-rigol","12":"first","13":"instock","14":"sale","15":"shipping-taxable","16":"purchasable","17":"product-type-simple"},"_links":{"self":[{"href":"https:\/\/roveyayinevi.com.tr\/index.php\/wp-json\/wp\/v2\/product\/752894","targetHints":{"allow":["GET"]}}],"collection":[{"href":"https:\/\/roveyayinevi.com.tr\/index.php\/wp-json\/wp\/v2\/product"}],"about":[{"href":"https:\/\/roveyayinevi.com.tr\/index.php\/wp-json\/wp\/v2\/types\/product"}],"wp:attachment":[{"href":"https:\/\/roveyayinevi.com.tr\/index.php\/wp-json\/wp\/v2\/media?parent=752894"}],"wp:term":[{"taxonomy":"product_brand","embeddable":true,"href":"https:\/\/roveyayinevi.com.tr\/index.php\/wp-json\/wp\/v2\/product_brand?post=752894"},{"taxonomy":"product_cat","embeddable":true,"href":"https:\/\/roveyayinevi.com.tr\/index.php\/wp-json\/wp\/v2\/product_cat?post=752894"},{"taxonomy":"product_tag","embeddable":true,"href":"https:\/\/roveyayinevi.com.tr\/index.php\/wp-json\/wp\/v2\/product_tag?post=752894"}],"curies":[{"name":"wp","href":"https:\/\/api.w.org\/{rel}","templated":true}]}}