{"id":752893,"date":"2025-08-28T05:27:52","date_gmt":"2025-08-28T02:27:52","guid":{"rendered":"https:\/\/roveyayinevi.com.tr\/index.php\/urun\/pavlovun-kopeklerinden-stanford-mahkumlarina-en-carpici-psikoloji-deneyleri\/"},"modified":"2026-04-16T03:06:05","modified_gmt":"2026-04-16T00:06:05","slug":"pavlovun-kopeklerinden-stanford-mahkumlarina-en-carpici-psikoloji-deneyleri","status":"publish","type":"product","link":"https:\/\/roveyayinevi.com.tr\/index.php\/urun\/pavlovun-kopeklerinden-stanford-mahkumlarina-en-carpici-psikoloji-deneyleri\/","title":{"rendered":"Pavlov\u2019un K\u00f6peklerinden Stanford Mahkumlar\u0131na En \u00c7arp\u0131c\u0131 Psikoloji Deneyleri"},"content":{"rendered":"<p>Laboratuvarlar\u0131 ve amfileri unutun. Evde kendi psikoloji deneylerinizi yapabilirsiniz! Pavlov\u2019un k\u00f6pekleri, Skinner\u2019\u0131n kutusu, Stanford mahk\u00fbmlar\u0131 gibi \u00fcnl\u00fc psikoloji deneyleri bilimin insan davran\u0131\u015f\u0131na olan bak\u0131\u015f a\u00e7\u0131s\u0131n\u0131 de\u011fi\u015ftirdi. Peki ama bu testler ger\u00e7ekte nas\u0131l i\u015fliyor? Psikoloji Deneyleri bu teorileri ve deneyleri kendi ba\u015f\u0131n\u0131za nas\u0131l test edece\u011finizi g\u00f6steren \u00e7arp\u0131c\u0131 bir rehber. Pop\u00fcler bir podcast olan The Psych Files\u2019\u0131n yarat\u0131c\u0131s\u0131 Dr. Michael A. Britt\u2019in uzmanl\u0131\u011f\u0131nda yalan s\u00f6yleyenleri tespit etmenin t\u00fcrl\u00fc yollar\u0131n\u0131, k\u0131rm\u0131z\u0131 rengin sat\u0131n alma \u00fczerindeki etkisini, daha fazla bah\u015fi\u015f kapmak i\u00e7in neler yapman\u0131z gerekti\u011fini, neden hi\u00e7 olmam\u0131\u015f \u015feyleri hat\u0131rlad\u0131\u011f\u0131m\u0131z\u0131, iste\u011fimizin d\u0131\u015f\u0131nda nas\u0131l daha fazla para harcamaya y\u00f6nlendirildi\u011fimizi ve \u00e7ok daha fazlas\u0131n\u0131 ke\u015ffedeceksiniz. Bu keyifli kitap psikoloji tarihini sadece okuman\u0131z\u0131 de\u011fil ayn\u0131 zamanda onu deneyimlemenizi sa\u011fl\u0131yor. <\/p>\n","protected":false},"excerpt":{"rendered":"<p>Laboratuvarlar\u0131 ve amfileri unutun. Evde kendi psikoloji deneylerinizi yapabilirsiniz! Pavlov\u2019un k\u00f6pekleri, Skinner\u2019\u0131n kutusu, Stanford mahk\u00fbmlar\u0131 gibi \u00fcnl\u00fc psikoloji deneyleri bilimin insan davran\u0131\u015f\u0131na olan bak\u0131\u015f a\u00e7\u0131s\u0131n\u0131 de\u011fi\u015ftirdi.<span class=\"excerpt-hellip\"> [\u2026]<\/span><\/p>\n","protected":false},"featured_media":0,"template":"","meta":{"_monsterinsights_skip_tracking":false,"_monsterinsights_sitenote_active":false,"_monsterinsights_sitenote_note":"","_monsterinsights_sitenote_category":0},"product_brand":[],"product_cat":[12358,12357],"product_tag":[],"class_list":{"0":"post-752893","1":"product","2":"type-product","3":"status-publish","5":"product_cat-genel-psikoloji","6":"product_cat-psikoloji","7":"pa_cilt-ciltsiz","8":"pa_tur-kitap","9":"pa_yayinevi-say-yayinlari","10":"pa_yazar-michael-a-britt","12":"first","13":"instock","14":"sale","15":"shipping-taxable","16":"purchasable","17":"product-type-simple"},"_links":{"self":[{"href":"https:\/\/roveyayinevi.com.tr\/index.php\/wp-json\/wp\/v2\/product\/752893","targetHints":{"allow":["GET"]}}],"collection":[{"href":"https:\/\/roveyayinevi.com.tr\/index.php\/wp-json\/wp\/v2\/product"}],"about":[{"href":"https:\/\/roveyayinevi.com.tr\/index.php\/wp-json\/wp\/v2\/types\/product"}],"wp:attachment":[{"href":"https:\/\/roveyayinevi.com.tr\/index.php\/wp-json\/wp\/v2\/media?parent=752893"}],"wp:term":[{"taxonomy":"product_brand","embeddable":true,"href":"https:\/\/roveyayinevi.com.tr\/index.php\/wp-json\/wp\/v2\/product_brand?post=752893"},{"taxonomy":"product_cat","embeddable":true,"href":"https:\/\/roveyayinevi.com.tr\/index.php\/wp-json\/wp\/v2\/product_cat?post=752893"},{"taxonomy":"product_tag","embeddable":true,"href":"https:\/\/roveyayinevi.com.tr\/index.php\/wp-json\/wp\/v2\/product_tag?post=752893"}],"curies":[{"name":"wp","href":"https:\/\/api.w.org\/{rel}","templated":true}]}}