{"id":752892,"date":"2025-08-28T05:27:50","date_gmt":"2025-08-28T02:27:50","guid":{"rendered":"https:\/\/roveyayinevi.com.tr\/index.php\/urun\/kayip-aklin-pesinde\/"},"modified":"2026-04-16T03:06:05","modified_gmt":"2026-04-16T00:06:05","slug":"kayip-aklin-pesinde","status":"publish","type":"product","link":"https:\/\/roveyayinevi.com.tr\/index.php\/urun\/kayip-aklin-pesinde\/","title":{"rendered":"Kay\u0131p Akl\u0131n Pe\u015finde"},"content":{"rendered":"<p>Modern n\u00f6ropsikolojinin kurucusu olarak bilinen Aleksandr Luriya\u2019n\u0131n neredeyse 30 y\u0131ll\u0131k ara\u015ft\u0131rmas\u0131n\u0131n \u00fcr\u00fcn\u00fc olan bu kitap, haf\u0131zas\u0131n\u0131 kaybeden bir adam\u0131n zihinsel becerilerini yeniden kazanmak i\u00e7in verdi\u011fi kahramanca m\u00fccadelenin portresidir. \u0130kinci D\u00fcnya Sava\u015f\u0131 s\u0131ras\u0131nda ba\u015f\u0131na \u015farapnel isabet etmesi sonucu beyninin sol taraf\u0131 a\u011f\u0131r hasar alan Rus asker Zasetski kendisini birdenbire korkutucu bir d\u00fcnyan\u0131n i\u00e7inde bulmu\u015ftur: \u00c7ocuklu\u011funu hat\u0131rlayabilse de yak\u0131n ge\u00e7mi\u015fini hat\u0131rlayamaz; g\u00f6r\u00fc\u015f alan\u0131n\u0131n yar\u0131s\u0131 yok olur; konu\u015fmakta, okumakta ve yazmakta b\u00fcy\u00fck g\u00fc\u00e7l\u00fck \u00e7eker. Fakat ge\u00e7mi\u015fini ve benli\u011fini kurtarmak i\u00e7in inan\u0131lmaz bir \u00e7aba g\u00f6stererek, okumakta zorland\u0131\u011f\u0131 3000 sayfal\u0131k bir g\u00fcnl\u00fck yazar. \u0130\u015fte Aleksandr Luriya\u2019n\u0131n Zasetski\u2019nin g\u00fcnl\u00fc\u011f\u00fcnden yola \u00e7\u0131k\u0131p beynin yap\u0131s\u0131 ve i\u015flevlerine dair bir vaka analizi olarak yazd\u0131\u011f\u0131 Kay\u0131p Akl\u0131n Pe\u015finde bu gen\u00e7 askerin zorlu tedavisinin ola\u011fan\u00fcst\u00fc hik\u00e2yesidir.   *** \u201cSahiden de Luriya\u2019n\u0131n vaka hik\u00e2yeleri hassasl\u0131klar\u0131, canl\u0131l\u0131klar\u0131, zenginlikleri ve ayr\u0131nt\u0131 derinlikleriyle sadece Freud\u2019unkiyle k\u0131yaslanabilir.\u201d \u2014Oliver Sacks (Kar\u0131s\u0131n\u0131 \u015eapka Sanan Adam adl\u0131 kitab\u0131n yazar\u0131)   \u201cBu ola\u011fan\u00fcst\u00fc bir metin; yal\u0131nl\u0131\u011f\u0131, ac\u0131s\u0131 ve amans\u0131z kararl\u0131l\u0131\u011f\u0131yla etkileyici.\u201d \u2014Newsweek   \u201cBu k\u00fc\u00e7\u00fck kitap bir klasik haline gelecek.\u201d \u2014Library Journal <\/p>\n","protected":false},"excerpt":{"rendered":"<p>Modern n\u00f6ropsikolojinin kurucusu olarak bilinen Aleksandr Luriya\u2019n\u0131n neredeyse 30 y\u0131ll\u0131k ara\u015ft\u0131rmas\u0131n\u0131n \u00fcr\u00fcn\u00fc olan bu kitap, haf\u0131zas\u0131n\u0131 kaybeden bir adam\u0131n zihinsel becerilerini yeniden kazanmak i\u00e7in verdi\u011fi kahramanca<span class=\"excerpt-hellip\"> [\u2026]<\/span><\/p>\n","protected":false},"featured_media":0,"template":"","meta":{"_monsterinsights_skip_tracking":false,"_monsterinsights_sitenote_active":false,"_monsterinsights_sitenote_note":"","_monsterinsights_sitenote_category":0},"product_brand":[],"product_cat":[12291,12711],"product_tag":[],"class_list":{"0":"post-752892","1":"product","2":"type-product","3":"status-publish","5":"product_cat-edebiyat","6":"product_cat-roman-oyku","7":"pa_cilt-ciltsiz","8":"pa_tur-kitap","9":"pa_yayinevi-say-yayinlari","10":"pa_yazar-aleksandr-r-luriya","12":"first","13":"instock","14":"sale","15":"shipping-taxable","16":"purchasable","17":"product-type-simple"},"_links":{"self":[{"href":"https:\/\/roveyayinevi.com.tr\/index.php\/wp-json\/wp\/v2\/product\/752892","targetHints":{"allow":["GET"]}}],"collection":[{"href":"https:\/\/roveyayinevi.com.tr\/index.php\/wp-json\/wp\/v2\/product"}],"about":[{"href":"https:\/\/roveyayinevi.com.tr\/index.php\/wp-json\/wp\/v2\/types\/product"}],"wp:attachment":[{"href":"https:\/\/roveyayinevi.com.tr\/index.php\/wp-json\/wp\/v2\/media?parent=752892"}],"wp:term":[{"taxonomy":"product_brand","embeddable":true,"href":"https:\/\/roveyayinevi.com.tr\/index.php\/wp-json\/wp\/v2\/product_brand?post=752892"},{"taxonomy":"product_cat","embeddable":true,"href":"https:\/\/roveyayinevi.com.tr\/index.php\/wp-json\/wp\/v2\/product_cat?post=752892"},{"taxonomy":"product_tag","embeddable":true,"href":"https:\/\/roveyayinevi.com.tr\/index.php\/wp-json\/wp\/v2\/product_tag?post=752892"}],"curies":[{"name":"wp","href":"https:\/\/api.w.org\/{rel}","templated":true}]}}