{"id":752891,"date":"2025-08-28T05:27:48","date_gmt":"2025-08-28T02:27:48","guid":{"rendered":"https:\/\/roveyayinevi.com.tr\/index.php\/urun\/anime-ve-manga-karakterleri-kendiniz-tasarlayin\/"},"modified":"2026-03-12T03:14:39","modified_gmt":"2026-03-12T00:14:39","slug":"anime-ve-manga-karakterleri-kendiniz-tasarlayin","status":"publish","type":"product","link":"https:\/\/roveyayinevi.com.tr\/index.php\/urun\/anime-ve-manga-karakterleri-kendiniz-tasarlayin\/","title":{"rendered":"Anime ve Manga Karakterleri Kendiniz Tasarlay\u0131n"},"content":{"rendered":"<p>BA\u015eARILI B\u0130R AN\u0130ME &amp; MANGA KARAKTER\u0130 \u00c7\u0130Z\u0130M\u0130 \u0130\u00c7\u0130N Anime ve Manga Karakterini Kendin Tasarla ile \u00fcnl\u00fc konsept sanat\u00e7\u0131s\u0131 TB Choi\u2019den bu pop\u00fcler t\u00fcrlerde karakterlerin nas\u0131l tasarland\u0131\u011f\u0131n\u0131 \u00f6\u011freneceksin. \u00b7         KARAKTER OLU\u015eTURMA, \u0130nsan anatomisine dair bilgileri ve oran-orant\u0131y\u0131 kullanarak tepeden t\u0131rna\u011fa yeni bir karakter olu\u015ftur. \u00b7         \u0130FADE VE DURU\u015eLARDA B\u0130\u00c7\u0130MLER\u0130 BAS\u0130TLE\u015eT\u0130RME, Farkl\u0131 a\u00e7\u0131lardan etkili duru\u015flar ve ifadeler yaratmak i\u00e7in bi\u00e7imleri sadele\u015ftir. \u00b7         SA\u00c7, G\u0130YS\u0130 VE AKSASUAR \u00c7\u0130Z\u0130M\u0130, \u00c7izimine \u00f6zg\u00fcn detaylar ekleyerek hik\u00e2yeni zenginle\u015ftirip karakterini destekle. \u00b7         BOYUT, DUYGU VE KARAKTER KATMA, \u00c7izgi, g\u00f6lge ve bi\u00e7im kullan\u0131m\u0131n\u0131 geli\u015ftirerek g\u00f6rsel \u00e7e\u015fitlilik, derinlik ve duygu kat. \u00b7         EVC\u0130L HAYVANLAR, CH\u0130B\u0130\u2019LER VE YAN KARAKTERLER, Evcil hayvanlar, Chibi\u2019ler ve kurgu karakterler yarat. \u00b7         ALI\u015eTIRMA: KARAKTER TASARIMI VE \u00c7\u0130Z\u0130M\u0130, \u00d6zg\u00fcn bir karakter tasarlamak i\u00e7in taslaklardan nihai \u00e7izime kadar basit y\u00f6ntemleri \u00f6\u011fren. Ad\u0131m ad\u0131m uygulamalar ve i\u015fin uzman\u0131ndan tavsiyelerle dolu Anime ve Manga Karakterini Kendin Tasarla sana \u00f6zg\u00fcn bir karakter yaratmak i\u00e7in ihtiyac\u0131n olan her \u015feyi sunuyor. <\/p>\n","protected":false},"excerpt":{"rendered":"<p>BA\u015eARILI B\u0130R AN\u0130ME &amp; MANGA KARAKTER\u0130 \u00c7\u0130Z\u0130M\u0130 \u0130\u00c7\u0130N Anime ve Manga Karakterini Kendin Tasarla ile \u00fcnl\u00fc konsept sanat\u00e7\u0131s\u0131 TB Choi\u2019den bu pop\u00fcler t\u00fcrlerde karakterlerin nas\u0131l tasarland\u0131\u011f\u0131n\u0131<span class=\"excerpt-hellip\"> [\u2026]<\/span><\/p>\n","protected":false},"featured_media":0,"template":"","meta":{"_monsterinsights_skip_tracking":false,"_monsterinsights_sitenote_active":false,"_monsterinsights_sitenote_note":"","_monsterinsights_sitenote_category":0},"product_brand":[],"product_cat":[12274,12631],"product_tag":[],"class_list":{"0":"post-752891","1":"product","2":"type-product","3":"status-publish","5":"product_cat-cocuk-ve-genclik-kitaplari","6":"product_cat-diger-cocuk-ve-genclik-kitaplari","7":"pa_cilt-ciltsiz","8":"pa_tur-kitap","9":"pa_yayinevi-hayalperest-yayinlari","10":"pa_yazar-tb-choi","12":"first","13":"instock","14":"sale","15":"shipping-taxable","16":"purchasable","17":"product-type-simple"},"_links":{"self":[{"href":"https:\/\/roveyayinevi.com.tr\/index.php\/wp-json\/wp\/v2\/product\/752891","targetHints":{"allow":["GET"]}}],"collection":[{"href":"https:\/\/roveyayinevi.com.tr\/index.php\/wp-json\/wp\/v2\/product"}],"about":[{"href":"https:\/\/roveyayinevi.com.tr\/index.php\/wp-json\/wp\/v2\/types\/product"}],"wp:attachment":[{"href":"https:\/\/roveyayinevi.com.tr\/index.php\/wp-json\/wp\/v2\/media?parent=752891"}],"wp:term":[{"taxonomy":"product_brand","embeddable":true,"href":"https:\/\/roveyayinevi.com.tr\/index.php\/wp-json\/wp\/v2\/product_brand?post=752891"},{"taxonomy":"product_cat","embeddable":true,"href":"https:\/\/roveyayinevi.com.tr\/index.php\/wp-json\/wp\/v2\/product_cat?post=752891"},{"taxonomy":"product_tag","embeddable":true,"href":"https:\/\/roveyayinevi.com.tr\/index.php\/wp-json\/wp\/v2\/product_tag?post=752891"}],"curies":[{"name":"wp","href":"https:\/\/api.w.org\/{rel}","templated":true}]}}