{"id":752890,"date":"2025-08-28T05:27:47","date_gmt":"2025-08-28T02:27:47","guid":{"rendered":"https:\/\/roveyayinevi.com.tr\/index.php\/urun\/turkiyede-sanatin-tarihi-muze\/"},"modified":"2026-04-16T03:06:05","modified_gmt":"2026-04-16T00:06:05","slug":"turkiyede-sanatin-tarihi-muze","status":"publish","type":"product","link":"https:\/\/roveyayinevi.com.tr\/index.php\/urun\/turkiyede-sanatin-tarihi-muze\/","title":{"rendered":"T\u00fcrkiye&#8217;de Sanat\u0131n Tarihi: M\u00fcze"},"content":{"rendered":"<p>T\u00fcrkiye\u2019de sanat\u0131n tarihi ve yaz\u0131m\u0131 belirli alanlara odaklanm\u0131\u015f, birbiriyle b\u00fct\u00fcnle\u015fmeyen ve konu\u015fmayan alanlara s\u0131k\u0131\u015fm\u0131\u015ft\u0131r. Tart\u0131\u015fmalar\u0131n ve bunlara dayanan \u00e7apraz okumalar\u0131n bulundu\u011fu kapsaml\u0131 ve b\u00fct\u00fcnl\u00fckl\u00fc bir sanat tarihi yaz\u0131m\u0131 \u00f6nerisi olarak d\u00fc\u015f\u00fcn\u00fclen T\u00fcrkiye\u2019de Sanat\u0131n Tarihi dizisi, T\u00fcrkiye\u2019de sanat\u0131 \u015fekillendiren ve sanat\u0131n kurumsalla\u015fmas\u0131 tart\u0131\u015fmas\u0131na temel olan konular\u0131yla \u00e7ok g\u00f6r\u00fc\u015fl\u00fc bir sanat tarihi yaz\u0131m\u0131na katk\u0131da bulunacakt\u0131r.   Dizinin ilk kitab\u0131 olan M\u00fcze, bu kapsamda, sanat m\u00fczesine dair teorik ve ele\u015ftirel bak\u0131\u015f a\u00e7\u0131lar\u0131n\u0131 farkl\u0131 ba\u011flamlarda tarihsel bir \u00e7er\u00e7evede tart\u0131\u015f\u0131yor. Kitap, sadece profesyonellere de\u011fil, amat\u00f6rlere, sanat\u0131 yat\u0131r\u0131m arac\u0131 olarak g\u00f6ren ve bilgi sahibi olmak isteyen koleksiyonerlere, sanat\u0131n ileti\u015fim g\u00fcc\u00fcn\u00fc ke\u015ffetmi\u015f sponsor ve kurumlara, say\u0131s\u0131 giderek artan m\u00fcze ve m\u00fcze \u00e7al\u0131\u015fanlar\u0131na, \u00f6zetle \u00e7ok geni\u015f bir hedef kitleye ula\u015fmay\u0131 ama\u00e7l\u0131yor.<\/p>\n","protected":false},"excerpt":{"rendered":"<p>T\u00fcrkiye\u2019de sanat\u0131n tarihi ve yaz\u0131m\u0131 belirli alanlara odaklanm\u0131\u015f, birbiriyle b\u00fct\u00fcnle\u015fmeyen ve konu\u015fmayan alanlara s\u0131k\u0131\u015fm\u0131\u015ft\u0131r. Tart\u0131\u015fmalar\u0131n ve bunlara dayanan \u00e7apraz okumalar\u0131n bulundu\u011fu kapsaml\u0131 ve b\u00fct\u00fcnl\u00fckl\u00fc bir sanat<span class=\"excerpt-hellip\"> [\u2026]<\/span><\/p>\n","protected":false},"featured_media":0,"template":"","meta":{"_monsterinsights_skip_tracking":false,"_monsterinsights_sitenote_active":false,"_monsterinsights_sitenote_note":"","_monsterinsights_sitenote_category":0},"product_brand":[],"product_cat":[44608,12408],"product_tag":[],"class_list":{"0":"post-752890","1":"product","2":"type-product","3":"status-publish","5":"product_cat-diger-sanat","6":"product_cat-sanat","7":"pa_cilt-ciltsiz","8":"pa_tur-kitap","9":"pa_yayinevi-tellekt","10":"pa_yazar-esra-alicavusoglu-ayse-h-koksal","12":"first","13":"instock","14":"sale","15":"shipping-taxable","16":"purchasable","17":"product-type-simple"},"_links":{"self":[{"href":"https:\/\/roveyayinevi.com.tr\/index.php\/wp-json\/wp\/v2\/product\/752890","targetHints":{"allow":["GET"]}}],"collection":[{"href":"https:\/\/roveyayinevi.com.tr\/index.php\/wp-json\/wp\/v2\/product"}],"about":[{"href":"https:\/\/roveyayinevi.com.tr\/index.php\/wp-json\/wp\/v2\/types\/product"}],"wp:attachment":[{"href":"https:\/\/roveyayinevi.com.tr\/index.php\/wp-json\/wp\/v2\/media?parent=752890"}],"wp:term":[{"taxonomy":"product_brand","embeddable":true,"href":"https:\/\/roveyayinevi.com.tr\/index.php\/wp-json\/wp\/v2\/product_brand?post=752890"},{"taxonomy":"product_cat","embeddable":true,"href":"https:\/\/roveyayinevi.com.tr\/index.php\/wp-json\/wp\/v2\/product_cat?post=752890"},{"taxonomy":"product_tag","embeddable":true,"href":"https:\/\/roveyayinevi.com.tr\/index.php\/wp-json\/wp\/v2\/product_tag?post=752890"}],"curies":[{"name":"wp","href":"https:\/\/api.w.org\/{rel}","templated":true}]}}