{"id":752886,"date":"2025-08-28T05:27:40","date_gmt":"2025-08-28T02:27:40","guid":{"rendered":"https:\/\/roveyayinevi.com.tr\/index.php\/urun\/mizac-ilmi\/"},"modified":"2025-12-30T11:12:06","modified_gmt":"2025-12-30T08:12:06","slug":"mizac-ilmi","status":"publish","type":"product","link":"https:\/\/roveyayinevi.com.tr\/index.php\/urun\/mizac-ilmi\/","title":{"rendered":"Miza\u00e7 \u0130lmi"},"content":{"rendered":"<p>Ge\u00e7mi\u015ften g\u00fcn\u00fcm\u00fcze, Grek, Roma, Latin ve \u0130slam d\u00fcnyas\u0131n\u0131n \u00f6rnekleri ile evrendeki her \u015feyin temeline ait felsefi bir a\u00e7\u0131klama ve anlam kazand\u0131ran en eski bir Kadim \u00f6\u011freti&#8230; Miza\u00e7 uygulamalar\u0131; Hekimlerin, Bilim Adamlar\u0131n\u0131n, Psikologlar\u0131n, Diyetisyenlerin, Eczac\u0131lar\u0131n, Fitoterapist ve \u0130nsan Kaynaklar\u0131 Uzmanlar\u0131n\u0131n kulland\u0131\u011f\u0131 temel bir anahtard\u0131r. Humoral Patoloji temelinde \u00f6ncelikli anlat\u0131mlar; Pisagor, Hipokrat, Galen, Dioscorides, \u0130bn-i S\u00eena&#8217;n\u0131n aktar\u0131mlar\u0131yla holistik t\u0131bb\u0131n ger\u00e7ekleri&#8230; Fark\u0131ndal\u0131k ve dengelenme uzerine kurulmu\u015f olan miza\u00e7 ilminin, herkes taraf\u0131ndan anla\u015f\u0131larak uygulanabilecek pratik y\u00f6ntemleri&#8230; Merak m\u0131 ettiniz? Hepsinin cevab\u0131n\u0131 bu kitapta bulacaks\u0131n\u0131z.<\/p>\n","protected":false},"excerpt":{"rendered":"<p>Ge\u00e7mi\u015ften g\u00fcn\u00fcm\u00fcze, Grek, Roma, Latin ve \u0130slam d\u00fcnyas\u0131n\u0131n \u00f6rnekleri ile evrendeki her \u015feyin temeline ait felsefi bir a\u00e7\u0131klama ve anlam kazand\u0131ran en eski bir Kadim \u00f6\u011freti&#8230;<span class=\"excerpt-hellip\"> [\u2026]<\/span><\/p>\n","protected":false},"featured_media":0,"template":"","meta":{"_monsterinsights_skip_tracking":false,"_monsterinsights_sitenote_active":false,"_monsterinsights_sitenote_note":"","_monsterinsights_sitenote_category":0},"product_brand":[],"product_cat":[13366,13365],"product_tag":[],"class_list":{"0":"post-752886","1":"product","2":"type-product","3":"status-publish","5":"product_cat-diger-saglik","6":"product_cat-saglik","7":"pa_cilt-ciltsiz","8":"pa_tur-kitap","9":"pa_yayinevi-new-age-yayinlari","10":"pa_yazar-sait-sevinc-didem-iyidogan-demir","12":"first","13":"instock","14":"sale","15":"shipping-taxable","16":"purchasable","17":"product-type-simple"},"_links":{"self":[{"href":"https:\/\/roveyayinevi.com.tr\/index.php\/wp-json\/wp\/v2\/product\/752886","targetHints":{"allow":["GET"]}}],"collection":[{"href":"https:\/\/roveyayinevi.com.tr\/index.php\/wp-json\/wp\/v2\/product"}],"about":[{"href":"https:\/\/roveyayinevi.com.tr\/index.php\/wp-json\/wp\/v2\/types\/product"}],"wp:attachment":[{"href":"https:\/\/roveyayinevi.com.tr\/index.php\/wp-json\/wp\/v2\/media?parent=752886"}],"wp:term":[{"taxonomy":"product_brand","embeddable":true,"href":"https:\/\/roveyayinevi.com.tr\/index.php\/wp-json\/wp\/v2\/product_brand?post=752886"},{"taxonomy":"product_cat","embeddable":true,"href":"https:\/\/roveyayinevi.com.tr\/index.php\/wp-json\/wp\/v2\/product_cat?post=752886"},{"taxonomy":"product_tag","embeddable":true,"href":"https:\/\/roveyayinevi.com.tr\/index.php\/wp-json\/wp\/v2\/product_tag?post=752886"}],"curies":[{"name":"wp","href":"https:\/\/api.w.org\/{rel}","templated":true}]}}