{"id":752885,"date":"2025-08-28T05:27:38","date_gmt":"2025-08-28T02:27:38","guid":{"rendered":"https:\/\/roveyayinevi.com.tr\/index.php\/urun\/notlar-cokuntu\/"},"modified":"2025-11-12T09:25:18","modified_gmt":"2025-11-12T06:25:18","slug":"notlar-cokuntu","status":"publish","type":"product","link":"https:\/\/roveyayinevi.com.tr\/index.php\/urun\/notlar-cokuntu\/","title":{"rendered":"Notlar \/ \u00c7\u00f6k\u00fcnt\u00fc"},"content":{"rendered":"<p>Kemal Tahir, \u00fcnl\u00fc \u201cTarih Notlar\u0131\u201dn\u0131n \u00c7\u00f6k\u00fcnt\u00fc adl\u0131 dosyas\u0131nda, on dokuzuncu y\u00fczy\u0131l\u0131n Bat\u0131la\u015fma deneyimleriyle kurtulaca\u011f\u0131n\u0131 uman Osmanl\u0131lar\u0131n giderek nas\u0131l bir \u00e7\u00f6k\u00fc\u015fe s\u00fcr\u00fcklendiklerini sergiler. Bu \u00e7\u00f6k\u00fc\u015f\u00fcn k\u00f6klerinde yatan ise, Osmanl\u0131\u2019n\u0131n kendi tarihsel varolu\u015f ko\u015fullar\u0131 ile Bat\u0131la\u015fma s\u00fcrecinin zorlad\u0131\u011f\u0131 i\u015flevler aras\u0131ndaki uzla\u015fmaz \u00e7eli\u015fkilerdir. Osmanl\u0131, tarihi boyunca, \u00fcretici Do\u011fu ve geleneksel Do\u011fu tar\u0131m uygarl\u0131klar\u0131yla \u00f6zde\u015fle\u015fmemekle birlikte; d\u00fcnya siyasetinde Do\u011fu\u2019nun koruyucusu ve savunucusu olmu\u015ftu. Bir d\u00fcnya imparatorlu\u011fu olarak b\u00f6ylece y\u00fczy\u0131llarca varl\u0131\u011f\u0131n\u0131 s\u00fcrd\u00fcren Osmanl\u0131 Devleti, Bat\u0131la\u015fma uygulamalar\u0131na y\u00f6neldi\u011finde, ka\u00e7\u0131n\u0131lmaz olarak, kendi tarihsel kaynaklar\u0131yla t\u00fcm ba\u011flant\u0131lar\u0131n\u0131n da kopmaya ba\u015flad\u0131\u011f\u0131n\u0131 g\u00f6recekti. Denetimi d\u0131\u015f\u0131ndaki g\u00fc\u00e7lere dayal\u0131 bir deneye giri\u015ftik\u00e7e, Osmanl\u0131, hem y\u00f6netimi alt\u0131nda bulunan halklara, hem de Do\u011fu d\u00fcnyas\u0131na ters d\u00fc\u015fecekti. \u00d6zellikle de b\u00f6yle bir se\u00e7imin devlet d\u00fczeyinde yap\u0131lmas\u0131, Do\u011fu\u2019yu yaln\u0131z ve korumas\u0131z da b\u0131rakacakt\u0131. Kemal Tahir, \u201c\u00c7\u00f6k\u00fcnt\u00fc\u201d konusundaki \u201cTarih Notlar\u0131\u201d arac\u0131l\u0131\u011f\u0131yla, Bat\u0131 kadar, Do\u011fu ve devlet sorunlar\u0131n\u0131 da bir daha tart\u0131\u015fma g\u00fcndemine getiriyor. Kemal Tahir\u2019e g\u00f6re, Do\u011fu halklar\u0131n\u0131n en \u00f6nemli sorunu Bat\u0131 soygunu olmu\u015ftu hep&#8230; Osmanl\u0131, tarihteki yerini de o soyguna kar\u015f\u0131 sa\u011flad\u0131\u011f\u0131 \u00e7\u00f6z\u00fcmlerle alm\u0131\u015ft\u0131. Oysa, Bat\u0131la\u015fma s\u00fcrecinde, tarihin kendisine verdi\u011fi g\u00f6revi bir yana b\u0131rakmak zorunda kalan Osmanl\u0131 devlet y\u00f6netimi, Do\u011fu\u2019nun halklar\u0131 bir yana, giderek Anadolu halk\u0131n\u0131 ve kendisini bile kurtaramayacakt\u0131. Devleti kurtarmak ad\u0131na ba\u015flat\u0131lan bir ser\u00fcven, devletin de t\u00fcm\u00fcyle \u00e7\u00f6k\u00fc\u015f\u00fcyle sonu\u00e7lanacakt\u0131. Kemal Tahir, \u00c7\u00f6k\u00fcnt\u00fc\u2019de, tarihi yeniden okuma ve de\u011ferlendirme y\u00f6n\u00fcnde yepyeni d\u00f6n\u00fcm noktalar\u0131na ula\u015f\u0131yor&#8230; <\/p>\n","protected":false},"excerpt":{"rendered":"<p>Kemal Tahir, \u00fcnl\u00fc \u201cTarih Notlar\u0131\u201dn\u0131n \u00c7\u00f6k\u00fcnt\u00fc adl\u0131 dosyas\u0131nda, on dokuzuncu y\u00fczy\u0131l\u0131n Bat\u0131la\u015fma deneyimleriyle kurtulaca\u011f\u0131n\u0131 uman Osmanl\u0131lar\u0131n giderek nas\u0131l bir \u00e7\u00f6k\u00fc\u015fe s\u00fcr\u00fcklendiklerini sergiler. Bu \u00e7\u00f6k\u00fc\u015f\u00fcn k\u00f6klerinde yatan<span class=\"excerpt-hellip\"> [\u2026]<\/span><\/p>\n","protected":false},"featured_media":0,"template":"","meta":{"_monsterinsights_skip_tracking":false,"_monsterinsights_sitenote_active":false,"_monsterinsights_sitenote_note":"","_monsterinsights_sitenote_category":0},"product_brand":[],"product_cat":[12777,12291],"product_tag":[],"class_list":{"0":"post-752885","1":"product","2":"type-product","3":"status-publish","5":"product_cat-deneme","6":"product_cat-edebiyat","7":"pa_cilt-ciltsiz","8":"pa_tur-kitap","9":"pa_yayinevi-ketebe-yayinlari","10":"pa_yazar-kemal-tahir","12":"first","13":"instock","14":"sale","15":"shipping-taxable","16":"purchasable","17":"product-type-simple"},"_links":{"self":[{"href":"https:\/\/roveyayinevi.com.tr\/index.php\/wp-json\/wp\/v2\/product\/752885","targetHints":{"allow":["GET"]}}],"collection":[{"href":"https:\/\/roveyayinevi.com.tr\/index.php\/wp-json\/wp\/v2\/product"}],"about":[{"href":"https:\/\/roveyayinevi.com.tr\/index.php\/wp-json\/wp\/v2\/types\/product"}],"wp:attachment":[{"href":"https:\/\/roveyayinevi.com.tr\/index.php\/wp-json\/wp\/v2\/media?parent=752885"}],"wp:term":[{"taxonomy":"product_brand","embeddable":true,"href":"https:\/\/roveyayinevi.com.tr\/index.php\/wp-json\/wp\/v2\/product_brand?post=752885"},{"taxonomy":"product_cat","embeddable":true,"href":"https:\/\/roveyayinevi.com.tr\/index.php\/wp-json\/wp\/v2\/product_cat?post=752885"},{"taxonomy":"product_tag","embeddable":true,"href":"https:\/\/roveyayinevi.com.tr\/index.php\/wp-json\/wp\/v2\/product_tag?post=752885"}],"curies":[{"name":"wp","href":"https:\/\/api.w.org\/{rel}","templated":true}]}}