{"id":752884,"date":"2025-08-28T05:27:37","date_gmt":"2025-08-28T02:27:37","guid":{"rendered":"https:\/\/roveyayinevi.com.tr\/index.php\/urun\/dunyanin-ve-canliligin-evrimi\/"},"modified":"2026-04-16T03:06:05","modified_gmt":"2026-04-16T00:06:05","slug":"dunyanin-ve-canliligin-evrimi","status":"publish","type":"product","link":"https:\/\/roveyayinevi.com.tr\/index.php\/urun\/dunyanin-ve-canliligin-evrimi\/","title":{"rendered":"D\u00fcnyan\u0131n ve Canl\u0131l\u0131\u011f\u0131n Evrimi"},"content":{"rendered":"<p>NEREDEN, NASIL GELD\u0130\u011e\u0130N\u0130 B\u0130LEMEYENLER, NEREYE NASIL G\u0130DECE\u011e\u0130N\u0130 DE B\u0130LEMEZLER   Evrim, \u201cA olarak girilen yerden B olarak \u00e7\u0131kabilmenin\u201d bilimidir. Her an mimarisini de\u011fi\u015ftiren bir evrende de\u011fi\u015fmeden kalmay\u0131 savunma ak\u0131l d\u0131\u015f\u0131l\u0131\u011f\u0131 savunmad\u0131r. Evrim bilimi sadece biyolojiye \u00f6zg\u00fc bir bilim de\u011fildir. Ya\u015fam\u0131n her a\u015famas\u0131nda bu mant\u0131k kullan\u0131lmal\u0131d\u0131r. Ne yaz\u0131k ki mensubu oldu\u011fumuz co\u011frafyada evrim fikrini savunan nadir say\u0131da insan \u00e7\u0131km\u0131\u015f olsa da bunlar\u0131n fikri, y\u00f6netimler taraf\u0131ndan bast\u0131r\u0131lm\u0131\u015ft\u0131r.   Evrim bilimi neden ve ni\u00e7in sorusuna yan\u0131t arad\u0131\u011f\u0131 i\u00e7in bilimsel d\u00fc\u015f\u00fcncenin lokomotifini olu\u015fturur ve toplumlar\u0131n hem sosyolojik hem de bilimsel olarak gelece\u011fini haz\u0131rlar. Evrim kuram\u0131n\u0131n y\u0131lmaz kar\u015f\u0131tlar\u0131, sars\u0131lmaz d\u00fczeni ve de\u011fi\u015fmeyi benimsemeyenlerdir. Bu nedenle bilimsel at\u0131l\u0131m da yapamazlar.   Evrim, evrensel kurallar\u0131n (zaman, h\u0131z, k\u00fctle, enerji gibi) \u00e7\u0131kt\u0131\u011f\u0131 andan itibaren olu\u015fan de\u011fi\u015fiklikleri inceler. Bu nedenle evrimi iki a\u00e7\u0131dan incelemek m\u00fcmk\u00fcnd\u00fcr: \u0130norganik Evrim ve Organik Evrim.   \u0130norganik evrimi \u00f6\u011frenmeden organik evrimi anlatmaya \u00e7al\u0131\u015fmak bir\u00e7ok soruyu yan\u0131ts\u0131z b\u0131rak\u0131r. Bu nedenle bu konunun iki kitap halinde yay\u0131nlanmas\u0131 planlanm\u0131\u015ft\u0131r. Elinizdeki birinci kitap; a\u011f\u0131rl\u0131kl\u0131 olarak inorganik evrimi anlatmay\u0131 ama\u00e7lam\u0131\u015ft\u0131r. Evrim konusunda T\u00fcrkiye\u2019de otorite say\u0131lan Prof. Dr. Ali Demirsoy, bu y\u00f6nde evrimi t\u00fcm ayr\u0131nt\u0131lar\u0131yla en do\u011fru ve kolay anla\u015f\u0131l\u0131r \u015fekilde ele alm\u0131\u015ft\u0131r. Evrim teorisini ve mekanizmalar\u0131n\u0131 merak eden, anlamak isteyen herkes i\u00e7in bir ba\u015fucu kitab\u0131 niteli\u011finde olan eser, bu alandaki \u00f6nemli bir eksi\u011fi dolduruyor. <\/p>\n","protected":false},"excerpt":{"rendered":"<p>NEREDEN, NASIL GELD\u0130\u011e\u0130N\u0130 B\u0130LEMEYENLER, NEREYE NASIL G\u0130DECE\u011e\u0130N\u0130 DE B\u0130LEMEZLER Evrim, \u201cA olarak girilen yerden B olarak \u00e7\u0131kabilmenin\u201d bilimidir. Her an mimarisini de\u011fi\u015ftiren bir evrende de\u011fi\u015fmeden kalmay\u0131<span class=\"excerpt-hellip\"> [\u2026]<\/span><\/p>\n","protected":false},"featured_media":0,"template":"","meta":{"_monsterinsights_skip_tracking":false,"_monsterinsights_sitenote_active":false,"_monsterinsights_sitenote_note":"","_monsterinsights_sitenote_category":0},"product_brand":[],"product_cat":[13005,13006],"product_tag":[],"class_list":{"0":"post-752884","1":"product","2":"type-product","3":"status-publish","5":"product_cat-bilim-muhendislik","6":"product_cat-populer-bilim","7":"pa_cilt-ciltsiz","8":"pa_tur-kitap","9":"pa_yayinevi-akil-celen-kitaplar","10":"pa_yazar-ali-demirsoy","12":"first","13":"instock","14":"sale","15":"shipping-taxable","16":"purchasable","17":"product-type-simple"},"_links":{"self":[{"href":"https:\/\/roveyayinevi.com.tr\/index.php\/wp-json\/wp\/v2\/product\/752884","targetHints":{"allow":["GET"]}}],"collection":[{"href":"https:\/\/roveyayinevi.com.tr\/index.php\/wp-json\/wp\/v2\/product"}],"about":[{"href":"https:\/\/roveyayinevi.com.tr\/index.php\/wp-json\/wp\/v2\/types\/product"}],"wp:attachment":[{"href":"https:\/\/roveyayinevi.com.tr\/index.php\/wp-json\/wp\/v2\/media?parent=752884"}],"wp:term":[{"taxonomy":"product_brand","embeddable":true,"href":"https:\/\/roveyayinevi.com.tr\/index.php\/wp-json\/wp\/v2\/product_brand?post=752884"},{"taxonomy":"product_cat","embeddable":true,"href":"https:\/\/roveyayinevi.com.tr\/index.php\/wp-json\/wp\/v2\/product_cat?post=752884"},{"taxonomy":"product_tag","embeddable":true,"href":"https:\/\/roveyayinevi.com.tr\/index.php\/wp-json\/wp\/v2\/product_tag?post=752884"}],"curies":[{"name":"wp","href":"https:\/\/api.w.org\/{rel}","templated":true}]}}