{"id":752883,"date":"2025-08-28T05:27:36","date_gmt":"2025-08-28T02:27:36","guid":{"rendered":"https:\/\/roveyayinevi.com.tr\/index.php\/urun\/dev-boyama-uzay-macerasi\/"},"modified":"2026-04-16T03:06:05","modified_gmt":"2026-04-16T00:06:05","slug":"dev-boyama-uzay-macerasi","status":"publish","type":"product","link":"https:\/\/roveyayinevi.com.tr\/index.php\/urun\/dev-boyama-uzay-macerasi\/","title":{"rendered":"Dev Boyama &#8211; Uzay Maceras\u0131"},"content":{"rendered":"<p>Dev Boyama Uzay Maceras\u0131 Posteri; sanatsal yetenek, kendine g\u00fcven ve hayal g\u00fcc\u00fc olu\u015fturmakla ilgilidir. Poster, \u00e7ocuklar\u0131n diledikleri boya t\u00fcr\u00fcn\u00fc kullanabilmeleri i\u00e7in renkleri birbirine kar\u0131\u015ft\u0131rmayan, kal\u0131n, birinci s\u0131n\u0131f \u00e7izim k\u00e2\u011f\u0131d\u0131ndan yap\u0131lm\u0131\u015ft\u0131r. K\u00e2\u011f\u0131d\u0131n dev boyutta olmas\u0131 \u00e7ocuklar\u0131n ellerini rahat\u00e7a hareket ettirmeleri i\u00e7in yeterli alan sa\u011flar. Posteri boyamak o kadar e\u011flencelidir ki \u00e7ocuklar boyama yapt\u0131klar\u0131n\u0131n bile fark\u0131na varmazlar. Onlara oyun gibi gelir! Ayr\u0131ca minik sanat\u00e7\u0131lara yard\u0131mc\u0131 olmas\u0131 i\u00e7in kitapta boyama ipu\u00e7lar\u0131 da yer al\u0131r. \u2022 Her T\u00fcrl\u00fc Boya Kullan\u0131labilir \u2022 Boyamas\u0131 E\u011flencelidir \u2022 Renklendir, Olu\u015ftur ve \u00d6\u011fren \u2022 Konsantrasyonu Geli\u015ftirir \u2022 Yar\u0131\u015fmalar D\u00fczenlemenizi Sa\u011flar \u00d6zellikler Yay\u0131nevi : Ya\u011fmur \u00c7ocuk ISBN : 9786258119367 T\u00fcr : Boyama Ebat : 27 \/ 35,5 cm Sayfa Say\u0131s\u0131 : 1 Bas\u0131m Yeri : \u0130stanbul Bas\u0131m Tarihi : 2023 Fiyat\u0131 : 50,00 TL \u2022 Sanatsal yetene\u011fi ortaya \u00e7\u0131kar\u0131r \u2022 \u00d6z G\u00fcveni Art\u0131r\u0131r \u2022 Grup\u00e7a Boyama \u0130\u00e7in Harika Bir Kaynakt\u0131r \u2022 El-G\u00f6z Koordinasyonunu Geli\u015ftirir<\/p>\n","protected":false},"excerpt":{"rendered":"<p>Dev Boyama Uzay Maceras\u0131 Posteri; sanatsal yetenek, kendine g\u00fcven ve hayal g\u00fcc\u00fc olu\u015fturmakla ilgilidir. Poster, \u00e7ocuklar\u0131n diledikleri boya t\u00fcr\u00fcn\u00fc kullanabilmeleri i\u00e7in renkleri birbirine kar\u0131\u015ft\u0131rmayan, kal\u0131n, birinci<span class=\"excerpt-hellip\"> [\u2026]<\/span><\/p>\n","protected":false},"featured_media":0,"template":"","meta":{"_monsterinsights_skip_tracking":false,"_monsterinsights_sitenote_active":false,"_monsterinsights_sitenote_note":"","_monsterinsights_sitenote_category":0},"product_brand":[],"product_cat":[12644,12274],"product_tag":[],"class_list":{"0":"post-752883","1":"product","2":"type-product","3":"status-publish","5":"product_cat-boyama-kitaplari","6":"product_cat-cocuk-ve-genclik-kitaplari","7":"pa_cilt-ciltsiz","8":"pa_tur-kitap","9":"pa_yayinevi-yagmur-cocuk-yayinlari","10":"pa_yazar-kolektif","12":"first","13":"instock","14":"sale","15":"shipping-taxable","16":"purchasable","17":"product-type-simple"},"_links":{"self":[{"href":"https:\/\/roveyayinevi.com.tr\/index.php\/wp-json\/wp\/v2\/product\/752883","targetHints":{"allow":["GET"]}}],"collection":[{"href":"https:\/\/roveyayinevi.com.tr\/index.php\/wp-json\/wp\/v2\/product"}],"about":[{"href":"https:\/\/roveyayinevi.com.tr\/index.php\/wp-json\/wp\/v2\/types\/product"}],"wp:attachment":[{"href":"https:\/\/roveyayinevi.com.tr\/index.php\/wp-json\/wp\/v2\/media?parent=752883"}],"wp:term":[{"taxonomy":"product_brand","embeddable":true,"href":"https:\/\/roveyayinevi.com.tr\/index.php\/wp-json\/wp\/v2\/product_brand?post=752883"},{"taxonomy":"product_cat","embeddable":true,"href":"https:\/\/roveyayinevi.com.tr\/index.php\/wp-json\/wp\/v2\/product_cat?post=752883"},{"taxonomy":"product_tag","embeddable":true,"href":"https:\/\/roveyayinevi.com.tr\/index.php\/wp-json\/wp\/v2\/product_tag?post=752883"}],"curies":[{"name":"wp","href":"https:\/\/api.w.org\/{rel}","templated":true}]}}