{"id":752871,"date":"2025-08-28T05:27:18","date_gmt":"2025-08-28T02:27:18","guid":{"rendered":"https:\/\/roveyayinevi.com.tr\/index.php\/urun\/cocuklarda-dogal-tedavi-yontemleri\/"},"modified":"2026-04-16T03:06:04","modified_gmt":"2026-04-16T00:06:04","slug":"cocuklarda-dogal-tedavi-yontemleri","status":"publish","type":"product","link":"https:\/\/roveyayinevi.com.tr\/index.php\/urun\/cocuklarda-dogal-tedavi-yontemleri\/","title":{"rendered":"\u00c7ocuklarda Do\u011fal Tedavi Y\u00f6ntemleri"},"content":{"rendered":"<p>Aromaterapik, Fitoterap\u00f6tik ve Homeopatik Tarifler Acil durumlar i\u00e7in evdeki ecza dolab\u0131nda ve mutfakta bulunmas\u0131 gereken destekler.   \u00c7OCUKLARDA DO\u011eAL TEDAV\u0130 Y\u00d6NTEMLER\u0130 Ebeveynlerin bebek ve \u00e7ocuk bak\u0131m\u0131nda en \u00e7ok merak etti\u011fi sorular ve yan\u0131tlar\u0131.   Yu\u0308ksek kalorili, ya\u011fl\u0131 ve tuzlu fast-food g\u0131dalar, i\u015flenmi\u015f yiyecekler, geneti\u011fi ile oynanm\u0131\u015f sebze ve meyveler, su, hava ve \u00e7evre kirlili\u011fi, kimyasal maddelere maruz kalmak, iklim de\u011fi\u015fikli\u011fi, do\u011fal afetler ve ekonomik sorunlar gu\u0308nu\u0308mu\u0308z du\u0308nyas\u0131n\u0131n ger\u00e7ekleri\u2026 Tu\u0308m bu olumsuz fakt\u00f6rler ya\u015fam\u0131n her an\u0131nda kendini hissettirirken, belki de bir\u00e7o\u011fumuzu en \u00e7ok zorlayan k\u0131s\u0131m, iyi bir ebeveyn olmaya \u00e7al\u0131\u015fmak! \u00c7ocuk yeti\u015ftirmek ba\u015fl\u0131 bas\u0131na zor bir g\u00f6revken, bunu ge\u00e7ti\u011fimiz y\u0131llara g\u00f6re daha zorlu \u015fartlar alt\u0131nda yapmak bu\u0308yu\u0308k sorumluluklar getiriyor.   Her anne-baban\u0131n ortak dile\u011fi, \u00e7ocuklar\u0131n\u0131n sa\u011fl\u0131kl\u0131 olmas\u0131d\u0131r. Sab\u0131r ve \u00f6zveri ile ge\u00e7en y\u0131llar i\u00e7inde hasta olduklar\u0131na tan\u0131kl\u0131k etmek ise bu hayattaki en bu\u0308yu\u0308k s\u0131navlar\u0131\u2026 Aileler, \u00e7ocuklar\u0131n\u0131n iyi olmalar\u0131n\u0131 sa\u011flamak i\u00e7in ellerinden geleni yaparak, hastal\u0131k durumlar\u0131nda geleneksel tedavi y\u00f6ntemlerine ba\u015fvuruyor. Ancak geleneksel tedaviler \u00f6zellikle hassas bu\u0308nyeli \u00e7ocuklarda \u00e7e\u015fitli yan etkilere yol a\u00e7abiliyor. Hastal\u0131\u011f\u0131 tedavi ederken, baz\u0131 komplikasyonlar\u0131 da beraberinde getirebiliyor.   \u0130\u015fte tam da bu nedenle baz\u0131 aileler do\u011fal tedavi y\u00f6ntemlerine y\u00f6neliyor. Aromaterapi, Fitoterapi ve Homeopati; uzun y\u0131llard\u0131r hastal\u0131klardan korunmada, tedavide ve sa\u011fl\u0131\u011f\u0131 su\u0308rdu\u0308rmede tercih edilen do\u011fal tedavi y\u00f6ntemleri.   Bu kitap Aromaterapi, Fitoterapi ve Homeopati y\u00f6ntemleriyle; bebek ve \u00e7ocuklar\u0131 hastal\u0131klardan korumada, hastal\u0131k semptomlar\u0131n\u0131 hafifletmede, ba\u011f\u0131\u015f\u0131kl\u0131k sistemlerini gu\u0308\u00e7lendirmede, iyile\u015fme su\u0308re\u00e7lerini h\u0131zland\u0131rmada ve tedavilerinde izlenecek yollar\u0131 anlat\u0131yor.   Kitapta \u00e7ocuklar\u0131n s\u0131k kar\u015f\u0131last\u0131\u011f\u0131 hastal\u0131klar hakk\u0131nda bilgiler verilirken, do\u011fal y\u00f6ntemlerin nas\u0131l kullan\u0131laca\u011f\u0131, kar\u0131\u015f\u0131mlar\u0131n nas\u0131l haz\u0131rlanaca\u011f\u0131, dozlar\u0131n nas\u0131l ayarlanaca\u011f\u0131, re\u00e7eteler konusunda dikkat edilmesi gerekenler hakk\u0131nda ayr\u0131nt\u0131l\u0131 bilgiler de veriliyor.   Hangi y\u00f6ntemin hangi hastal\u0131kta daha etkili oldu\u011funa dair ipu\u00e7lar\u0131 verirken, 100\u2019den fazla re\u00e7ete ile kapsaml\u0131 bir rehber niteli\u011fi ta\u015f\u0131yor.   Bitkilerin ve u\u00e7ucu ya\u011flar\u0131n hem sizin hem de \u00e7ocuklar\u0131n\u0131z\u0131n iyili\u011fini ve sa\u011fl\u0131\u011f\u0131n\u0131 korumas\u0131 dile\u011fiyle\u2026 <\/p>\n","protected":false},"excerpt":{"rendered":"<p>Aromaterapik, Fitoterap\u00f6tik ve Homeopatik Tarifler Acil durumlar i\u00e7in evdeki ecza dolab\u0131nda ve mutfakta bulunmas\u0131 gereken destekler. \u00c7OCUKLARDA DO\u011eAL TEDAV\u0130 Y\u00d6NTEMLER\u0130 Ebeveynlerin bebek ve \u00e7ocuk bak\u0131m\u0131nda en<span class=\"excerpt-hellip\"> [\u2026]<\/span><\/p>\n","protected":false},"featured_media":0,"template":"","meta":{"_monsterinsights_skip_tracking":false,"_monsterinsights_sitenote_active":false,"_monsterinsights_sitenote_note":"","_monsterinsights_sitenote_category":0},"product_brand":[],"product_cat":[20313,13365],"product_tag":[],"class_list":{"0":"post-752871","1":"product","2":"type-product","3":"status-publish","5":"product_cat-basvuru-kitaplari-saglik","6":"product_cat-saglik","7":"pa_cilt-ciltsiz","8":"pa_tur-kitap","9":"pa_yayinevi-hayykitap","10":"pa_yazar-omer-saltan","12":"first","13":"instock","14":"sale","15":"shipping-taxable","16":"purchasable","17":"product-type-simple"},"_links":{"self":[{"href":"https:\/\/roveyayinevi.com.tr\/index.php\/wp-json\/wp\/v2\/product\/752871","targetHints":{"allow":["GET"]}}],"collection":[{"href":"https:\/\/roveyayinevi.com.tr\/index.php\/wp-json\/wp\/v2\/product"}],"about":[{"href":"https:\/\/roveyayinevi.com.tr\/index.php\/wp-json\/wp\/v2\/types\/product"}],"wp:attachment":[{"href":"https:\/\/roveyayinevi.com.tr\/index.php\/wp-json\/wp\/v2\/media?parent=752871"}],"wp:term":[{"taxonomy":"product_brand","embeddable":true,"href":"https:\/\/roveyayinevi.com.tr\/index.php\/wp-json\/wp\/v2\/product_brand?post=752871"},{"taxonomy":"product_cat","embeddable":true,"href":"https:\/\/roveyayinevi.com.tr\/index.php\/wp-json\/wp\/v2\/product_cat?post=752871"},{"taxonomy":"product_tag","embeddable":true,"href":"https:\/\/roveyayinevi.com.tr\/index.php\/wp-json\/wp\/v2\/product_tag?post=752871"}],"curies":[{"name":"wp","href":"https:\/\/api.w.org\/{rel}","templated":true}]}}