{"id":752870,"date":"2025-08-28T05:27:17","date_gmt":"2025-08-28T02:27:17","guid":{"rendered":"https:\/\/roveyayinevi.com.tr\/index.php\/urun\/kelamin-yenilesme-surecinde-musa-carullah-bigiyef\/"},"modified":"2025-12-30T11:12:06","modified_gmt":"2025-12-30T08:12:06","slug":"kelamin-yenilesme-surecinde-musa-carullah-bigiyef","status":"publish","type":"product","link":"https:\/\/roveyayinevi.com.tr\/index.php\/urun\/kelamin-yenilesme-surecinde-musa-carullah-bigiyef\/","title":{"rendered":"Kelam\u0131n Yenile\u015fme S\u00fcrecinde Musa Carullah Bigiyef"},"content":{"rendered":"<p>\u0130slam toplumunun son iki as\u0131r i\u00e7inde topyek\u00fbn maruz kald\u0131\u011f\u0131 her t\u00fcrl\u00fc olumsuzlu\u011fa kar\u015f\u0131 \u0130slam medeniyetini tekrar eski canl\u0131l\u0131\u011f\u0131na kavu\u015fturmak i\u00e7in \u00e7al\u0131\u015fan ayd\u0131nlar; bir taraftan \u0130slam\u2019a y\u00f6neltilen h\u00fccumlara cevap vermeye \u00e7al\u0131\u015f\u0131rken di\u011fer taraftan da M\u00fcsl\u00fcmanlar\u0131 uyand\u0131rma, siyasi esaretten ve ekonomik \u00e7\u00f6k\u00fcnt\u00fclerden kurtarma, dini hurafelerden temizleme gayretinde olmu\u015flard\u0131r. Bu d\u00f6nemde Cemaleddin Afgani, Muhammed Abduh, Seyyid Ahmed Han, Muhammed \u0130kbal, Seyyid Emir Ali, Said Halim Pa\u015fa, Re\u015fit R\u0131za, Abd\u00fcrre\u015fid \u0130brahim ve Carullah Bigiyef, Bat\u0131 s\u00f6m\u00fcrgecili\u011fine kar\u015f\u0131 din\u00ee \u0131slah \u00e7al\u0131\u015fmalar\u0131 ile dikkati \u00e7eken \u015fahsiyetlerdir Kazan b\u00f6lgesinde geli\u015fen \u201ccedit\u00e7ilik\u201d ak\u0131m\u0131n\u0131n \u00f6nde gelen isimlerinden birisi olan Musa Carullah Bigiyef; \u0130slam \u00e2leminin, T\u00fcrk d\u00fcnyas\u0131n\u0131n, \u00f6zellikle de Rusya M\u00fcsl\u00fcmanlar\u0131n\u0131n birli\u011fi, gelece\u011fi i\u00e7in \u00e7\u00f6z\u00fcm yollar\u0131 \u00fcretmeye \u00e7al\u0131\u015fan, g\u00f6r\u00fc\u015flerini yaz\u0131l\u0131 ve s\u00f6zl\u00fc olarak her zaman ve mek\u00e2nda cesaretle ifade eden bir \u0130slam \u00e2limidir. Her ne kadar Carullah; Kelam ilminin pratik faydas\u0131 bulunmayan bo\u015f ve manas\u0131z bir ilim oldu\u011funu, kelamc\u0131lar\u0131n ise \u0130slam \u00e2leminin bu h\u00e2le gelmesinin m\u00fcsebbibi oldu\u011funu s\u00f6ylese de kendisi de Kelam yapmaktan uzak kalamam\u0131\u015ft\u0131r. O, selef Kelam \u00e2limlerinin yolundan giderek kendi g\u00f6r\u00fc\u015flerini onlar\u0131n kal\u0131plar\u0131nda beyan etmi\u015f ve bu konuda m\u00fcstakil eserler kaleme alm\u0131\u015ft\u0131r. <\/p>\n","protected":false},"excerpt":{"rendered":"<p>\u0130slam toplumunun son iki as\u0131r i\u00e7inde topyek\u00fbn maruz kald\u0131\u011f\u0131 her t\u00fcrl\u00fc olumsuzlu\u011fa kar\u015f\u0131 \u0130slam medeniyetini tekrar eski canl\u0131l\u0131\u011f\u0131na kavu\u015fturmak i\u00e7in \u00e7al\u0131\u015fan ayd\u0131nlar; bir taraftan \u0130slam\u2019a y\u00f6neltilen<span class=\"excerpt-hellip\"> [\u2026]<\/span><\/p>\n","protected":false},"featured_media":0,"template":"","meta":{"_monsterinsights_skip_tracking":false,"_monsterinsights_sitenote_active":false,"_monsterinsights_sitenote_note":"","_monsterinsights_sitenote_category":0},"product_brand":[],"product_cat":[13036,12718,12719],"product_tag":[],"class_list":{"0":"post-752870","1":"product","2":"type-product","3":"status-publish","5":"product_cat-arastirma-inceleme-islam","6":"product_cat-din","7":"product_cat-islam","8":"pa_cilt-ciltsiz","9":"pa_tur-kitap","10":"pa_yayinevi-cinaralti-yayinlari","11":"pa_yazar-akif-savas","13":"first","14":"instock","15":"sale","16":"shipping-taxable","17":"purchasable","18":"product-type-simple"},"_links":{"self":[{"href":"https:\/\/roveyayinevi.com.tr\/index.php\/wp-json\/wp\/v2\/product\/752870","targetHints":{"allow":["GET"]}}],"collection":[{"href":"https:\/\/roveyayinevi.com.tr\/index.php\/wp-json\/wp\/v2\/product"}],"about":[{"href":"https:\/\/roveyayinevi.com.tr\/index.php\/wp-json\/wp\/v2\/types\/product"}],"wp:attachment":[{"href":"https:\/\/roveyayinevi.com.tr\/index.php\/wp-json\/wp\/v2\/media?parent=752870"}],"wp:term":[{"taxonomy":"product_brand","embeddable":true,"href":"https:\/\/roveyayinevi.com.tr\/index.php\/wp-json\/wp\/v2\/product_brand?post=752870"},{"taxonomy":"product_cat","embeddable":true,"href":"https:\/\/roveyayinevi.com.tr\/index.php\/wp-json\/wp\/v2\/product_cat?post=752870"},{"taxonomy":"product_tag","embeddable":true,"href":"https:\/\/roveyayinevi.com.tr\/index.php\/wp-json\/wp\/v2\/product_tag?post=752870"}],"curies":[{"name":"wp","href":"https:\/\/api.w.org\/{rel}","templated":true}]}}