{"id":752868,"date":"2025-08-28T05:27:15","date_gmt":"2025-08-28T02:27:15","guid":{"rendered":"https:\/\/roveyayinevi.com.tr\/index.php\/urun\/sosyal-medyada-annelik-kimligi\/"},"modified":"2026-04-16T03:06:04","modified_gmt":"2026-04-16T00:06:04","slug":"sosyal-medyada-annelik-kimligi","status":"publish","type":"product","link":"https:\/\/roveyayinevi.com.tr\/index.php\/urun\/sosyal-medyada-annelik-kimligi\/","title":{"rendered":"Sosyal Medyada Annelik Kimli\u011fi"},"content":{"rendered":"<p>Sosyal medyan\u0131n hayat\u0131n bir par\u00e7as\u0131 olmas\u0131yla birlikte, oradaki \u00f6\u011felerin t\u00fcm\u00fc ger\u00e7ek hayattaki kadar \u00f6nem kazand\u0131. Sosyal medyadaki kimlikler, ili\u015fkiler, s\u00f6ylemler ve di\u011fer t\u00fcm meseleler, \u00fczerinde akademik olarak \u00e7al\u0131\u015f\u0131lmas\u0131 gerekilen meselelere d\u00f6n\u00fc\u015ft\u00fc. Bu \u00e7al\u0131\u015fma, s\u00f6z konusu ihtiyac\u0131 fark etmi\u015f ve bu alandaki a\u00e7\u0131\u011f\u0131 kapatmaya katk\u0131 sa\u011flamak amac\u0131yla yap\u0131lm\u0131\u015ft\u0131r. Bu \u00e7al\u0131\u015fmada sosyal medyada aktif olarak sergilenen annelik kimli\u011fi \u00fczerinde durulmu\u015f, bu kimlik etraf\u0131nda in\u015fa edilen s\u00f6ylemlere odaklan\u0131lm\u0131\u015ft\u0131r. \u00c7al\u0131\u015fmay\u0131 inceleyenler, fenomen anneler g\u00f6z\u00fcyle ve arac\u0131l\u0131\u011f\u0131yla annelik kimli\u011fine bak\u0131\u015f\u0131 ve bunun ger\u00e7ek hayattaki annelik kimli\u011fine etkisini g\u00f6rme f\u0131rsat\u0131 bulacakt\u0131r. <\/p>\n","protected":false},"excerpt":{"rendered":"<p>Sosyal medyan\u0131n hayat\u0131n bir par\u00e7as\u0131 olmas\u0131yla birlikte, oradaki \u00f6\u011felerin t\u00fcm\u00fc ger\u00e7ek hayattaki kadar \u00f6nem kazand\u0131. Sosyal medyadaki kimlikler, ili\u015fkiler, s\u00f6ylemler ve di\u011fer t\u00fcm meseleler, \u00fczerinde akademik<span class=\"excerpt-hellip\"> [\u2026]<\/span><\/p>\n","protected":false},"featured_media":0,"template":"","meta":{"_monsterinsights_skip_tracking":false,"_monsterinsights_sitenote_active":false,"_monsterinsights_sitenote_note":"","_monsterinsights_sitenote_category":0},"product_brand":[],"product_cat":[12358,12357],"product_tag":[],"class_list":{"0":"post-752868","1":"product","2":"type-product","3":"status-publish","5":"product_cat-genel-psikoloji","6":"product_cat-psikoloji","7":"pa_cilt-ciltsiz","8":"pa_tur-kitap","9":"pa_yayinevi-cinaralti-yayinlari","10":"pa_yazar-handan-coskun","12":"first","13":"instock","14":"sale","15":"shipping-taxable","16":"purchasable","17":"product-type-simple"},"_links":{"self":[{"href":"https:\/\/roveyayinevi.com.tr\/index.php\/wp-json\/wp\/v2\/product\/752868","targetHints":{"allow":["GET"]}}],"collection":[{"href":"https:\/\/roveyayinevi.com.tr\/index.php\/wp-json\/wp\/v2\/product"}],"about":[{"href":"https:\/\/roveyayinevi.com.tr\/index.php\/wp-json\/wp\/v2\/types\/product"}],"wp:attachment":[{"href":"https:\/\/roveyayinevi.com.tr\/index.php\/wp-json\/wp\/v2\/media?parent=752868"}],"wp:term":[{"taxonomy":"product_brand","embeddable":true,"href":"https:\/\/roveyayinevi.com.tr\/index.php\/wp-json\/wp\/v2\/product_brand?post=752868"},{"taxonomy":"product_cat","embeddable":true,"href":"https:\/\/roveyayinevi.com.tr\/index.php\/wp-json\/wp\/v2\/product_cat?post=752868"},{"taxonomy":"product_tag","embeddable":true,"href":"https:\/\/roveyayinevi.com.tr\/index.php\/wp-json\/wp\/v2\/product_tag?post=752868"}],"curies":[{"name":"wp","href":"https:\/\/api.w.org\/{rel}","templated":true}]}}