{"id":752867,"date":"2025-08-28T05:27:14","date_gmt":"2025-08-28T02:27:14","guid":{"rendered":"https:\/\/roveyayinevi.com.tr\/index.php\/urun\/mardin-suryanileri\/"},"modified":"2026-04-16T03:06:04","modified_gmt":"2026-04-16T00:06:04","slug":"mardin-suryanileri","status":"publish","type":"product","link":"https:\/\/roveyayinevi.com.tr\/index.php\/urun\/mardin-suryanileri\/","title":{"rendered":"Mardin S\u00fcryanileri"},"content":{"rendered":"<p>Mezopotamya\u2019n\u0131n ilk sakinleri, S\u00fcryaniler\u2026 4000 seneyi a\u015fk\u0131n bu co\u011frafyada ya\u015famlar\u0131n\u0131 idame ettiren ho\u015fg\u00f6r\u00fc ve tevazu sahibi insanlar\u2026 B\u00f6lgedeki Araplar, K\u00fcrtler, Yezidiler ve T\u00fcrkler ile muhabbet i\u00e7inde ya\u015fayan S\u00fcryaniler\u2026 Gerek tarihi g\u00fczellikleriyle gerekse birden fazla din\u00ee inan\u0131\u015fa mensup hakl\u0131 i\u00e7inde bar\u0131nd\u0131ran kadim \u015fehir Mardin\u2019in, kadim halklar\u0131ndan olan S\u00fcryanileri ele ald\u0131\u011f\u0131m\u0131z bu eserde say\u0131s\u0131z kaynaktan derlemeler yapt\u0131k.  Mardin\u2019de, ayn\u0131 topraklarda, senelerdir beraber ya\u015fad\u0131\u011f\u0131m\u0131z ve g\u00fcnl\u00fck hayatta ancak din adamlar\u0131n\u0131n, rahiplerin, metropolitlerin k\u0131yafetlerinden S\u00fcryani olduklar\u0131n\u0131n fark\u0131na vard\u0131\u011f\u0131m\u0131z insanlar\u0131n g\u00fcndelik hayatlar\u0131na, inan\u00e7lar\u0131na, e\u015fsiz k\u00fclt\u00fcrlerine de\u011findik ve onlar\u0131 sizlerle bulu\u015fturduk. Zaman zaman S\u00fcryani mutfa\u011f\u0131ndan, S\u00fcryani d\u00fc\u011f\u00fcnlerinden zaman zamanda d\u00fcnyan\u0131n hi\u00e7bir yerinde e\u015fi benzeri bulunmayan telk\u00e2ri sanat\u0131ndan bahsettik. Gelin sizlerle beraber bu kadim kentin ve kadim halk\u0131n\u0131n e\u015fsiz k\u00fclt\u00fcr\u00fcne beraber bakal\u0131m. <\/p>\n","protected":false},"excerpt":{"rendered":"<p>Mezopotamya\u2019n\u0131n ilk sakinleri, S\u00fcryaniler\u2026 4000 seneyi a\u015fk\u0131n bu co\u011frafyada ya\u015famlar\u0131n\u0131 idame ettiren ho\u015fg\u00f6r\u00fc ve tevazu sahibi insanlar\u2026 B\u00f6lgedeki Araplar, K\u00fcrtler, Yezidiler ve T\u00fcrkler ile muhabbet i\u00e7inde<span class=\"excerpt-hellip\"> [\u2026]<\/span><\/p>\n","protected":false},"featured_media":0,"template":"","meta":{"_monsterinsights_skip_tracking":false,"_monsterinsights_sitenote_active":false,"_monsterinsights_sitenote_note":"","_monsterinsights_sitenote_category":0},"product_brand":[],"product_cat":[12370,12304],"product_tag":[],"class_list":{"0":"post-752867","1":"product","2":"type-product","3":"status-publish","5":"product_cat-arastirma-inceleme","6":"product_cat-tarih","7":"pa_cilt-ciltsiz","8":"pa_tur-kitap","9":"pa_yayinevi-cinaralti-yayinlari","10":"pa_yazar-kubra-nur-ekmen","12":"first","13":"instock","14":"sale","15":"shipping-taxable","16":"purchasable","17":"product-type-simple"},"_links":{"self":[{"href":"https:\/\/roveyayinevi.com.tr\/index.php\/wp-json\/wp\/v2\/product\/752867","targetHints":{"allow":["GET"]}}],"collection":[{"href":"https:\/\/roveyayinevi.com.tr\/index.php\/wp-json\/wp\/v2\/product"}],"about":[{"href":"https:\/\/roveyayinevi.com.tr\/index.php\/wp-json\/wp\/v2\/types\/product"}],"wp:attachment":[{"href":"https:\/\/roveyayinevi.com.tr\/index.php\/wp-json\/wp\/v2\/media?parent=752867"}],"wp:term":[{"taxonomy":"product_brand","embeddable":true,"href":"https:\/\/roveyayinevi.com.tr\/index.php\/wp-json\/wp\/v2\/product_brand?post=752867"},{"taxonomy":"product_cat","embeddable":true,"href":"https:\/\/roveyayinevi.com.tr\/index.php\/wp-json\/wp\/v2\/product_cat?post=752867"},{"taxonomy":"product_tag","embeddable":true,"href":"https:\/\/roveyayinevi.com.tr\/index.php\/wp-json\/wp\/v2\/product_tag?post=752867"}],"curies":[{"name":"wp","href":"https:\/\/api.w.org\/{rel}","templated":true}]}}