{"id":752861,"date":"2025-08-28T05:27:07","date_gmt":"2025-08-28T02:27:07","guid":{"rendered":"https:\/\/roveyayinevi.com.tr\/index.php\/urun\/4-sinif-zihin-calistiran-eglenceli-kanguru-matematik\/"},"modified":"2026-04-16T03:06:04","modified_gmt":"2026-04-16T00:06:04","slug":"4-sinif-zihin-calistiran-eglenceli-kanguru-matematik","status":"publish","type":"product","link":"https:\/\/roveyayinevi.com.tr\/index.php\/urun\/4-sinif-zihin-calistiran-eglenceli-kanguru-matematik\/","title":{"rendered":"4. S\u0131n\u0131f Zihin \u00c7al\u0131\u015ft\u0131ran E\u011flenceli Kanguru Matematik"},"content":{"rendered":"<p>4. S\u0131n\u0131f Zihin \u00c7al\u0131\u015ft\u0131ran E\u011flenceli Kanguru Matematik Sorular\u0131   Yar\u0131n\u0131n geleceg\u0306i o\u0308g\u0306rencilerimiz ic\u0327in haz\u0131rlanm\u0131s\u0327 olan &#8220;Kanguru Test Zihin \u00c7al\u0131\u015ft\u0131ran E\u011flenceli Kanguru Matematik Sorular\u0131\u201d kitab\u0131nda yarat\u0131c\u0131 ve g\u00fcnl\u00fck hayattan se\u00e7ilen problemlerle \u00f6\u011frencilerin matematiksel d\u00fc\u015f\u00fcnme becerisi, mant\u0131k ve muhakemesinin geli\u015ftirilmesi hedeflenmi\u015ftir.Bilgiyi eg\u0306lenceli hale getiren bu kitap; kendine gu\u0308venen, bilgiye merakl\u0131, ak\u0131l yu\u0308ru\u0308tebilen o\u0308g\u0306rencilerin yetis\u0327mesini sag\u0306layacakt\u0131r. Her bir soruyla \u00f6\u011frencinin, matemati\u011fe kar\u015f\u0131 ilgisini art\u0131rma, g\u00fcnl\u00fck hayatta kar\u015f\u0131m\u0131za \u00e7\u0131kabilecek problemlerle ba\u015fa \u00e7\u0131kabilmesi ama\u00e7lanm\u0131\u015ft\u0131r.Bu kitapta yer alan sorular; \u00f6\u011frencinin kar\u015f\u0131la\u015ft\u0131\u011f\u0131 zorluklarla m\u00fccadele edebilmesi ve kar\u015f\u0131la\u015ft\u0131\u011f\u0131 zorlu\u011fu t\u00fcm boyutlar\u0131yla inceleyebilmesi, \u00f6\u011frendiklerini sosyal hayata aktarabilmesi i\u00e7in tasarland\u0131. Kanguru test matematik olimpiyatlar\u0131 e\u011flenceli sorular kitab\u0131nda, uzmanlar taraf\u0131ndan haz\u0131rlanan sorular 3 puanl\u0131k, 4 puanl\u0131k ve 5 puanl\u0131k olacak \u015fekilde kategorize edilmi\u015ftir.Uluslararas\u0131 kanguru matematik olimpiyatlar\u0131 i\u00e7in haz\u0131rlanan bu kitap, s\u0131navlarda  ihtiya\u00e7 duyulan mant\u0131k ve muhakemenin geli\u015fmesi i\u00e7in bir temel olu\u015fturur. Ayr\u0131ca yeni nesil sorular\u0131 anlamam\u0131z i\u00e7in bir f\u0131rsat sunar.   Yeni nesil E\u011eLENCEL\u0130 SORULARLA matemati\u011fin e\u011flenceli d\u00fcnyas\u0131n\u0131 ke\u015ffetmeye haz\u0131r m\u0131s\u0131n? <\/p>\n","protected":false},"excerpt":{"rendered":"<p>4. S\u0131n\u0131f Zihin \u00c7al\u0131\u015ft\u0131ran E\u011flenceli Kanguru Matematik Sorular\u0131 Yar\u0131n\u0131n geleceg\u0306i o\u0308g\u0306rencilerimiz ic\u0327in haz\u0131rlanm\u0131s\u0327 olan &#8220;Kanguru Test Zihin \u00c7al\u0131\u015ft\u0131ran E\u011flenceli Kanguru Matematik Sorular\u0131\u201d kitab\u0131nda yarat\u0131c\u0131 ve g\u00fcnl\u00fck<span class=\"excerpt-hellip\"> [\u2026]<\/span><\/p>\n","protected":false},"featured_media":0,"template":"","meta":{"_monsterinsights_skip_tracking":false,"_monsterinsights_sitenote_active":false,"_monsterinsights_sitenote_note":"","_monsterinsights_sitenote_category":0},"product_brand":[],"product_cat":[82979,12566,45576,42911,13473],"product_tag":[],"class_list":{"0":"post-752861","1":"product","2":"type-product","3":"status-publish","5":"product_cat-4-sinif-matematik","6":"product_cat-egitim","7":"product_cat-ilkogretim-4-sinif","8":"product_cat-ilkogretim-yardimci-kitaplar","9":"product_cat-sinavlara-hazirlik-okula-yardimci-kaynaklar","10":"pa_cilt-ciltsiz","11":"pa_tur-kitap","12":"pa_yayinevi-dikkat-atolyesi-yayinlari","13":"pa_yazar-kolektif","15":"first","16":"instock","17":"sale","18":"shipping-taxable","19":"purchasable","20":"product-type-simple"},"_links":{"self":[{"href":"https:\/\/roveyayinevi.com.tr\/index.php\/wp-json\/wp\/v2\/product\/752861","targetHints":{"allow":["GET"]}}],"collection":[{"href":"https:\/\/roveyayinevi.com.tr\/index.php\/wp-json\/wp\/v2\/product"}],"about":[{"href":"https:\/\/roveyayinevi.com.tr\/index.php\/wp-json\/wp\/v2\/types\/product"}],"wp:attachment":[{"href":"https:\/\/roveyayinevi.com.tr\/index.php\/wp-json\/wp\/v2\/media?parent=752861"}],"wp:term":[{"taxonomy":"product_brand","embeddable":true,"href":"https:\/\/roveyayinevi.com.tr\/index.php\/wp-json\/wp\/v2\/product_brand?post=752861"},{"taxonomy":"product_cat","embeddable":true,"href":"https:\/\/roveyayinevi.com.tr\/index.php\/wp-json\/wp\/v2\/product_cat?post=752861"},{"taxonomy":"product_tag","embeddable":true,"href":"https:\/\/roveyayinevi.com.tr\/index.php\/wp-json\/wp\/v2\/product_tag?post=752861"}],"curies":[{"name":"wp","href":"https:\/\/api.w.org\/{rel}","templated":true}]}}