{"id":752860,"date":"2025-08-28T05:27:06","date_gmt":"2025-08-28T02:27:06","guid":{"rendered":"https:\/\/roveyayinevi.com.tr\/index.php\/urun\/100-yilinda-cumhuriyetin-yazini\/"},"modified":"2026-04-16T03:06:04","modified_gmt":"2026-04-16T00:06:04","slug":"100-yilinda-cumhuriyetin-yazini","status":"publish","type":"product","link":"https:\/\/roveyayinevi.com.tr\/index.php\/urun\/100-yilinda-cumhuriyetin-yazini\/","title":{"rendered":"100. Y\u0131l\u0131nda Cumhuriyet\u2019in Yaz\u0131n\u0131"},"content":{"rendered":"<p>Atat\u00fcrk \u00f6nc\u00fcl\u00fc\u011f\u00fcndeki T\u00fcrk Devrimi, ses bayra\u011f\u0131m\u0131z olan T\u00fcrk\u00e7emizi de uzun s\u00fcre uzak kald\u0131\u011f\u0131 g\u00f6ndere \u00e7ekmeyi ba\u015farm\u0131\u015f, devrimimizin yeti\u015ftirdi\u011fi ku\u015faklar, yaz\u0131n alan\u0131na yeni ve yetkin bir soluk getirmi\u015ftir. Albert Camus\u2019n\u00fcn s\u00f6zleriyle \u201cedebiyat olan her yerde umut vard\u0131r.\u201d Cumhuriyet de y\u00fcz y\u0131l \u00f6nce, i\u00e7ine do\u011fdu\u011fu topluma umut a\u015f\u0131lam\u0131\u015f, T\u00fcrk\u00e7eyi evrensel bir yaz\u0131n dili olarak insanl\u0131\u011fa arma\u011fan etmi\u015ftir. Evrensel uygarl\u0131\u011f\u0131 ve \u00e7a\u011fda\u015fla\u015fmay\u0131 ancak toplumun sosyok\u00fclt\u00fcrel yap\u0131s\u0131n\u0131 d\u00f6n\u00fc\u015ft\u00fcrerek yakalayabilece\u011fini kavrayan Cumhuriyet, yaz\u0131n alan\u0131na getirdi\u011fi bu yeni solukla d\u00fcnya edebiyat tarihine ge\u00e7en eserlerin verilmesinin de \u00f6nc\u00fcl\u00fc\u011f\u00fcn\u00fc \u00fcstlenmi\u015ftir. Hikmet Alt\u0131nkaynak, Feridun Anda\u00e7, M. Sad\u0131k Aslankara ve \u00d6ner Ya\u011fc\u0131 gibi alan\u0131nda uzman yazarlar\u0131n \u015fiir, deneme, \u00f6yk\u00fc ve romandaki at\u0131l\u0131m\u0131n 100 y\u0131ll\u0131k \u00f6yk\u00fcs\u00fcn\u00fc anlatt\u0131\u011f\u0131 100. Y\u0131l\u0131nda Cumhuriyet\u2019in Yaz\u0131n\u0131, edebiyata ilgi duyan t\u00fcm okurlar\u0131n kitapl\u0131\u011f\u0131nda bulunmas\u0131 gereken, almanak niteli\u011finde bir ba\u015fvuru kayna\u011f\u0131d\u0131r. <\/p>\n","protected":false},"excerpt":{"rendered":"<p>Atat\u00fcrk \u00f6nc\u00fcl\u00fc\u011f\u00fcndeki T\u00fcrk Devrimi, ses bayra\u011f\u0131m\u0131z olan T\u00fcrk\u00e7emizi de uzun s\u00fcre uzak kald\u0131\u011f\u0131 g\u00f6ndere \u00e7ekmeyi ba\u015farm\u0131\u015f, devrimimizin yeti\u015ftirdi\u011fi ku\u015faklar, yaz\u0131n alan\u0131na yeni ve yetkin bir soluk<span class=\"excerpt-hellip\"> [\u2026]<\/span><\/p>\n","protected":false},"featured_media":0,"template":"","meta":{"_monsterinsights_skip_tracking":false,"_monsterinsights_sitenote_active":false,"_monsterinsights_sitenote_note":"","_monsterinsights_sitenote_category":0},"product_brand":[],"product_cat":[13072,12291],"product_tag":[],"class_list":{"0":"post-752860","1":"product","2":"type-product","3":"status-publish","5":"product_cat-arastirma-inceleme-referans","6":"product_cat-edebiyat","7":"pa_cilt-ciltsiz","8":"pa_tur-kitap","9":"pa_yayinevi-cumhuriyet-kitaplari","10":"pa_yazar-kolektif","12":"first","13":"instock","14":"sale","15":"shipping-taxable","16":"purchasable","17":"product-type-simple"},"_links":{"self":[{"href":"https:\/\/roveyayinevi.com.tr\/index.php\/wp-json\/wp\/v2\/product\/752860","targetHints":{"allow":["GET"]}}],"collection":[{"href":"https:\/\/roveyayinevi.com.tr\/index.php\/wp-json\/wp\/v2\/product"}],"about":[{"href":"https:\/\/roveyayinevi.com.tr\/index.php\/wp-json\/wp\/v2\/types\/product"}],"wp:attachment":[{"href":"https:\/\/roveyayinevi.com.tr\/index.php\/wp-json\/wp\/v2\/media?parent=752860"}],"wp:term":[{"taxonomy":"product_brand","embeddable":true,"href":"https:\/\/roveyayinevi.com.tr\/index.php\/wp-json\/wp\/v2\/product_brand?post=752860"},{"taxonomy":"product_cat","embeddable":true,"href":"https:\/\/roveyayinevi.com.tr\/index.php\/wp-json\/wp\/v2\/product_cat?post=752860"},{"taxonomy":"product_tag","embeddable":true,"href":"https:\/\/roveyayinevi.com.tr\/index.php\/wp-json\/wp\/v2\/product_tag?post=752860"}],"curies":[{"name":"wp","href":"https:\/\/api.w.org\/{rel}","templated":true}]}}