{"id":752858,"date":"2025-08-28T05:27:03","date_gmt":"2025-08-28T02:27:03","guid":{"rendered":"https:\/\/roveyayinevi.com.tr\/index.php\/urun\/iyilesmek-icin-arinma\/"},"modified":"2026-04-16T03:06:04","modified_gmt":"2026-04-16T00:06:04","slug":"iyilesmek-icin-arinma","status":"publish","type":"product","link":"https:\/\/roveyayinevi.com.tr\/index.php\/urun\/iyilesmek-icin-arinma\/","title":{"rendered":"\u0130yile\u015fmek \u0130\u00e7in Ar\u0131nma"},"content":{"rendered":"<p>V\u00dcCUDUMUZDA TERS G\u0130DEN \u015eEYLER \u0130\u00c7\u0130N ARINMALAR   New York Times \u00e7oksatan yazar\u0131 Anthony William\u2019dan, iki y\u00fczden fazla belirti ve hastal\u0131\u011f\u0131n ger\u00e7ek nedenlerini, 3:6:9 Ar\u0131nmas\u0131 ile di\u011fer hayat kurtaran Medikal Medyum ar\u0131nmalar\u0131n\u0131n ve \u00f6zel takviye dozajlar\u0131n\u0131n iyile\u015fmek i\u00e7in size nas\u0131l yard\u0131mc\u0131 olabilece\u011fini \u00f6\u011frenin.   ADRENAL SORUNLARIAKNEALZHEIMER VE DEMANSANKS\u0130YETEANOREKS\u0130YA VE BULIMIAA\u015eIRI AKT\u0130F MESANEBA\u011eIMLILIKBA\u015e A\u011eRISI VE M\u0130GRENBESLENME BOZUKLUKLARIBEY\u0130N S\u0130S\u0130BEZG\u0130NL\u0130KBO\u011eAZ A\u011eRISIDEPRESYONDER\u0130 RAHATSIZLIKLARID\u0130VERT\u0130K\u00dcL\u0130TEGZAMA VE SEDEF HASTALI\u011eIEKLEM A\u011eRILARIENDOMETRIOZISF\u0130BRO\u0130DLERF\u0130BROM\u0130YALJ\u0130G\u0130ZEML\u0130 A\u00c7LIKGLOKOMG\u00d6ZDE U\u00c7U\u015eAN C\u0130S\u0130MLERHERPES S\u0130MPLEKS HORMON SORUNLARIHUZURSUZ BA\u011eIRSAK SENDROMU-IBS\u0130DRAR YOLLARI ENFEKS\u0130YONU\u0130LT\u0130HAP\u0130NCEBA\u011eIRSAKTA A\u015eIRI BAKTER\u0130 \u00dcREMES\u0130-SIBO\u0130NSAN PAPILLOMA V\u0130R\u00dcS\u00dc-HPV\u0130SHALKABIZLIKKALP \u00c7ARPINTISIKANSERKISIRLIKK\u0130LO ALMAKONJUKT\u0130V\u0130TKULAK ENFEKS\u0130YONULYME HASTALI\u011eIENOPOZ BEL\u0130RT\u0130LER\u0130MONON\u00dcKLEOZMULTIPLE SKLEROZ-MSN\u00d6ROLOJ\u0130K BEL\u0130RT\u0130LEROBSES\u0130F KOMPULS\u0130F BOZUKLUK- OCDOTO\u0130MM\u00dcN D\u00dcZENS\u0130ZL\u0130KLERPARK\u0130NSONPOL\u0130K\u0130ST\u0130K OVER SENDROMU-PCOSSA\u00c7 D\u00d6K\u00dcLMES\u0130S\u0130N\u00dcS ENFEKS\u0130YONLARISO\u011eUK ALGINLI\u011eI VE GR\u0130PSU\u00c7LULUK DUYGUSU VE H\u00dcZ\u00dcN\u015e\u0130\u015eK\u0130NL\u0130KT\u0130RO\u0130T RAHATSIZLIKLARIT\u00dcKENM\u0130\u015eL\u0130KT\u00dcM\u00d6RLER VE K\u0130STLERUYKUSUZLUKVERT\u0130GOYA\u015eLANMAY\u00dcKSEK KOLESTEROLY\u00dcKSEK TANS\u0130YONZONA  \u201cAnthony sa\u011fl\u0131kta en \u00fcst d\u00fczeye ula\u015fmak i\u00e7in uydurma \u015feyler ve ge\u00e7ici bir moda sunmuyor bize. Tavsiye etti\u011fi yiyecekler ve ar\u0131nma programlar\u0131 basit, leziz, hepsinin \u00f6tesinde de \u0130\u015eE YARIYOR! A\u011fr\u0131larla, bitkinlikle, beyin sisiyle, ba\u011f\u0131rsak d\u00fczensizlikleriyle ve ba\u015fka bir s\u00fcr\u00fc can s\u0131k\u0131c\u0131 rahats\u0131zl\u0131kla ya\u015famaktan usand\u0131ysan\u0131z di\u011fer her \u015feyi bir tarafa b\u0131rak\u0131p bu kitab\u0131 (ve Anthony\u2019nin di\u011fer kitaplar\u0131n\u0131) okuyun. Anthony sa\u011fl\u0131\u011f\u0131 ve umudu hayat\u0131n\u0131za \u00e7abucak geri ta\u015f\u0131yacak.\u201d &#8211; Hilary Swank, Oscar \u00d6d\u00fcll\u00fc aktris <\/p>\n","protected":false},"excerpt":{"rendered":"<p>V\u00dcCUDUMUZDA TERS G\u0130DEN \u015eEYLER \u0130\u00c7\u0130N ARINMALAR New York Times \u00e7oksatan yazar\u0131 Anthony William\u2019dan, iki y\u00fczden fazla belirti ve hastal\u0131\u011f\u0131n ger\u00e7ek nedenlerini, 3:6:9 Ar\u0131nmas\u0131 ile di\u011fer hayat<span class=\"excerpt-hellip\"> [\u2026]<\/span><\/p>\n","protected":false},"featured_media":0,"template":"","meta":{"_monsterinsights_skip_tracking":false,"_monsterinsights_sitenote_active":false,"_monsterinsights_sitenote_note":"","_monsterinsights_sitenote_category":0},"product_brand":[],"product_cat":[20313,13365],"product_tag":[],"class_list":{"0":"post-752858","1":"product","2":"type-product","3":"status-publish","5":"product_cat-basvuru-kitaplari-saglik","6":"product_cat-saglik","7":"pa_cilt-ciltsiz","8":"pa_tur-kitap","9":"pa_yayinevi-nemesis-kitap","10":"pa_yazar-anthony-william","12":"first","13":"instock","14":"sale","15":"shipping-taxable","16":"purchasable","17":"product-type-simple"},"_links":{"self":[{"href":"https:\/\/roveyayinevi.com.tr\/index.php\/wp-json\/wp\/v2\/product\/752858","targetHints":{"allow":["GET"]}}],"collection":[{"href":"https:\/\/roveyayinevi.com.tr\/index.php\/wp-json\/wp\/v2\/product"}],"about":[{"href":"https:\/\/roveyayinevi.com.tr\/index.php\/wp-json\/wp\/v2\/types\/product"}],"wp:attachment":[{"href":"https:\/\/roveyayinevi.com.tr\/index.php\/wp-json\/wp\/v2\/media?parent=752858"}],"wp:term":[{"taxonomy":"product_brand","embeddable":true,"href":"https:\/\/roveyayinevi.com.tr\/index.php\/wp-json\/wp\/v2\/product_brand?post=752858"},{"taxonomy":"product_cat","embeddable":true,"href":"https:\/\/roveyayinevi.com.tr\/index.php\/wp-json\/wp\/v2\/product_cat?post=752858"},{"taxonomy":"product_tag","embeddable":true,"href":"https:\/\/roveyayinevi.com.tr\/index.php\/wp-json\/wp\/v2\/product_tag?post=752858"}],"curies":[{"name":"wp","href":"https:\/\/api.w.org\/{rel}","templated":true}]}}