{"id":752857,"date":"2025-08-28T05:27:02","date_gmt":"2025-08-28T02:27:02","guid":{"rendered":"https:\/\/roveyayinevi.com.tr\/index.php\/urun\/her-bir-sir\/"},"modified":"2026-04-16T03:06:04","modified_gmt":"2026-04-16T00:06:04","slug":"her-bir-sir","status":"publish","type":"product","link":"https:\/\/roveyayinevi.com.tr\/index.php\/urun\/her-bir-sir\/","title":{"rendered":"Her Bir S\u0131r"},"content":{"rendered":"<p>TEK \u0130STE\u011e\u0130 Y\u00dcKSEK STANDARTLARDA B\u0130R HAYAT YA\u015eAMAKTI. O HAYAT \u015e\u0130MD\u0130L\u0130K B\u0130R BA\u015eKASINA A\u0130TT\u0130.  AMA BU, \u00c7OK UZUN S\u00dcRMEYECEKT\u0130.     Cat Winthorpe, sahip olduklar\u0131na ula\u015fabilmek i\u00e7in \u00e7ok \u00e7al\u0131\u015fm\u0131\u015ft\u0131: g\u00f6z al\u0131c\u0131 bir ev, sosyal stat\u00fc ve ba\u015far\u0131l\u0131 oldu\u011fu kadar yak\u0131\u015f\u0131kl\u0131 kocas\u0131. Ta ki yan binalar\u0131na arkada\u015f canl\u0131s\u0131 yeni bir \u00e7ift ta\u015f\u0131nana dek. Cat, tedbiri elden b\u0131rakmadan iyi bir kom\u015fu olarak onlara samimiyetle yakla\u015fm\u0131\u015ft\u0131.   Neena Ryder, bo\u015fa vakit ge\u00e7irmekten ho\u015flanan kad\u0131nlardan de\u011fildi. S\u0131radan elbiseleri, ki\u015fisel sorunlar\u0131 ve hen\u00fcz vaatlerini yerine getirmemi\u015f kocas\u0131yla bir hayat s\u00fcren ya\u015fam ko\u00e7u Neena, bu d\u00fcnyada y\u00fckselmek i\u00e7in can at\u0131yordu. Yeni ta\u015f\u0131nd\u0131klar\u0131 bu g\u00fczel kasaba do\u011fru y\u00f6ne giden yolda ataca\u011f\u0131 ilk ad\u0131m olacak, ayn\u0131 zamanda Neena sahip olmad\u0131klar\u0131n\u0131 fark edecekti. Yani, William\u2019\u0131. Neena\u2019n\u0131n delice tutkusu tak\u0131nt\u0131 halini ald\u0131\u011f\u0131nda ise istedi\u011fi hayat\u0131, yani kom\u015fusunun hayat\u0131n\u0131 elde etmek i\u00e7in birka\u00e7 engeli ortadan kald\u0131rmas\u0131 yeterli olacakt\u0131.   Neena\u2019n\u0131n gizli saplant\u0131s\u0131 b\u00fcy\u00fcd\u00fck\u00e7e Cat ile olan arkada\u015fl\u0131\u011f\u0131 da ilerlemi\u015fti. Ama samimi yak\u0131nl\u0131klar\u0131n\u0131n alt\u0131nda ba\u015ftan \u00e7\u0131karmalar, s\u0131rlar ve zehirli k\u0131skan\u00e7l\u0131klar gizliydi. Her iki kad\u0131n i\u00e7in de m\u00fckemmel bir hayat ya\u015fama arzusu, olduk\u00e7a tehlikeli bir hal alacakt\u0131. <\/p>\n","protected":false},"excerpt":{"rendered":"<p>TEK \u0130STE\u011e\u0130 Y\u00dcKSEK STANDARTLARDA B\u0130R HAYAT YA\u015eAMAKTI. O HAYAT \u015e\u0130MD\u0130L\u0130K B\u0130R BA\u015eKASINA A\u0130TT\u0130. AMA BU, \u00c7OK UZUN S\u00dcRMEYECEKT\u0130. Cat Winthorpe, sahip olduklar\u0131na ula\u015fabilmek i\u00e7in \u00e7ok \u00e7al\u0131\u015fm\u0131\u015ft\u0131:<span class=\"excerpt-hellip\"> [\u2026]<\/span><\/p>\n","protected":false},"featured_media":0,"template":"","meta":{"_monsterinsights_skip_tracking":false,"_monsterinsights_sitenote_active":false,"_monsterinsights_sitenote_note":"","_monsterinsights_sitenote_category":0},"product_brand":[],"product_cat":[12291,17033],"product_tag":[],"class_list":{"0":"post-752857","1":"product","2":"type-product","3":"status-publish","5":"product_cat-edebiyat","6":"product_cat-korku-gerilim","7":"pa_cilt-ciltsiz","8":"pa_tur-kitap","9":"pa_yayinevi-marti-yayinlari","10":"pa_yazar-a-r-torre","12":"first","13":"instock","14":"sale","15":"shipping-taxable","16":"purchasable","17":"product-type-simple"},"_links":{"self":[{"href":"https:\/\/roveyayinevi.com.tr\/index.php\/wp-json\/wp\/v2\/product\/752857","targetHints":{"allow":["GET"]}}],"collection":[{"href":"https:\/\/roveyayinevi.com.tr\/index.php\/wp-json\/wp\/v2\/product"}],"about":[{"href":"https:\/\/roveyayinevi.com.tr\/index.php\/wp-json\/wp\/v2\/types\/product"}],"wp:attachment":[{"href":"https:\/\/roveyayinevi.com.tr\/index.php\/wp-json\/wp\/v2\/media?parent=752857"}],"wp:term":[{"taxonomy":"product_brand","embeddable":true,"href":"https:\/\/roveyayinevi.com.tr\/index.php\/wp-json\/wp\/v2\/product_brand?post=752857"},{"taxonomy":"product_cat","embeddable":true,"href":"https:\/\/roveyayinevi.com.tr\/index.php\/wp-json\/wp\/v2\/product_cat?post=752857"},{"taxonomy":"product_tag","embeddable":true,"href":"https:\/\/roveyayinevi.com.tr\/index.php\/wp-json\/wp\/v2\/product_tag?post=752857"}],"curies":[{"name":"wp","href":"https:\/\/api.w.org\/{rel}","templated":true}]}}