{"id":752841,"date":"2025-08-28T05:26:40","date_gmt":"2025-08-28T02:26:40","guid":{"rendered":"https:\/\/roveyayinevi.com.tr\/index.php\/urun\/problem-atolyesi\/"},"modified":"2026-04-16T03:06:04","modified_gmt":"2026-04-16T00:06:04","slug":"problem-atolyesi","status":"publish","type":"product","link":"https:\/\/roveyayinevi.com.tr\/index.php\/urun\/problem-atolyesi\/","title":{"rendered":"Problem At\u00f6lyesi"},"content":{"rendered":"<p>Problem At\u00f6lyesi, problemlere bak\u0131\u015f a\u00e7\u0131n\u0131z\u0131 de\u011fi\u015ftirecek!\u2022    Pek \u00e7ok problem tipinin \u00e7\u00f6z\u00fcm a\u015famalar\u0131n\u0131 inceleyerek \u00e7\u00f6z\u00fcm y\u00f6ntemlerini \u00f6\u011frenecek,\u2022    Verilen g\u00f6revleri tamamlayarak \u00f6\u011frendiklerinizi peki\u015ftirecek,\u2022    Kapaktaki kare kod ile \u00e7\u00f6z\u00fcmlere eri\u015fip eksikliklerinizi tamamlayacak,\u2022    \u201cY\u00f6ntemleri Birle\u015ftiren Problemler\u201d ile kal\u0131c\u0131 \u00f6\u011frenmeler edinecek,\u2022    \u201cBir Ad\u0131m \u00d6tesi\u201dndeki kare kodlar\u0131 okutarak tam \u00f6\u011frenme ger\u00e7ekle\u015ftireceksiniz. E\u011flenerek \u00f6\u011frenece\u011finiz bu kitap sayesinde esnek d\u00fc\u015f\u00fcnme beceriniz geli\u015fecek ve kar\u015f\u0131la\u015faca\u011f\u0131n\u0131z problemleri kolayl\u0131kla \u00e7\u00f6zd\u00fc\u011f\u00fcn\u00fcz\u00fc g\u00f6receksiniz.<\/p>\n","protected":false},"excerpt":{"rendered":"<p>Problem At\u00f6lyesi, problemlere bak\u0131\u015f a\u00e7\u0131n\u0131z\u0131 de\u011fi\u015ftirecek!\u2022 Pek \u00e7ok problem tipinin \u00e7\u00f6z\u00fcm a\u015famalar\u0131n\u0131 inceleyerek \u00e7\u00f6z\u00fcm y\u00f6ntemlerini \u00f6\u011frenecek,\u2022 Verilen g\u00f6revleri tamamlayarak \u00f6\u011frendiklerinizi peki\u015ftirecek,\u2022 Kapaktaki kare kod ile \u00e7\u00f6z\u00fcmlere<span class=\"excerpt-hellip\"> [\u2026]<\/span><\/p>\n","protected":false},"featured_media":0,"template":"","meta":{"_monsterinsights_skip_tracking":false,"_monsterinsights_sitenote_active":false,"_monsterinsights_sitenote_note":"","_monsterinsights_sitenote_category":0},"product_brand":[],"product_cat":[12274,15842],"product_tag":[],"class_list":{"0":"post-752841","1":"product","2":"type-product","3":"status-publish","5":"product_cat-cocuk-ve-genclik-kitaplari","6":"product_cat-egitici-kitaplar","7":"pa_cilt-ciltsiz","8":"pa_tur-kitap","9":"pa_yayinevi-tudem-yayinlari","10":"pa_yazar-kollektif","12":"first","13":"instock","14":"sale","15":"shipping-taxable","16":"purchasable","17":"product-type-simple"},"_links":{"self":[{"href":"https:\/\/roveyayinevi.com.tr\/index.php\/wp-json\/wp\/v2\/product\/752841","targetHints":{"allow":["GET"]}}],"collection":[{"href":"https:\/\/roveyayinevi.com.tr\/index.php\/wp-json\/wp\/v2\/product"}],"about":[{"href":"https:\/\/roveyayinevi.com.tr\/index.php\/wp-json\/wp\/v2\/types\/product"}],"wp:attachment":[{"href":"https:\/\/roveyayinevi.com.tr\/index.php\/wp-json\/wp\/v2\/media?parent=752841"}],"wp:term":[{"taxonomy":"product_brand","embeddable":true,"href":"https:\/\/roveyayinevi.com.tr\/index.php\/wp-json\/wp\/v2\/product_brand?post=752841"},{"taxonomy":"product_cat","embeddable":true,"href":"https:\/\/roveyayinevi.com.tr\/index.php\/wp-json\/wp\/v2\/product_cat?post=752841"},{"taxonomy":"product_tag","embeddable":true,"href":"https:\/\/roveyayinevi.com.tr\/index.php\/wp-json\/wp\/v2\/product_tag?post=752841"}],"curies":[{"name":"wp","href":"https:\/\/api.w.org\/{rel}","templated":true}]}}