{"id":752833,"date":"2025-08-28T05:26:28","date_gmt":"2025-08-28T02:26:28","guid":{"rendered":"https:\/\/roveyayinevi.com.tr\/index.php\/urun\/doktordan-az-kullanilmis\/"},"modified":"2026-04-16T03:06:04","modified_gmt":"2026-04-16T00:06:04","slug":"doktordan-az-kullanilmis","status":"publish","type":"product","link":"https:\/\/roveyayinevi.com.tr\/index.php\/urun\/doktordan-az-kullanilmis\/","title":{"rendered":"Doktordan Az Kullan\u0131lm\u0131\u015f"},"content":{"rendered":"<p>BU K\u0130TAP S\u0130ZE \u0130Y\u0130 GELECEK\u2026 Mutsuzluk g\u00fcn\u00fcm\u00fcz insan\u0131n\u0131n en b\u00fcy\u00fck derdi. \u201c\u00c7ok g\u00fclen \u00e7ok a\u011flar\u201d s\u00f6z\u00fc ile b\u00fcy\u00fcm\u00fc\u015f nesiller var \u00fclkemizde. Oysa mutlu olmak, g\u00fcl\u00fcmsemek sa\u011fl\u0131kl\u0131 bir ya\u015fam\u0131n ilk \u015fart\u0131. Bu kitap size g\u00fcl\u00fcmsemeyi vaat ediyor, \u00fcstelik bir onkoloji uzman\u0131n\u0131n kaleminden\u2026 Dr. Tayfun Hanc\u0131lar hekimli\u011fin yan\u0131 s\u0131ra m\u00fczi\u011fe de g\u00f6n\u00fcl vermi\u015f, \u00e7ok say\u0131da m\u00fczik eserine imzas\u0131n\u0131 atm\u0131\u015f, mesleki birikimini yans\u0131tt\u0131\u011f\u0131 Kanser Bitti, Ya \u015eimdi adl\u0131 kitab\u0131n yazar\u0131 \u00e7ok y\u00f6nl\u00fc ve renkli bir ki\u015filik. En \u00f6nemlisi de, yapt\u0131\u011f\u0131 her i\u015fte g\u00fcl\u00fcmsemenin sihirli g\u00fcc\u00fcne inananlardan. \u0130nsana, hayata, ili\u015fkilere dair bir\u00e7ok konuyu mizahi bir dille ele ald\u0131\u011f\u0131 Doktordan Az Kullan\u0131lm\u0131\u015f kitab\u0131nda da okurlar\u0131n\u0131 hayata g\u00fcl\u00fcmseyerek bakmaya davet ediyor. \u201cA\u015fk\u0131n \u00f6mr\u00fc ka\u00e7 y\u0131ld\u0131r? Kad\u0131nlar neden daha uzun ya\u015far? Kim daha iyi yalan s\u00f6yler? Cimri e\u015f neden tercih edilmelidir?\u201d gibi ba\u015fl\u0131klara dair g\u00f6r\u00fc\u015flerini, hayat deneyimleri ve an\u0131lar e\u015fli\u011finde anlat\u0131rken sizi farkl\u0131, keyifli bir d\u00fcnyaya davet ediyor.   \u201cT\u00fcrkiye \u2018mutsuzluk\u2019 s\u0131ralamas\u0131nda epey \u00f6n s\u0131ralarda. Ben de 32 y\u0131ll\u0131k bir onkolog olarak hayat\u0131m boyunca mutsuzluk yerine g\u00fcl\u00fcmsemeyi tercih ettim. Yapabildi\u011fim kadar\u0131yla\u2026 Bu kitap y\u00fcz\u00fcn\u00fczde hafif bir g\u00fcl\u00fcmseme yaratabilmek i\u00e7in yaz\u0131ld\u0131. \u0130lk on sayfay\u0131 okuyup kendinizi mutlu hissediyorsan\u0131z devam edin\u2026 Sonuna kadar geldiyseniz tebrikler, \u2018mutlulu\u011fu ve g\u00fclmeyi\u2019 seven birisiniz demektir. Unutmay\u0131n sa\u011fl\u0131k en \u00f6nemli varl\u0131\u011f\u0131m\u0131z ve sa\u011fl\u0131k da ancak mutlu beyinlerde olur.\u201d <\/p>\n","protected":false},"excerpt":{"rendered":"<p>BU K\u0130TAP S\u0130ZE \u0130Y\u0130 GELECEK\u2026 Mutsuzluk g\u00fcn\u00fcm\u00fcz insan\u0131n\u0131n en b\u00fcy\u00fck derdi. \u201c\u00c7ok g\u00fclen \u00e7ok a\u011flar\u201d s\u00f6z\u00fc ile b\u00fcy\u00fcm\u00fc\u015f nesiller var \u00fclkemizde. Oysa mutlu olmak, g\u00fcl\u00fcmsemek sa\u011fl\u0131kl\u0131<span class=\"excerpt-hellip\"> [\u2026]<\/span><\/p>\n","protected":false},"featured_media":0,"template":"","meta":{"_monsterinsights_skip_tracking":false,"_monsterinsights_sitenote_active":false,"_monsterinsights_sitenote_note":"","_monsterinsights_sitenote_category":0},"product_brand":[],"product_cat":[13701,12291],"product_tag":[],"class_list":{"0":"post-752833","1":"product","2":"type-product","3":"status-publish","5":"product_cat-ani-mektup-gunluk","6":"product_cat-edebiyat","7":"pa_cilt-ciltsiz","8":"pa_tur-kitap","9":"pa_yayinevi-muptela-yayinevi","10":"pa_yazar-tayfun-hancilar","12":"first","13":"instock","14":"sale","15":"shipping-taxable","16":"purchasable","17":"product-type-simple"},"_links":{"self":[{"href":"https:\/\/roveyayinevi.com.tr\/index.php\/wp-json\/wp\/v2\/product\/752833","targetHints":{"allow":["GET"]}}],"collection":[{"href":"https:\/\/roveyayinevi.com.tr\/index.php\/wp-json\/wp\/v2\/product"}],"about":[{"href":"https:\/\/roveyayinevi.com.tr\/index.php\/wp-json\/wp\/v2\/types\/product"}],"wp:attachment":[{"href":"https:\/\/roveyayinevi.com.tr\/index.php\/wp-json\/wp\/v2\/media?parent=752833"}],"wp:term":[{"taxonomy":"product_brand","embeddable":true,"href":"https:\/\/roveyayinevi.com.tr\/index.php\/wp-json\/wp\/v2\/product_brand?post=752833"},{"taxonomy":"product_cat","embeddable":true,"href":"https:\/\/roveyayinevi.com.tr\/index.php\/wp-json\/wp\/v2\/product_cat?post=752833"},{"taxonomy":"product_tag","embeddable":true,"href":"https:\/\/roveyayinevi.com.tr\/index.php\/wp-json\/wp\/v2\/product_tag?post=752833"}],"curies":[{"name":"wp","href":"https:\/\/api.w.org\/{rel}","templated":true}]}}