{"id":752829,"date":"2025-08-28T05:26:09","date_gmt":"2025-08-28T02:26:09","guid":{"rendered":"https:\/\/roveyayinevi.com.tr\/index.php\/urun\/evdeki-israr\/"},"modified":"2026-04-16T03:06:03","modified_gmt":"2026-04-16T00:06:03","slug":"evdeki-israr","status":"publish","type":"product","link":"https:\/\/roveyayinevi.com.tr\/index.php\/urun\/evdeki-israr\/","title":{"rendered":"Evdeki Israr"},"content":{"rendered":"<p>\u201cYazar, neden yazar?\u201d   Evdeki Israr\u2019da, \u0131srar\u0131n sebebini soru\u015fturmak i\u00e7in \u00f6ncelikle bir ev in\u015fa ediyor Mehmet \u00d6zkan \u015e\u00fck\u00fcran. Yaz\u0131y\u0131 yurt, dili toprak, edebiyat\u0131 \u00fclke k\u0131lmak \u00fczerine d\u00fc\u015f\u00fcn\u00fcyor. Yaz\u0131y\u0131 bir ileti\u015fim arac\u0131ndan ibaret g\u00f6rmedi\u011fimiz, ayn\u0131 zamanda bir ileti\u015fim mek\u00e2n\u0131, bulu\u015fma mek\u00e2n\u0131 oldu\u011funu belirtti\u011fimizde \u00f6nceledi\u011fimiz yurdu geziyor, topra\u011f\u0131 anlamaya \u00e7al\u0131\u015f\u0131yor.   Yazar, neden bu yurdu \u00f6ncelemek ister? Evi y\u0131k\u0131ld\u0131\u011f\u0131nda, eve d\u00f6nmenin yollar\u0131 kapand\u0131\u011f\u0131nda neden yeni bir yurt in\u015fa etmeye \u00e7abalar? Yazman\u0131n, yazarak bir in\u015faya giri\u015fmenin, yaz\u0131yla s\u0131\u011f\u0131nacak yeni bir ev kurman\u0131n anlam\u0131 nedir?   \u015eair, bu kez denemeleriyle okur kar\u015f\u0131s\u0131nda. Dilin ve edebiyat\u0131n tel \u00f6rg\u00fclerini a\u015farak.   \u201cPolitik m\u00fccadeleyle \u00e7\u00f6z\u00fclebilecek bir \u015feyi edebiyattan veya genel olarak sanatsal \u00fcretimden beklemenin garabeti&#8230; Edebiyat, politik m\u00fccadelenin iskeletinin olu\u015fumunda yaln\u0131zca bir payanda i\u015flevi g\u00f6rebilmi\u015f. Hayat kar\u015f\u0131s\u0131nda edebiyat. Bu ifade de bir ba\u011flam olu\u015fturmuyor. Edebiyat; daha de\u011ferli bir alan, bir konum yaratmamakla birlikte \u2013bu ba\u011flam\u0131n d\u0131\u015f\u0131na \u00e7\u0131k\u0131p s\u00f6ylersek\u2013 her \u015feyden \u00f6nce hayat\u0131n kar\u015f\u0131s\u0131nda \u00e7ok hafif kal\u0131yor.\u201d <\/p>\n","protected":false},"excerpt":{"rendered":"<p>\u201cYazar, neden yazar?\u201d Evdeki Israr\u2019da, \u0131srar\u0131n sebebini soru\u015fturmak i\u00e7in \u00f6ncelikle bir ev in\u015fa ediyor Mehmet \u00d6zkan \u015e\u00fck\u00fcran. Yaz\u0131y\u0131 yurt, dili toprak, edebiyat\u0131 \u00fclke k\u0131lmak \u00fczerine d\u00fc\u015f\u00fcn\u00fcyor.<span class=\"excerpt-hellip\"> [\u2026]<\/span><\/p>\n","protected":false},"featured_media":0,"template":"","meta":{"_monsterinsights_skip_tracking":false,"_monsterinsights_sitenote_active":false,"_monsterinsights_sitenote_note":"","_monsterinsights_sitenote_category":0},"product_brand":[],"product_cat":[12777,12291],"product_tag":[],"class_list":{"0":"post-752829","1":"product","2":"type-product","3":"status-publish","5":"product_cat-deneme","6":"product_cat-edebiyat","7":"pa_cilt-ciltsiz","8":"pa_tur-kitap","9":"pa_yayinevi-ithaki-yayinlari","10":"pa_yazar-mehmet-ozkan-sukuran","12":"first","13":"instock","14":"sale","15":"shipping-taxable","16":"purchasable","17":"product-type-simple"},"_links":{"self":[{"href":"https:\/\/roveyayinevi.com.tr\/index.php\/wp-json\/wp\/v2\/product\/752829","targetHints":{"allow":["GET"]}}],"collection":[{"href":"https:\/\/roveyayinevi.com.tr\/index.php\/wp-json\/wp\/v2\/product"}],"about":[{"href":"https:\/\/roveyayinevi.com.tr\/index.php\/wp-json\/wp\/v2\/types\/product"}],"wp:attachment":[{"href":"https:\/\/roveyayinevi.com.tr\/index.php\/wp-json\/wp\/v2\/media?parent=752829"}],"wp:term":[{"taxonomy":"product_brand","embeddable":true,"href":"https:\/\/roveyayinevi.com.tr\/index.php\/wp-json\/wp\/v2\/product_brand?post=752829"},{"taxonomy":"product_cat","embeddable":true,"href":"https:\/\/roveyayinevi.com.tr\/index.php\/wp-json\/wp\/v2\/product_cat?post=752829"},{"taxonomy":"product_tag","embeddable":true,"href":"https:\/\/roveyayinevi.com.tr\/index.php\/wp-json\/wp\/v2\/product_tag?post=752829"}],"curies":[{"name":"wp","href":"https:\/\/api.w.org\/{rel}","templated":true}]}}