{"id":752828,"date":"2025-08-28T05:26:07","date_gmt":"2025-08-28T02:26:07","guid":{"rendered":"https:\/\/roveyayinevi.com.tr\/index.php\/urun\/kiraz-ciceklerinin-altinda\/"},"modified":"2026-04-16T03:06:03","modified_gmt":"2026-04-16T00:06:03","slug":"kiraz-ciceklerinin-altinda","status":"publish","type":"product","link":"https:\/\/roveyayinevi.com.tr\/index.php\/urun\/kiraz-ciceklerinin-altinda\/","title":{"rendered":"Kiraz \u00c7i\u00e7eklerinin Alt\u0131nda"},"content":{"rendered":"<p>\u201cAma o a\u011fa\u00e7lar\u0131n alt\u0131ndan insanlar\u0131 \u00e7\u0131kar\u0131nca geriye nas\u0131l \u00fcrk\u00fct\u00fcc\u00fc, nas\u0131l korkutucu bir manzara kal\u0131yor bir bilseniz!\u201d   Ango Sakagu\u00e7i, \u0130kinci D\u00fcnya Sava\u015f\u0131 sonras\u0131 Japonya\u2019s\u0131n\u0131n ruh h\u00e2lini ve \u00fclkedeki kimlik bunal\u0131m\u0131n\u0131 en iyi yans\u0131tan yazarlardan biri. Osamu Dazai ve Sakunosuke Oda\u2019yla birlikte edebiyat\u0131n serseri taraf\u0131n\u0131 temsil eden Buraiha edebiyat toplulu\u011funun en \u00f6nemli isimlerinden olan Sakagu\u00e7i, Kiraz \u00c7i\u00e7eklerinin Alt\u0131nda\u2019da korku, travma ve \u00f6l\u00fcmle y\u00fckl\u00fc iki uzun \u00f6yk\u00fc anlat\u0131yor.   Kitaba ad\u0131n\u0131 veren ilk \u00f6yk\u00fcde \u00e2\u015f\u0131k oldu\u011fu kad\u0131n i\u00e7in kente ta\u015f\u0131nan yabani bir haydut medeni ya\u015fama ayak uyduramaz ve seri cinayetler i\u015flemeye ba\u015flar. Haydudun korktu\u011fu tek \u015fey ise kiraz \u00e7i\u00e7ekleriyle dolu \u0131ss\u0131z bir koruluktur. \u0130kinci \u00f6yk\u00fc \u201cAptal\u201dda Amerikan hava sald\u0131r\u0131lar\u0131 ya\u015fad\u0131\u011f\u0131 mahalleye yakla\u015fan \u0130zava bir sabah uyand\u0131\u011f\u0131nda dolab\u0131na saklanm\u0131\u015f bir kad\u0131n bulur. \u0130zava kad\u0131n\u0131 hem bombard\u0131mandan hem de ya\u015fad\u0131\u011f\u0131 trajik hayattan kurtarmak zorundad\u0131r. <\/p>\n","protected":false},"excerpt":{"rendered":"<p>\u201cAma o a\u011fa\u00e7lar\u0131n alt\u0131ndan insanlar\u0131 \u00e7\u0131kar\u0131nca geriye nas\u0131l \u00fcrk\u00fct\u00fcc\u00fc, nas\u0131l korkutucu bir manzara kal\u0131yor bir bilseniz!\u201d Ango Sakagu\u00e7i, \u0130kinci D\u00fcnya Sava\u015f\u0131 sonras\u0131 Japonya\u2019s\u0131n\u0131n ruh h\u00e2lini ve<span class=\"excerpt-hellip\"> [\u2026]<\/span><\/p>\n","protected":false},"featured_media":0,"template":"","meta":{"_monsterinsights_skip_tracking":false,"_monsterinsights_sitenote_active":false,"_monsterinsights_sitenote_note":"","_monsterinsights_sitenote_category":0},"product_brand":[],"product_cat":[12291,12711],"product_tag":[],"class_list":{"0":"post-752828","1":"product","2":"type-product","3":"status-publish","5":"product_cat-edebiyat","6":"product_cat-roman-oyku","7":"pa_cilt-ciltsiz","8":"pa_tur-kitap","9":"pa_yayinevi-ithaki-yayinlari","10":"pa_yazar-ango-sakaguci","12":"first","13":"instock","14":"sale","15":"shipping-taxable","16":"purchasable","17":"product-type-simple"},"_links":{"self":[{"href":"https:\/\/roveyayinevi.com.tr\/index.php\/wp-json\/wp\/v2\/product\/752828","targetHints":{"allow":["GET"]}}],"collection":[{"href":"https:\/\/roveyayinevi.com.tr\/index.php\/wp-json\/wp\/v2\/product"}],"about":[{"href":"https:\/\/roveyayinevi.com.tr\/index.php\/wp-json\/wp\/v2\/types\/product"}],"wp:attachment":[{"href":"https:\/\/roveyayinevi.com.tr\/index.php\/wp-json\/wp\/v2\/media?parent=752828"}],"wp:term":[{"taxonomy":"product_brand","embeddable":true,"href":"https:\/\/roveyayinevi.com.tr\/index.php\/wp-json\/wp\/v2\/product_brand?post=752828"},{"taxonomy":"product_cat","embeddable":true,"href":"https:\/\/roveyayinevi.com.tr\/index.php\/wp-json\/wp\/v2\/product_cat?post=752828"},{"taxonomy":"product_tag","embeddable":true,"href":"https:\/\/roveyayinevi.com.tr\/index.php\/wp-json\/wp\/v2\/product_tag?post=752828"}],"curies":[{"name":"wp","href":"https:\/\/api.w.org\/{rel}","templated":true}]}}