{"id":752816,"date":"2025-08-28T05:25:48","date_gmt":"2025-08-28T02:25:48","guid":{"rendered":"https:\/\/roveyayinevi.com.tr\/index.php\/urun\/dilek-kutuphanesi-mayista-kar-yagisi\/"},"modified":"2026-04-16T03:06:03","modified_gmt":"2026-04-16T00:06:03","slug":"dilek-kutuphanesi-mayista-kar-yagisi","status":"publish","type":"product","link":"https:\/\/roveyayinevi.com.tr\/index.php\/urun\/dilek-kutuphanesi-mayista-kar-yagisi\/","title":{"rendered":"Dilek K\u00fct\u00fcphanesi \u2013 May\u0131sta Kar Ya\u011f\u0131\u015f\u0131"},"content":{"rendered":"<p>Ne diledi\u011fine dikkat et\u2026 Raven, ya\u015fam\u0131n\u0131n en k\u00f6t\u00fc haftas\u0131n\u0131 ge\u00e7iriyordu. En iyi arkada\u015f\u0131n\u0131n uzaklara gitmesi yetmiyormu\u015f gibi, Tarihten Sesler projesini de tek ba\u015f\u0131na sunmas\u0131 gerekiyordu; hem de b\u00fct\u00fcn s\u0131n\u0131f\u0131n \u00f6n\u00fcnde. Gelgelelim, ormanda sihirli bir k\u00fct\u00fcphaneye a\u00e7\u0131lan dilek kuyusuna rastlay\u0131nca Raven\u2019\u0131n \u015fans\u0131 d\u00f6nd\u00fc. Orada, b\u00fct\u00fcn dileklerini ger\u00e7ekle\u015ftirebilecek gizemli K\u00fct\u00fcphaneci\u2019yle tan\u0131\u015ft\u0131. Peki okulun kapanmas\u0131n\u0131 dilemek Raven\u2019\u0131n sorunlar\u0131n\u0131 \u00e7\u00f6zecek miydi? Dilek K\u00fct\u00fcphanesi\u2019ne e\u011flenceli bir geziyi ka\u00e7\u0131rmay\u0131n! <\/p>\n","protected":false},"excerpt":{"rendered":"<p>Ne diledi\u011fine dikkat et\u2026 Raven, ya\u015fam\u0131n\u0131n en k\u00f6t\u00fc haftas\u0131n\u0131 ge\u00e7iriyordu. En iyi arkada\u015f\u0131n\u0131n uzaklara gitmesi yetmiyormu\u015f gibi, Tarihten Sesler projesini de tek ba\u015f\u0131na sunmas\u0131 gerekiyordu; hem<span class=\"excerpt-hellip\"> [\u2026]<\/span><\/p>\n","protected":false},"featured_media":0,"template":"","meta":{"_monsterinsights_skip_tracking":false,"_monsterinsights_sitenote_active":false,"_monsterinsights_sitenote_note":"","_monsterinsights_sitenote_category":0},"product_brand":[],"product_cat":[12274,12284],"product_tag":[],"class_list":{"0":"post-752816","1":"product","2":"type-product","3":"status-publish","5":"product_cat-cocuk-ve-genclik-kitaplari","6":"product_cat-hikayeler","7":"pa_cilt-ciltsiz","8":"pa_tur-kitap","9":"pa_yayinevi-is-bankasi-kultur-yayinlari","10":"pa_yazar-christine-evans","12":"first","13":"instock","14":"sale","15":"shipping-taxable","16":"purchasable","17":"product-type-simple"},"_links":{"self":[{"href":"https:\/\/roveyayinevi.com.tr\/index.php\/wp-json\/wp\/v2\/product\/752816","targetHints":{"allow":["GET"]}}],"collection":[{"href":"https:\/\/roveyayinevi.com.tr\/index.php\/wp-json\/wp\/v2\/product"}],"about":[{"href":"https:\/\/roveyayinevi.com.tr\/index.php\/wp-json\/wp\/v2\/types\/product"}],"wp:attachment":[{"href":"https:\/\/roveyayinevi.com.tr\/index.php\/wp-json\/wp\/v2\/media?parent=752816"}],"wp:term":[{"taxonomy":"product_brand","embeddable":true,"href":"https:\/\/roveyayinevi.com.tr\/index.php\/wp-json\/wp\/v2\/product_brand?post=752816"},{"taxonomy":"product_cat","embeddable":true,"href":"https:\/\/roveyayinevi.com.tr\/index.php\/wp-json\/wp\/v2\/product_cat?post=752816"},{"taxonomy":"product_tag","embeddable":true,"href":"https:\/\/roveyayinevi.com.tr\/index.php\/wp-json\/wp\/v2\/product_tag?post=752816"}],"curies":[{"name":"wp","href":"https:\/\/api.w.org\/{rel}","templated":true}]}}