{"id":752815,"date":"2025-08-28T05:25:47","date_gmt":"2025-08-28T02:25:47","guid":{"rendered":"https:\/\/roveyayinevi.com.tr\/index.php\/urun\/doktor-dolittlein-hikayesi\/"},"modified":"2026-04-16T03:06:03","modified_gmt":"2026-04-16T00:06:03","slug":"doktor-dolittlein-hikayesi","status":"publish","type":"product","link":"https:\/\/roveyayinevi.com.tr\/index.php\/urun\/doktor-dolittlein-hikayesi\/","title":{"rendered":"Doktor Dolittle\u2019in Hikayesi"},"content":{"rendered":"<p>\u0130yi y\u00fcrekli Doktor Dolittle ger\u00e7ek bir hayvanseverdi. Muayenehanesi t\u00fcrl\u00fc t\u00fcrl\u00fc hayvanla dolup ta\u015f\u0131yordu ve bu durum art\u0131k hastalar\u0131 uzakla\u015ft\u0131rmaya ba\u015flam\u0131\u015ft\u0131. Bir g\u00fcn, Polinezya ad\u0131nda bir papa\u011fan, Doktor Dolittle\u2019a hayvanlar\u0131n dillerini anlamay\u0131 \u00f6\u011fretti ve ona parlak bir fikir verdi: Doktor bundan sonra insanlar yerine hayvanlar\u0131 iyile\u015ftirse \u00e7ok daha iyi olacakt\u0131. Doktor Dolittle papa\u011fan\u0131n tavsiyesine uydu ve kendini hayvanlar\u0131 iyile\u015ftirmeye adad\u0131. Bu s\u0131rada ba\u015fka k\u0131talara dek uzanan, birbirinden heyecanl\u0131 ser\u00fcvenler ya\u015fad\u0131. Hugh Lofting\u2019in 1920\u2019de yazd\u0131\u011f\u0131 bu tatl\u0131 ve s\u00fcr\u00fckleyici hik\u00e2yeyi \u00e7ok seveceksiniz. <\/p>\n","protected":false},"excerpt":{"rendered":"<p>\u0130yi y\u00fcrekli Doktor Dolittle ger\u00e7ek bir hayvanseverdi. Muayenehanesi t\u00fcrl\u00fc t\u00fcrl\u00fc hayvanla dolup ta\u015f\u0131yordu ve bu durum art\u0131k hastalar\u0131 uzakla\u015ft\u0131rmaya ba\u015flam\u0131\u015ft\u0131. Bir g\u00fcn, Polinezya ad\u0131nda bir papa\u011fan,<span class=\"excerpt-hellip\"> [\u2026]<\/span><\/p>\n","protected":false},"featured_media":0,"template":"","meta":{"_monsterinsights_skip_tracking":false,"_monsterinsights_sitenote_active":false,"_monsterinsights_sitenote_note":"","_monsterinsights_sitenote_category":0},"product_brand":[],"product_cat":[12274,12284],"product_tag":[],"class_list":{"0":"post-752815","1":"product","2":"type-product","3":"status-publish","5":"product_cat-cocuk-ve-genclik-kitaplari","6":"product_cat-hikayeler","7":"pa_cilt-ciltsiz","8":"pa_tur-kitap","9":"pa_yayinevi-is-bankasi-kultur-yayinlari","10":"pa_yazar-hugh-lofting","12":"first","13":"instock","14":"sale","15":"shipping-taxable","16":"purchasable","17":"product-type-simple"},"_links":{"self":[{"href":"https:\/\/roveyayinevi.com.tr\/index.php\/wp-json\/wp\/v2\/product\/752815","targetHints":{"allow":["GET"]}}],"collection":[{"href":"https:\/\/roveyayinevi.com.tr\/index.php\/wp-json\/wp\/v2\/product"}],"about":[{"href":"https:\/\/roveyayinevi.com.tr\/index.php\/wp-json\/wp\/v2\/types\/product"}],"wp:attachment":[{"href":"https:\/\/roveyayinevi.com.tr\/index.php\/wp-json\/wp\/v2\/media?parent=752815"}],"wp:term":[{"taxonomy":"product_brand","embeddable":true,"href":"https:\/\/roveyayinevi.com.tr\/index.php\/wp-json\/wp\/v2\/product_brand?post=752815"},{"taxonomy":"product_cat","embeddable":true,"href":"https:\/\/roveyayinevi.com.tr\/index.php\/wp-json\/wp\/v2\/product_cat?post=752815"},{"taxonomy":"product_tag","embeddable":true,"href":"https:\/\/roveyayinevi.com.tr\/index.php\/wp-json\/wp\/v2\/product_tag?post=752815"}],"curies":[{"name":"wp","href":"https:\/\/api.w.org\/{rel}","templated":true}]}}