{"id":752814,"date":"2025-08-28T05:25:46","date_gmt":"2025-08-28T02:25:46","guid":{"rendered":"https:\/\/roveyayinevi.com.tr\/index.php\/urun\/osmanli-deniz-egemenligi-secme-eserleri-xviii\/"},"modified":"2026-04-16T03:06:03","modified_gmt":"2026-04-16T00:06:03","slug":"osmanli-deniz-egemenligi-secme-eserleri-xviii","status":"publish","type":"product","link":"https:\/\/roveyayinevi.com.tr\/index.php\/urun\/osmanli-deniz-egemenligi-secme-eserleri-xviii\/","title":{"rendered":"Osmanl\u0131 Deniz Egemenli\u011fi \u2013 Se\u00e7me Eserleri &#8211; XVIII"},"content":{"rendered":"<p>Halil \u0130nalc\u0131k, kronolojik s\u0131ralamayla derledi\u011fi makalelerinden olu\u015fan Osmanl\u0131 Deniz Egemenli\u011fi\u2019nde, ayn\u0131 zamanda bir deniz imparatorlu\u011fu olan Osmanl\u0131lar\u0131n, ba\u015flang\u0131c\u0131ndan 17. y\u00fczy\u0131l ortalar\u0131na kadar seyreden denizlerdeki varl\u0131\u011f\u0131n\u0131, m\u00fccadelelerini, askeri ve teknik geli\u015fimini ilk elden kaynaklar\u0131n \u0131\u015f\u0131\u011f\u0131nda ele almaktad\u0131r. \u0130nalc\u0131k, be\u015f ana ba\u015fl\u0131k alt\u0131nda toplad\u0131\u011f\u0131 makalelerinde, denizci g\u00e2zi beylikleri zaman\u0131ndan imparatorlu\u011fun Akdeniz ve Karadeniz\u2019de nas\u0131l b\u00fcy\u00fck bir deniz g\u00fcc\u00fc haline geldi\u011fine, F\u00e2tih Sultan Mehmed devri ve sonras\u0131 denizcilik faaliyetlerine, Bo\u011fazlardaki egemenlik m\u00fccadelelerine, limanlardaki ticaretten K\u0131br\u0131s ve Ege sorunlar\u0131na kadar, Osmanl\u0131 deniz tarihine dair pek \u00e7ok konuyu ayr\u0131nt\u0131l\u0131 bi\u00e7imde incelemektedir. <\/p>\n","protected":false},"excerpt":{"rendered":"<p>Halil \u0130nalc\u0131k, kronolojik s\u0131ralamayla derledi\u011fi makalelerinden olu\u015fan Osmanl\u0131 Deniz Egemenli\u011fi\u2019nde, ayn\u0131 zamanda bir deniz imparatorlu\u011fu olan Osmanl\u0131lar\u0131n, ba\u015flang\u0131c\u0131ndan 17. y\u00fczy\u0131l ortalar\u0131na kadar seyreden denizlerdeki varl\u0131\u011f\u0131n\u0131, m\u00fccadelelerini,<span class=\"excerpt-hellip\"> [\u2026]<\/span><\/p>\n","protected":false},"featured_media":0,"template":"","meta":{"_monsterinsights_skip_tracking":false,"_monsterinsights_sitenote_active":false,"_monsterinsights_sitenote_note":"","_monsterinsights_sitenote_category":0},"product_brand":[],"product_cat":[13517,12304],"product_tag":[],"class_list":{"0":"post-752814","1":"product","2":"type-product","3":"status-publish","5":"product_cat-osmanli-tarihi","6":"product_cat-tarih","7":"pa_cilt-ciltsiz","8":"pa_tur-kitap","9":"pa_yayinevi-is-bankasi-kultur-yayinlari","10":"pa_yazar-halil-inalcik","12":"first","13":"instock","14":"sale","15":"shipping-taxable","16":"purchasable","17":"product-type-simple"},"_links":{"self":[{"href":"https:\/\/roveyayinevi.com.tr\/index.php\/wp-json\/wp\/v2\/product\/752814","targetHints":{"allow":["GET"]}}],"collection":[{"href":"https:\/\/roveyayinevi.com.tr\/index.php\/wp-json\/wp\/v2\/product"}],"about":[{"href":"https:\/\/roveyayinevi.com.tr\/index.php\/wp-json\/wp\/v2\/types\/product"}],"wp:attachment":[{"href":"https:\/\/roveyayinevi.com.tr\/index.php\/wp-json\/wp\/v2\/media?parent=752814"}],"wp:term":[{"taxonomy":"product_brand","embeddable":true,"href":"https:\/\/roveyayinevi.com.tr\/index.php\/wp-json\/wp\/v2\/product_brand?post=752814"},{"taxonomy":"product_cat","embeddable":true,"href":"https:\/\/roveyayinevi.com.tr\/index.php\/wp-json\/wp\/v2\/product_cat?post=752814"},{"taxonomy":"product_tag","embeddable":true,"href":"https:\/\/roveyayinevi.com.tr\/index.php\/wp-json\/wp\/v2\/product_tag?post=752814"}],"curies":[{"name":"wp","href":"https:\/\/api.w.org\/{rel}","templated":true}]}}