{"id":752812,"date":"2025-08-28T05:25:43","date_gmt":"2025-08-28T02:25:43","guid":{"rendered":"https:\/\/roveyayinevi.com.tr\/index.php\/urun\/fotograflarin-anlattigi-aile-bellegini-yeniden-okumak\/"},"modified":"2026-04-16T03:06:03","modified_gmt":"2026-04-16T00:06:03","slug":"fotograflarin-anlattigi-aile-bellegini-yeniden-okumak","status":"publish","type":"product","link":"https:\/\/roveyayinevi.com.tr\/index.php\/urun\/fotograflarin-anlattigi-aile-bellegini-yeniden-okumak\/","title":{"rendered":"Foto\u011fraflar\u0131n Anlatt\u0131\u011f\u0131 \u2013 Aile Belle\u011fini Yeniden Okumak"},"content":{"rendered":"<p>Neden baz\u0131 insanlar t\u00fcm zamanlar\u0131n\u0131 \u00e7evrelerinin foto\u011fraf\u0131n\u0131 \u00e7ekerek ge\u00e7irirler? Foto\u011fraflar neden baz\u0131 ailelerde daha g\u00f6z \u00f6n\u00fcndeyken ba\u015fka ailelerde ortada g\u00f6r\u00fcnmez? Foto\u011fraflar ailemizin bilin\u00e7d\u0131\u015f\u0131yla ilgili neleri a\u00e7\u0131\u011fa vurur? Aile foto\u011fraflar\u0131n\u0131, otoportreleri, tatil, ev ve manzara foto\u011fraflar\u0131n\u0131 okumay\u0131 \u00f6\u011freten bu g\u00fczel denemede Christine Ulivucci, g\u00f6r\u00fcnt\u00fclerin mahrem s\u0131rlar\u0131m\u0131z\u0131 ve yaralar\u0131m\u0131z\u0131 nas\u0131l i\u00e7inde bar\u0131nd\u0131rd\u0131\u011f\u0131n\u0131 ve bizi nas\u0131l iyile\u015ftirebilece\u011fini g\u00f6steriyor.<\/p>\n","protected":false},"excerpt":{"rendered":"<p>Neden baz\u0131 insanlar t\u00fcm zamanlar\u0131n\u0131 \u00e7evrelerinin foto\u011fraf\u0131n\u0131 \u00e7ekerek ge\u00e7irirler? Foto\u011fraflar neden baz\u0131 ailelerde daha g\u00f6z \u00f6n\u00fcndeyken ba\u015fka ailelerde ortada g\u00f6r\u00fcnmez? Foto\u011fraflar ailemizin bilin\u00e7d\u0131\u015f\u0131yla ilgili neleri a\u00e7\u0131\u011fa<span class=\"excerpt-hellip\"> [\u2026]<\/span><\/p>\n","protected":false},"featured_media":0,"template":"","meta":{"_monsterinsights_skip_tracking":false,"_monsterinsights_sitenote_active":false,"_monsterinsights_sitenote_note":"","_monsterinsights_sitenote_category":0},"product_brand":[],"product_cat":[12777,12291],"product_tag":[],"class_list":{"0":"post-752812","1":"product","2":"type-product","3":"status-publish","5":"product_cat-deneme","6":"product_cat-edebiyat","7":"pa_cilt-ciltsiz","8":"pa_tur-kitap","9":"pa_yayinevi-is-bankasi-kultur-yayinlari","10":"pa_yazar-christine-ulivucci","12":"first","13":"instock","14":"sale","15":"shipping-taxable","16":"purchasable","17":"product-type-simple"},"_links":{"self":[{"href":"https:\/\/roveyayinevi.com.tr\/index.php\/wp-json\/wp\/v2\/product\/752812","targetHints":{"allow":["GET"]}}],"collection":[{"href":"https:\/\/roveyayinevi.com.tr\/index.php\/wp-json\/wp\/v2\/product"}],"about":[{"href":"https:\/\/roveyayinevi.com.tr\/index.php\/wp-json\/wp\/v2\/types\/product"}],"wp:attachment":[{"href":"https:\/\/roveyayinevi.com.tr\/index.php\/wp-json\/wp\/v2\/media?parent=752812"}],"wp:term":[{"taxonomy":"product_brand","embeddable":true,"href":"https:\/\/roveyayinevi.com.tr\/index.php\/wp-json\/wp\/v2\/product_brand?post=752812"},{"taxonomy":"product_cat","embeddable":true,"href":"https:\/\/roveyayinevi.com.tr\/index.php\/wp-json\/wp\/v2\/product_cat?post=752812"},{"taxonomy":"product_tag","embeddable":true,"href":"https:\/\/roveyayinevi.com.tr\/index.php\/wp-json\/wp\/v2\/product_tag?post=752812"}],"curies":[{"name":"wp","href":"https:\/\/api.w.org\/{rel}","templated":true}]}}