{"id":752810,"date":"2025-08-28T05:25:40","date_gmt":"2025-08-28T02:25:40","guid":{"rendered":"https:\/\/roveyayinevi.com.tr\/index.php\/urun\/dort-oyuin-ihtiyatsizlik-tasrali-kasdin-ana-yolda-konusma-sorrentoda-bir-aksam\/"},"modified":"2026-04-16T03:06:03","modified_gmt":"2026-04-16T00:06:03","slug":"dort-oyuin-ihtiyatsizlik-tasrali-kasdin-ana-yolda-konusma-sorrentoda-bir-aksam","status":"publish","type":"product","link":"https:\/\/roveyayinevi.com.tr\/index.php\/urun\/dort-oyuin-ihtiyatsizlik-tasrali-kasdin-ana-yolda-konusma-sorrentoda-bir-aksam\/","title":{"rendered":"D\u00f6rt Oyu\u0131n &#8211; \u0130htiyats\u0131zl\u0131k &#8211; Ta\u015fral\u0131 Kasd\u0131n &#8211; Ana Yolda Konu\u015fma &#8211; Sorrento&#8217;da Bir Ak\u015fam"},"content":{"rendered":"<p>\u0130van Sergeyevi\u00e7 Turgenyev (1818-1883): Avrupa\u2019da ve \u00fclkemizde eserleri ilk \u00e7evrilen 19. y\u00fczy\u0131l Rus romanc\u0131lar\u0131 aras\u0131nda yer al\u0131r. Moskova, Petersburg ve Paris \u00fcniversitelerinde \u00f6\u011frenim g\u00f6ren Turgenyev d\u00f6neminin Avrupal\u0131 bak\u0131\u015f a\u00e7\u0131s\u0131na sahip tek Rus yazar\u0131 olarak an\u0131l\u0131r. Zay\u0131f iradeli Rus ayd\u0131nlar\u0131n\u0131, serflerin ya\u015fant\u0131s\u0131n\u0131, toprak sahibi soylular\u0131n a\u015fklar\u0131n\u0131 ve kendisini yak\u0131n hissetmedi\u011fi radikal gen\u00e7 ku\u015fa\u011f\u0131 tarafs\u0131z ve ger\u00e7ek\u00e7i bir dille eserlerine aktarm\u0131\u015ft\u0131r. \u0130htiyats\u0131zl\u0131k beklenmedik bir ihaneti, Ta\u015fral\u0131 Kad\u0131n kad\u0131n\u0131n fendini, Ana Yolda Konu\u015fma insan\u0131 e\u011flendiren bo\u015f konu\u015fmalar\u0131, Sorrento\u2019da Bir Ak\u015fam kendi yolunu bulan a\u015fk\u0131 sahneye ta\u015f\u0131r.     <\/p>\n","protected":false},"excerpt":{"rendered":"<p>\u0130van Sergeyevi\u00e7 Turgenyev (1818-1883): Avrupa\u2019da ve \u00fclkemizde eserleri ilk \u00e7evrilen 19. y\u00fczy\u0131l Rus romanc\u0131lar\u0131 aras\u0131nda yer al\u0131r. Moskova, Petersburg ve Paris \u00fcniversitelerinde \u00f6\u011frenim g\u00f6ren Turgenyev d\u00f6neminin<span class=\"excerpt-hellip\"> [\u2026]<\/span><\/p>\n","protected":false},"featured_media":0,"template":"","meta":{"_monsterinsights_skip_tracking":false,"_monsterinsights_sitenote_active":false,"_monsterinsights_sitenote_note":"","_monsterinsights_sitenote_category":0},"product_brand":[],"product_cat":[12291,15566],"product_tag":[],"class_list":{"0":"post-752810","1":"product","2":"type-product","3":"status-publish","5":"product_cat-edebiyat","6":"product_cat-oyun","7":"pa_cilt-ciltsiz","8":"pa_tur-kitap","9":"pa_yayinevi-is-bankasi-kultur-yayinlari","10":"pa_yazar-ivan-sergeyevic-turgenyev","12":"first","13":"instock","14":"sale","15":"shipping-taxable","16":"purchasable","17":"product-type-simple"},"_links":{"self":[{"href":"https:\/\/roveyayinevi.com.tr\/index.php\/wp-json\/wp\/v2\/product\/752810","targetHints":{"allow":["GET"]}}],"collection":[{"href":"https:\/\/roveyayinevi.com.tr\/index.php\/wp-json\/wp\/v2\/product"}],"about":[{"href":"https:\/\/roveyayinevi.com.tr\/index.php\/wp-json\/wp\/v2\/types\/product"}],"wp:attachment":[{"href":"https:\/\/roveyayinevi.com.tr\/index.php\/wp-json\/wp\/v2\/media?parent=752810"}],"wp:term":[{"taxonomy":"product_brand","embeddable":true,"href":"https:\/\/roveyayinevi.com.tr\/index.php\/wp-json\/wp\/v2\/product_brand?post=752810"},{"taxonomy":"product_cat","embeddable":true,"href":"https:\/\/roveyayinevi.com.tr\/index.php\/wp-json\/wp\/v2\/product_cat?post=752810"},{"taxonomy":"product_tag","embeddable":true,"href":"https:\/\/roveyayinevi.com.tr\/index.php\/wp-json\/wp\/v2\/product_tag?post=752810"}],"curies":[{"name":"wp","href":"https:\/\/api.w.org\/{rel}","templated":true}]}}