{"id":752807,"date":"2025-08-28T05:25:35","date_gmt":"2025-08-28T02:25:35","guid":{"rendered":"https:\/\/roveyayinevi.com.tr\/index.php\/urun\/iklim-degisikligi-disiplinlerarasi-bir-degerlendirme\/"},"modified":"2026-04-16T03:06:03","modified_gmt":"2026-04-16T00:06:03","slug":"iklim-degisikligi-disiplinlerarasi-bir-degerlendirme","status":"publish","type":"product","link":"https:\/\/roveyayinevi.com.tr\/index.php\/urun\/iklim-degisikligi-disiplinlerarasi-bir-degerlendirme\/","title":{"rendered":"\u0130klim De\u011fi\u015fikli\u011fi Disiplinleraras\u0131 Bir De\u011ferlendirme"},"content":{"rendered":"<p>\u00d6nceleri sadece ya\u015fam\u0131n\u0131 idame ettirmek amac\u0131yla do\u011faya yakla\u015fan insan, modern \u00e7a\u011fda \u00e7evreyi faydac\u0131 bir yakla\u015f\u0131mla ele alm\u0131\u015f, \u00e7evreyi kendine g\u00f6re, \u015fekillendirmi\u015f ve tamamen kendi ama\u00e7lar\u0131na ve \u00e7\u0131karlar\u0131na hizmet eder hale getirmi\u015ftir. End\u00fcstrile\u015fme, kentle\u015fme ve n\u00fcfus art\u0131\u015f\u0131 gibi fakt\u00f6rler d\u00fcnyan\u0131n \u00fczerindeki y\u00fck\u00fc art\u0131rm\u0131\u015f ve \u00f6zellikle d\u00fcnyan\u0131n geli\u015fmi\u015f \u00fclkelerinin benimsemi\u015f oldu\u011fu \u201cs\u00fcrekli t\u00fcketim\u201d ve \u201cs\u00fcrekli \u00fcretim\u201d yakla\u015f\u0131m\u0131 iklim de\u011fi\u015fikli\u011fi gibi bir k\u00fcresel sorununu do\u011furmu\u015ftur. \u0130klim de\u011fi\u015fikli\u011fi a\u015f\u0131r\u0131 \u0131s\u0131nma veya a\u015f\u0131r\u0131 so\u011fuma \u015feklinde kendini g\u00f6steren, ya\u011f\u0131\u015f rejimleri, hava olaylar\u0131 ve tar\u0131msal \u00fcretim \u00fczerine etki ederek insan hayat\u0131n\u0131 \u00f6nemli \u00f6l\u00e7\u00fcde etkileyen bir sorun haline gelmi\u015ftir. B\u00fct\u00fcn bunlarla birlikte, s\u0131n\u0131r a\u015fan felaketlere sebebiyet vermesi nedeniyle uluslararas\u0131 d\u00fczeyde \u00f6nlem al\u0131nmas\u0131 gereken bir sorun haline gelmi\u015ftir. \u0130klim de\u011fi\u015fikli\u011finin yol a\u00e7t\u0131\u011f\u0131 problemlere \u00e7\u00f6z\u00fcm \u00fcretmek amac\u0131yla, \u00f6zellikle 20. y\u00fczy\u0131l\u0131n ikinci yar\u0131s\u0131ndan itibaren ba\u015flat\u0131lan uluslararas\u0131 \u00e7al\u0131\u015fmalar neticesinde pek \u00e7ok \u00e7evre koruma politikas\u0131 ve mevzuat \u00fcretilmesine ra\u011fmen bug\u00fcn gelinen a\u015famada maalesef hala istenilen d\u00fczeylere ula\u015f\u0131lamam\u0131\u015ft\u0131r. <\/p>\n","protected":false},"excerpt":{"rendered":"<p>\u00d6nceleri sadece ya\u015fam\u0131n\u0131 idame ettirmek amac\u0131yla do\u011faya yakla\u015fan insan, modern \u00e7a\u011fda \u00e7evreyi faydac\u0131 bir yakla\u015f\u0131mla ele alm\u0131\u015f, \u00e7evreyi kendine g\u00f6re, \u015fekillendirmi\u015f ve tamamen kendi ama\u00e7lar\u0131na ve<span class=\"excerpt-hellip\"> [\u2026]<\/span><\/p>\n","protected":false},"featured_media":0,"template":"","meta":{"_monsterinsights_skip_tracking":false,"_monsterinsights_sitenote_active":false,"_monsterinsights_sitenote_note":"","_monsterinsights_sitenote_category":0},"product_brand":[],"product_cat":[13005,37328],"product_tag":[],"class_list":{"0":"post-752807","1":"product","2":"type-product","3":"status-publish","5":"product_cat-bilim-muhendislik","6":"product_cat-diger-bilim-muhendislik","7":"pa_cilt-ciltsiz","8":"pa_tur-kitap","9":"pa_yayinevi-idealkent-yayincilik","10":"pa_yazar-murat-sezik-gulizar-cakir-sumer","12":"first","13":"instock","14":"sale","15":"shipping-taxable","16":"purchasable","17":"product-type-simple"},"_links":{"self":[{"href":"https:\/\/roveyayinevi.com.tr\/index.php\/wp-json\/wp\/v2\/product\/752807","targetHints":{"allow":["GET"]}}],"collection":[{"href":"https:\/\/roveyayinevi.com.tr\/index.php\/wp-json\/wp\/v2\/product"}],"about":[{"href":"https:\/\/roveyayinevi.com.tr\/index.php\/wp-json\/wp\/v2\/types\/product"}],"wp:attachment":[{"href":"https:\/\/roveyayinevi.com.tr\/index.php\/wp-json\/wp\/v2\/media?parent=752807"}],"wp:term":[{"taxonomy":"product_brand","embeddable":true,"href":"https:\/\/roveyayinevi.com.tr\/index.php\/wp-json\/wp\/v2\/product_brand?post=752807"},{"taxonomy":"product_cat","embeddable":true,"href":"https:\/\/roveyayinevi.com.tr\/index.php\/wp-json\/wp\/v2\/product_cat?post=752807"},{"taxonomy":"product_tag","embeddable":true,"href":"https:\/\/roveyayinevi.com.tr\/index.php\/wp-json\/wp\/v2\/product_tag?post=752807"}],"curies":[{"name":"wp","href":"https:\/\/api.w.org\/{rel}","templated":true}]}}