{"id":752806,"date":"2025-08-28T05:25:34","date_gmt":"2025-08-28T02:25:34","guid":{"rendered":"https:\/\/roveyayinevi.com.tr\/index.php\/urun\/bu-ev-islerini-kim-yapiyor-kuzum\/"},"modified":"2026-04-16T03:06:03","modified_gmt":"2026-04-16T00:06:03","slug":"bu-ev-islerini-kim-yapiyor-kuzum","status":"publish","type":"product","link":"https:\/\/roveyayinevi.com.tr\/index.php\/urun\/bu-ev-islerini-kim-yapiyor-kuzum\/","title":{"rendered":"Bu Ev \u0130\u015flerini Kim Yap\u0131yor Kuzum ?"},"content":{"rendered":"<p>Bu \u00e7al\u0131\u015fma T\u00fcrkiye\u2019nin modernle\u015fme tarihini, ev teknolojileriyle ilgili anlam ve s\u00f6ylemlerin de\u011fi\u015fimi ve d\u00f6n\u00fc\u015f\u00fcm\u00fc \u00fczerinden inceliyor. Her d\u00f6nemin h\u00e2kim s\u00f6ylemini a\u00e7\u0131\u011fa \u00e7\u0131karmaya \u00e7al\u0131\u015f\u0131rken, bu h\u00e2kim s\u00f6ylemi yekpare ve sabit olarak d\u00fc\u015f\u00fcnmek yerine, paradokslar\u0131yla, karma\u015f\u0131kl\u0131\u011f\u0131yla ve dinamik yap\u0131s\u0131yla d\u00fc\u015f\u00fcn\u00fcp anlamaya \u00e7al\u0131\u015f\u0131yor. Toplumsal cinsiyet ve teknoloji aras\u0131ndaki ili\u015fkiyi yeniden kurarak, T\u00fcrkiye\u2019deki elektrikli ev teknolojilerinin toplumsal tarihini ve kad\u0131nlar\u0131n g\u00fcndelik hayatlar\u0131ndaki modernle\u015fmenin izini medya i\u00e7erikleri arac\u0131l\u0131\u011f\u0131yla a\u00e7\u0131\u011fa \u00e7\u0131karmay\u0131 hedefliyor. 1930-2020 y\u0131llar\u0131 aras\u0131nda \u00e7e\u015fitlenerek \u00fclkeye giren elektrikli ev aletlerinin kad\u0131nlar\u0131n g\u00fcndelik hayatlar\u0131nda yaratt\u0131\u011f\u0131 de\u011fi\u015fimi, bu de\u011fi\u015fimin ev i\u00e7i i\u015f b\u00f6l\u00fcm\u00fcne ve ev i\u015finin tan\u0131mlanmas\u0131na etkisini ve t\u00fcm bunlar\u0131n modernle\u015fme anlay\u0131\u015f\u0131ndaki yerini \u00e7e\u015fitli ulusal gazeteler ve ekleri; kad\u0131n, yemek ve bilim ve teknik dergileri; TV reklamlar\u0131; filmler; elektrikli ev aleti \u00fcreten \u00e7e\u015fitli firmalar\u0131n sosyal medya hesaplar\u0131n\u0131 inceleyerek de\u011ferlendiriyor ve elde edilen verilerin analizini kronolojik bir hat izleyerek sunuyor. Bu inceleme yap\u0131l\u0131rken toplumsal cinsiyet rolleri ve bunun hanedeki yans\u0131malar\u0131n\u0131n yan\u0131 s\u0131ra Cumhuriyet y\u00f6netiminin kurulu\u015fundan bu yana farkl\u0131 bi\u00e7imlerde \u00fcretilmeye devam edilen modernlik alg\u0131s\u0131, modernle\u015fme pratikleri ve bununla ba\u011flant\u0131l\u0131 ikilikler (Bat\u0131l\u0131-Do\u011fulu, vars\u0131l-yoksul gibi) \u00fczerinde duruyor. Buzdolab\u0131, \u00e7ama\u015f\u0131r makinesi, bula\u015f\u0131k makinesi, f\u0131r\u0131n, ocak, elektrikli s\u00fcp\u00fcrge, k\u00fc\u00e7\u00fck ev aletleri gibi ev teknolojilerinin haneye dahil olu\u015f hik\u00e2yesi, ne t\u00fcr s\u00f6ylemler ve vaatlerle (ve hangi) kullan\u0131c\u0131larla bulu\u015fturulduklar\u0131, bu esnada toplumsal yap\u0131da meydana getirdikleri de\u011fi\u015fiklikler bu kitab\u0131n temel izleklerini olu\u015fturuyor. <\/p>\n","protected":false},"excerpt":{"rendered":"<p>Bu \u00e7al\u0131\u015fma T\u00fcrkiye\u2019nin modernle\u015fme tarihini, ev teknolojileriyle ilgili anlam ve s\u00f6ylemlerin de\u011fi\u015fimi ve d\u00f6n\u00fc\u015f\u00fcm\u00fc \u00fczerinden inceliyor. Her d\u00f6nemin h\u00e2kim s\u00f6ylemini a\u00e7\u0131\u011fa \u00e7\u0131karmaya \u00e7al\u0131\u015f\u0131rken, bu h\u00e2kim s\u00f6ylemi<span class=\"excerpt-hellip\"> [\u2026]<\/span><\/p>\n","protected":false},"featured_media":0,"template":"","meta":{"_monsterinsights_skip_tracking":false,"_monsterinsights_sitenote_active":false,"_monsterinsights_sitenote_note":"","_monsterinsights_sitenote_category":0},"product_brand":[],"product_cat":[12325,12324],"product_tag":[],"class_list":{"0":"post-752806","1":"product","2":"type-product","3":"status-publish","5":"product_cat-diger-sosyoloji","6":"product_cat-sosyoloji","7":"pa_cilt-ciltsiz","8":"pa_tur-kitap","9":"pa_yayinevi-idealkent-yayincilik","10":"pa_yazar-leyla-bektas-ata-defne-karaosmanoglu-bahar-emgin","12":"first","13":"instock","14":"sale","15":"shipping-taxable","16":"purchasable","17":"product-type-simple"},"_links":{"self":[{"href":"https:\/\/roveyayinevi.com.tr\/index.php\/wp-json\/wp\/v2\/product\/752806","targetHints":{"allow":["GET"]}}],"collection":[{"href":"https:\/\/roveyayinevi.com.tr\/index.php\/wp-json\/wp\/v2\/product"}],"about":[{"href":"https:\/\/roveyayinevi.com.tr\/index.php\/wp-json\/wp\/v2\/types\/product"}],"wp:attachment":[{"href":"https:\/\/roveyayinevi.com.tr\/index.php\/wp-json\/wp\/v2\/media?parent=752806"}],"wp:term":[{"taxonomy":"product_brand","embeddable":true,"href":"https:\/\/roveyayinevi.com.tr\/index.php\/wp-json\/wp\/v2\/product_brand?post=752806"},{"taxonomy":"product_cat","embeddable":true,"href":"https:\/\/roveyayinevi.com.tr\/index.php\/wp-json\/wp\/v2\/product_cat?post=752806"},{"taxonomy":"product_tag","embeddable":true,"href":"https:\/\/roveyayinevi.com.tr\/index.php\/wp-json\/wp\/v2\/product_tag?post=752806"}],"curies":[{"name":"wp","href":"https:\/\/api.w.org\/{rel}","templated":true}]}}