{"id":752805,"date":"2025-08-28T05:25:33","date_gmt":"2025-08-28T02:25:33","guid":{"rendered":"https:\/\/roveyayinevi.com.tr\/index.php\/urun\/nigde-sehrengizi\/"},"modified":"2026-04-16T03:06:03","modified_gmt":"2026-04-16T00:06:03","slug":"nigde-sehrengizi","status":"publish","type":"product","link":"https:\/\/roveyayinevi.com.tr\/index.php\/urun\/nigde-sehrengizi\/","title":{"rendered":"Ni\u011fde \u015eehrengizi"},"content":{"rendered":"<p>Kadim \u015fehirlerin ke\u015ffedilmeyi bekleyen gizli hazinelerini herkes bilemez. O gizli hazineler insanlar, mekanlar ; kimi zaman kuytu k\u00f6\u015fedeki ayakkab\u0131c\u0131, lokantac\u0131 veya meczup, kimi zaman \u015fehre k\u00fcsm\u00fc\u015f bir yat\u0131rd\u0131r. Bunlar arkalar\u0131nda engin hat\u0131ralar ile derin s\u0131rlar bar\u0131nd\u0131r\u0131r. Ni\u011fde\u2019nin s\u0131rlar\u0131n\u0131 ortaya \u00e7\u0131karmak i\u00e7in ona h\u00fcnerli bir elin de\u011fmesi gerekiyordu. O h\u00fcnerli el ; Ni\u011fde\u2019ye g\u00f6n\u00fclden ba\u011fl\u0131, onu d\u00f6rt elle sahiplenen ve Ni\u011fde\u2019yi \u00e7ok iyi bilen biri olmal\u0131 idi. O isim de tabii ki, Alper G\u00f6nc\u00fc\u2019d\u00fcr. Alper G\u00f6nc\u00fc, bu kitab\u0131 bitmez t\u00fckenmez Ni\u011fde a\u015fk\u0131 ile Ni\u011fde a\u015f\u0131klar\u0131na, en \u00f6nemlisi de bir el\u00e7i vazifesiyle, ge\u00e7mi\u015ften gelece\u011fe bir mesaj olsun diye yazd\u0131. Yusuf Y\u0131ld\u0131r\u0131m Bir \u015eehirde ya\u015faman\u0131z,hatta orada do\u011fmu\u015f, g\u00fcne\u015fi ilk defa orada g\u00f6rm\u00fc\u015f olman\u0131z bile oray\u0131 tan\u0131yor olman\u0131za yetmez. \u015eehir, onu ger\u00e7ekten tan\u0131may\u0131, \u00fclfet kurmay\u0131 g\u00f6nl\u00fcn\u00fcze koyup kap\u0131dan \u00f6ylece \u00e7\u0131kman\u0131z\u0131 bekler. Alper G\u00f6nc\u00fc, \u015fehri ve \u015fehirliyi bilen ve onun \u00ab k\u00fcnhuna \u00bb vak\u0131f olan bir Ni\u011fdelidir. D\u00fczg\u00fcn bir e\u011fitim ge\u00e7mi\u015fi oldu\u011fu i\u00e7in sistemli ara\u015ft\u0131rmay\u0131 ve d\u00fc\u015f\u00fcnmeyi bilen bir ki\u015fidir. \u015eehrin, derinlemesine k\u00fclt\u00fcr arkeolojisini yaparken tespit etti\u011fi bir\u00e7ok ayr\u0131nt\u0131, \u015fehri tam tarif eden ve her insan\u0131n fark\u0131na varamad\u0131\u011f\u0131, fakat insan\u0131 sarsan inceliklerdir. Her \u015fehrin mutlaka \u015fehrengizi yaz\u0131lmal\u0131d\u0131r kanaatimizi, Ni\u011fde \u015eehrengizi g\u00fc\u00e7lendirmi\u015ftir. Daha sonra Ni\u011fde\u2019yi \u00e7al\u0131\u015facak olanlar i\u00e7in bu kitap harika bir fener, yol g\u00f6stericidir. Dr. Kamil U\u011furlu<\/p>\n","protected":false},"excerpt":{"rendered":"<p>Kadim \u015fehirlerin ke\u015ffedilmeyi bekleyen gizli hazinelerini herkes bilemez. O gizli hazineler insanlar, mekanlar ; kimi zaman kuytu k\u00f6\u015fedeki ayakkab\u0131c\u0131, lokantac\u0131 veya meczup, kimi zaman \u015fehre k\u00fcsm\u00fc\u015f<span class=\"excerpt-hellip\"> [\u2026]<\/span><\/p>\n","protected":false},"featured_media":0,"template":"","meta":{"_monsterinsights_skip_tracking":false,"_monsterinsights_sitenote_active":false,"_monsterinsights_sitenote_note":"","_monsterinsights_sitenote_category":0},"product_brand":[],"product_cat":[18545,12291],"product_tag":[],"class_list":{"0":"post-752805","1":"product","2":"type-product","3":"status-publish","5":"product_cat-anlati","6":"product_cat-edebiyat","7":"pa_cilt-ciltsiz","8":"pa_tur-kitap","9":"pa_yayinevi-idealkent-yayincilik","10":"pa_yazar-alper-lutfi-goncu","12":"first","13":"instock","14":"sale","15":"shipping-taxable","16":"purchasable","17":"product-type-simple"},"_links":{"self":[{"href":"https:\/\/roveyayinevi.com.tr\/index.php\/wp-json\/wp\/v2\/product\/752805","targetHints":{"allow":["GET"]}}],"collection":[{"href":"https:\/\/roveyayinevi.com.tr\/index.php\/wp-json\/wp\/v2\/product"}],"about":[{"href":"https:\/\/roveyayinevi.com.tr\/index.php\/wp-json\/wp\/v2\/types\/product"}],"wp:attachment":[{"href":"https:\/\/roveyayinevi.com.tr\/index.php\/wp-json\/wp\/v2\/media?parent=752805"}],"wp:term":[{"taxonomy":"product_brand","embeddable":true,"href":"https:\/\/roveyayinevi.com.tr\/index.php\/wp-json\/wp\/v2\/product_brand?post=752805"},{"taxonomy":"product_cat","embeddable":true,"href":"https:\/\/roveyayinevi.com.tr\/index.php\/wp-json\/wp\/v2\/product_cat?post=752805"},{"taxonomy":"product_tag","embeddable":true,"href":"https:\/\/roveyayinevi.com.tr\/index.php\/wp-json\/wp\/v2\/product_tag?post=752805"}],"curies":[{"name":"wp","href":"https:\/\/api.w.org\/{rel}","templated":true}]}}