{"id":752802,"date":"2025-08-28T05:25:27","date_gmt":"2025-08-28T02:25:27","guid":{"rendered":"https:\/\/roveyayinevi.com.tr\/index.php\/urun\/esikteki-kadin\/"},"modified":"2026-04-16T03:06:03","modified_gmt":"2026-04-16T00:06:03","slug":"esikteki-kadin","status":"publish","type":"product","link":"https:\/\/roveyayinevi.com.tr\/index.php\/urun\/esikteki-kadin\/","title":{"rendered":"E\u015fikteki  Kad\u0131n"},"content":{"rendered":"<p>Hasan G\u00f6ren, E\u015fikteki Kad\u0131n\u2019da okurunu da e\u015fikte tutuyor hep. \u015e\u00fcphe ve g\u00fcven aras\u0131ndaki o kaygan e\u015fikte, k\u0131p\u0131rt\u0131s\u0131z. Hik\u00e2ye Nihal\u2019in bir y\u0131lan yumurtas\u0131n\u0131 sokaktan al\u0131p eve getirmesiyle ba\u015fl\u0131yor ve bu tuhaf misafir evin bir bireyi olma yolunda ilerlerken modern bir evlili\u011fin, ailenin diplere \u00e7\u00f6reklenmi\u015f t\u00fcm zaaflar\u0131 \u00e7\u00f6z\u00fcl\u00fcp \u00e7\u00f6z\u00fcl\u00fcp tekrar dolan\u0131yor. Bir y\u0131lana nas\u0131l bak\u0131l\u0131r? M\u00fckemmel bir uygulama geli\u015ftirip acilen tablete mi y\u00fcklesek? M\u00fczik ne olsun? Yavru y\u0131lan\u0131n kalbi at\u0131yor gibi&#8230; Tableti vaktinde besler, parka g\u00f6t\u00fcr\u00fcr, gece yar\u0131s\u0131 ciyak ciyak a\u011flarken ona gereken sabr\u0131 g\u00f6sterirsek oldu bu i\u015f, anne baba olmaya haz\u0131r\u0131z demektir. Yavru y\u0131lan, yumurtas\u0131nda yok! \u00c7\u0131kt\u0131ysa buralarda bir yerdedir&#8230; Ya \u00e7\u0131kmazsa, \u00e7\u0131karamazsak, k\u0131vr\u0131m k\u0131vr\u0131m uyudu\u011fu yerde hep tetikte beklerse? Bu y\u0131lan hik\u00e2yesindeki orta\u011f\u0131m\u0131z hayat arkada\u015f\u0131m\u0131z m\u0131 sahiden? <\/p>\n","protected":false},"excerpt":{"rendered":"<p>Hasan G\u00f6ren, E\u015fikteki Kad\u0131n\u2019da okurunu da e\u015fikte tutuyor hep. \u015e\u00fcphe ve g\u00fcven aras\u0131ndaki o kaygan e\u015fikte, k\u0131p\u0131rt\u0131s\u0131z. Hik\u00e2ye Nihal\u2019in bir y\u0131lan yumurtas\u0131n\u0131 sokaktan al\u0131p eve getirmesiyle<span class=\"excerpt-hellip\"> [\u2026]<\/span><\/p>\n","protected":false},"featured_media":0,"template":"","meta":{"_monsterinsights_skip_tracking":false,"_monsterinsights_sitenote_active":false,"_monsterinsights_sitenote_note":"","_monsterinsights_sitenote_category":0},"product_brand":[],"product_cat":[12291,12711],"product_tag":[],"class_list":{"0":"post-752802","1":"product","2":"type-product","3":"status-publish","5":"product_cat-edebiyat","6":"product_cat-roman-oyku","7":"pa_cilt-ciltsiz","8":"pa_tur-kitap","9":"pa_yayinevi-everest-yayinlari","10":"pa_yazar-hasan-goren","12":"first","13":"instock","14":"sale","15":"shipping-taxable","16":"purchasable","17":"product-type-simple"},"_links":{"self":[{"href":"https:\/\/roveyayinevi.com.tr\/index.php\/wp-json\/wp\/v2\/product\/752802","targetHints":{"allow":["GET"]}}],"collection":[{"href":"https:\/\/roveyayinevi.com.tr\/index.php\/wp-json\/wp\/v2\/product"}],"about":[{"href":"https:\/\/roveyayinevi.com.tr\/index.php\/wp-json\/wp\/v2\/types\/product"}],"wp:attachment":[{"href":"https:\/\/roveyayinevi.com.tr\/index.php\/wp-json\/wp\/v2\/media?parent=752802"}],"wp:term":[{"taxonomy":"product_brand","embeddable":true,"href":"https:\/\/roveyayinevi.com.tr\/index.php\/wp-json\/wp\/v2\/product_brand?post=752802"},{"taxonomy":"product_cat","embeddable":true,"href":"https:\/\/roveyayinevi.com.tr\/index.php\/wp-json\/wp\/v2\/product_cat?post=752802"},{"taxonomy":"product_tag","embeddable":true,"href":"https:\/\/roveyayinevi.com.tr\/index.php\/wp-json\/wp\/v2\/product_tag?post=752802"}],"curies":[{"name":"wp","href":"https:\/\/api.w.org\/{rel}","templated":true}]}}