{"id":752799,"date":"2025-08-28T05:25:22","date_gmt":"2025-08-28T02:25:22","guid":{"rendered":"https:\/\/roveyayinevi.com.tr\/index.php\/urun\/ulusasiri-adaletin-sinirlari\/"},"modified":"2026-04-16T03:06:03","modified_gmt":"2026-04-16T00:06:03","slug":"ulusasiri-adaletin-sinirlari","status":"publish","type":"product","link":"https:\/\/roveyayinevi.com.tr\/index.php\/urun\/ulusasiri-adaletin-sinirlari\/","title":{"rendered":"Ulusas\u0327\u0131r\u0131 Adaletin S\u0131n\u0131rlar\u0131"},"content":{"rendered":"<p>\u201c(&#8230;) her s\u0327eyden o\u0308nce, bu tu\u0308r korkunc\u0327 hak ihlalleri nas\u0131l meydana gelebildi? AYM\u2019nin o\u0308lu\u0308m kal\u0131m meselelerinde dahi kendi yarg\u0131 yetkisini k\u0131s\u0131tlamas\u0131n\u0131n ac\u0327\u0131klamas\u0131 ne olabilir? Ya AI\u0307HM\u2019in, \u2018yak\u0131n ve geri do\u0308nu\u0308s\u0327u\u0308 bulunmayan bir zarar riski\u2019 ac\u0327\u0131kc\u0327a mevcut olmas\u0131na rag\u0306men gec\u0327ici tedbir taleplerini reddetmesi nas\u0131l ac\u0327\u0131klanabilir? Nas\u0131l oluyor da onlarca y\u0131ll\u0131k AI\u0307HM denetimine rag\u0306men Tu\u0308rkiye gu\u0308venlik kuvvetleri ha\u0302la\u0302 cezas\u0131zl\u0131k rejiminden faydalanabiliyor? Bu sadece, Tu\u0308rkiye\u2019nin AI\u0307HM kararlar\u0131na riayet etmemesi sorunu mudur? Yoksa AI\u0307HM\u2019in etkililig\u0306i u\u0308zerinde de du\u0308s\u0327u\u0308nmemizi gerektiriyor mu?\u201d Dilek Kurban, Ulusas\u0327\u0131r\u0131 Adaletin S\u0131n\u0131rlar\u0131\u2019nda uluslaru\u0308stu\u0308 mahkemelerin, etno-politik c\u0327at\u0131s\u0327malar bag\u0306lam\u0131nda, az\u0131nl\u0131klara fiziksel s\u0327iddet ve politik bask\u0131 uygulayan otoriter rejimleri etkili bir s\u0327ekilde denetleyebilmek ic\u0327in sahip olduklar\u0131 olanaklar\u0131 ve o\u0308nlerindeki engelleri sorguluyor. Bu amac\u0327la, Avrupa I\u0307nsan Haklar\u0131 Mahkemesi\u2019nin (AI\u0307HM) Tu\u0308rkiye\u2019de devam eden Ku\u0308rt c\u0327at\u0131s\u0327mas\u0131yla ilis\u0327kisini ele al\u0131yor. Ku\u0308rtlerin hukuki mobilizasyonunun izini su\u0308ren Kurban, Ku\u0308rt bo\u0308lgesinde su\u0308regiden s\u0327iddeti mu\u0308mku\u0308n k\u0131lan etmenlere de is\u0327aret ediyor. Bu gelis\u0327meler kars\u0327\u0131s\u0131nda AI\u0307HM\u2019in otoriter rejimler kars\u0327\u0131s\u0131ndaki etkisinin s\u0131n\u0131rlar\u0131n\u0131 ve bunun nedenlerini inceliyor. Ulusas\u0327\u0131r\u0131 Adaletin S\u0131n\u0131rlar\u0131, Tu\u0308rkiye o\u0308rneg\u0306inden hareketle, insan haklar\u0131 bag\u0306lam\u0131nda uluslaru\u0308stu\u0308 mahkemeler ve hukuki seferberlik konusundaki c\u0327al\u0131s\u0327malar ic\u0327in yeni sosyo-hukuki aras\u0327t\u0131rma yollar\u0131 o\u0308neriyor. <\/p>\n","protected":false},"excerpt":{"rendered":"<p>\u201c(&#8230;) her s\u0327eyden o\u0308nce, bu tu\u0308r korkunc\u0327 hak ihlalleri nas\u0131l meydana gelebildi? AYM\u2019nin o\u0308lu\u0308m kal\u0131m meselelerinde dahi kendi yarg\u0131 yetkisini k\u0131s\u0131tlamas\u0131n\u0131n ac\u0327\u0131klamas\u0131 ne olabilir? Ya AI\u0307HM\u2019in,<span class=\"excerpt-hellip\"> [\u2026]<\/span><\/p>\n","protected":false},"featured_media":0,"template":"","meta":{"_monsterinsights_skip_tracking":false,"_monsterinsights_sitenote_active":false,"_monsterinsights_sitenote_note":"","_monsterinsights_sitenote_category":0},"product_brand":[],"product_cat":[13590,12337],"product_tag":[],"class_list":{"0":"post-752799","1":"product","2":"type-product","3":"status-publish","5":"product_cat-arastirma-inceleme-politika-siyaset","6":"product_cat-politika-siyaset","7":"pa_cilt-ciltsiz","8":"pa_tur-kitap","9":"pa_yayinevi-iletisim-yayinlari","10":"pa_yazar-dilek-kurban","12":"first","13":"instock","14":"sale","15":"shipping-taxable","16":"purchasable","17":"product-type-simple"},"_links":{"self":[{"href":"https:\/\/roveyayinevi.com.tr\/index.php\/wp-json\/wp\/v2\/product\/752799","targetHints":{"allow":["GET"]}}],"collection":[{"href":"https:\/\/roveyayinevi.com.tr\/index.php\/wp-json\/wp\/v2\/product"}],"about":[{"href":"https:\/\/roveyayinevi.com.tr\/index.php\/wp-json\/wp\/v2\/types\/product"}],"wp:attachment":[{"href":"https:\/\/roveyayinevi.com.tr\/index.php\/wp-json\/wp\/v2\/media?parent=752799"}],"wp:term":[{"taxonomy":"product_brand","embeddable":true,"href":"https:\/\/roveyayinevi.com.tr\/index.php\/wp-json\/wp\/v2\/product_brand?post=752799"},{"taxonomy":"product_cat","embeddable":true,"href":"https:\/\/roveyayinevi.com.tr\/index.php\/wp-json\/wp\/v2\/product_cat?post=752799"},{"taxonomy":"product_tag","embeddable":true,"href":"https:\/\/roveyayinevi.com.tr\/index.php\/wp-json\/wp\/v2\/product_tag?post=752799"}],"curies":[{"name":"wp","href":"https:\/\/api.w.org\/{rel}","templated":true}]}}