{"id":752798,"date":"2025-08-28T05:25:21","date_gmt":"2025-08-28T02:25:21","guid":{"rendered":"https:\/\/roveyayinevi.com.tr\/index.php\/urun\/hayalperest-mimarlik-ozgur-aletlerin-mimarligi\/"},"modified":"2026-04-16T03:06:03","modified_gmt":"2026-04-16T00:06:03","slug":"hayalperest-mimarlik-ozgur-aletlerin-mimarligi","status":"publish","type":"product","link":"https:\/\/roveyayinevi.com.tr\/index.php\/urun\/hayalperest-mimarlik-ozgur-aletlerin-mimarligi\/","title":{"rendered":"Hayalperest Mimarl\u0131k \/ \u00d6zg\u00fcr Aletlerin Mimarl\u0131\u011f\u0131"},"content":{"rendered":"<p>Bu kitap bir mimarl\u0131k kitab\u0131. \u0130\u015flevlerinden ar\u0131narak \u00f6zg\u00fcrle\u015fen aletlerin yaratt\u0131\u011f\u0131 bir dizi mimarl\u0131k eserini ve onlar\u0131n arkas\u0131ndaki \u201chayalperest mimarl\u0131k\u201d gelene\u011finin, \u00f6zerklik gelene\u011finin tarihine ili\u015fkin bir panoramay\u0131 i\u00e7eriyor. Kitab\u0131n b\u00fcy\u00fck b\u00f6l\u00fcm\u00fc foto\u011fraflardan olu\u015fuyor. Bu foto\u011fraflar asl\u0131nda mimarl\u0131\u011f\u0131 g\u00f6stermiyor. Mimarl\u0131\u011f\u0131n okundu\u011fu ve mimarl\u0131kla b\u00fct\u00fcnle\u015fen bir kod, birtak\u0131m hiyeroglifler olu\u015fturuyor. This is a book of architecture. It presents a series of architectural works created by tools that have been liberated from their original functions. The book also provides a historical panorama of the tradition of \u201cimaginist architecture\u201d, a tradition of autonomy, that inspires these works of architecture. The book is largely comprised of photographs. These photographs do not depict architecture as such. They form the hieroglyphs which integrate with the architecture of the works.<\/p>\n","protected":false},"excerpt":{"rendered":"<p>Bu kitap bir mimarl\u0131k kitab\u0131. \u0130\u015flevlerinden ar\u0131narak \u00f6zg\u00fcrle\u015fen aletlerin yaratt\u0131\u011f\u0131 bir dizi mimarl\u0131k eserini ve onlar\u0131n arkas\u0131ndaki \u201chayalperest mimarl\u0131k\u201d gelene\u011finin, \u00f6zerklik gelene\u011finin tarihine ili\u015fkin bir panoramay\u0131<span class=\"excerpt-hellip\"> [\u2026]<\/span><\/p>\n","protected":false},"featured_media":0,"template":"","meta":{"_monsterinsights_skip_tracking":false,"_monsterinsights_sitenote_active":false,"_monsterinsights_sitenote_note":"","_monsterinsights_sitenote_category":0},"product_brand":[],"product_cat":[13512,12408],"product_tag":[],"class_list":{"0":"post-752798","1":"product","2":"type-product","3":"status-publish","5":"product_cat-mimarlik","6":"product_cat-sanat","7":"pa_cilt-ciltsiz","8":"pa_tur-kitap","9":"pa_yayinevi-iletisim-yayinlari","10":"pa_yazar-ali-artun","12":"first","13":"instock","14":"sale","15":"shipping-taxable","16":"purchasable","17":"product-type-simple"},"_links":{"self":[{"href":"https:\/\/roveyayinevi.com.tr\/index.php\/wp-json\/wp\/v2\/product\/752798","targetHints":{"allow":["GET"]}}],"collection":[{"href":"https:\/\/roveyayinevi.com.tr\/index.php\/wp-json\/wp\/v2\/product"}],"about":[{"href":"https:\/\/roveyayinevi.com.tr\/index.php\/wp-json\/wp\/v2\/types\/product"}],"wp:attachment":[{"href":"https:\/\/roveyayinevi.com.tr\/index.php\/wp-json\/wp\/v2\/media?parent=752798"}],"wp:term":[{"taxonomy":"product_brand","embeddable":true,"href":"https:\/\/roveyayinevi.com.tr\/index.php\/wp-json\/wp\/v2\/product_brand?post=752798"},{"taxonomy":"product_cat","embeddable":true,"href":"https:\/\/roveyayinevi.com.tr\/index.php\/wp-json\/wp\/v2\/product_cat?post=752798"},{"taxonomy":"product_tag","embeddable":true,"href":"https:\/\/roveyayinevi.com.tr\/index.php\/wp-json\/wp\/v2\/product_tag?post=752798"}],"curies":[{"name":"wp","href":"https:\/\/api.w.org\/{rel}","templated":true}]}}