{"id":752795,"date":"2025-08-28T05:25:18","date_gmt":"2025-08-28T02:25:18","guid":{"rendered":"https:\/\/roveyayinevi.com.tr\/index.php\/urun\/arnhem\/"},"modified":"2026-04-16T03:06:03","modified_gmt":"2026-04-16T00:06:03","slug":"arnhem","status":"publish","type":"product","link":"https:\/\/roveyayinevi.com.tr\/index.php\/urun\/arnhem\/","title":{"rendered":"Arnhem"},"content":{"rendered":"<p>\u201c\u0130kinci D\u00fcnya Sava\u015f\u0131\u2019n\u0131n \u00f6nemli bir b\u00f6l\u00fcm\u00fc, ku\u015fa\u011f\u0131n\u0131n tart\u0131\u015fmas\u0131z en iyi tarih\u00e7ilerinden biri olan Sir Antony Beevor\u2019\u0131n anlat\u0131m yetenekleriyle hayat bulmak i\u00e7in bekliyordu. Elinizdeki bu kitap bekleyi\u015fi sonland\u0131rd\u0131 ve okurlar\u0131 hi\u00e7 de hayal k\u0131r\u0131kl\u0131\u011f\u0131na u\u011fratmayacak. Beevor\u2019\u0131n, askerler ve siviller, kad\u0131nlar ve erkekler gibi s\u0131radan insanlar\u0131n sava\u015f deneyimlerini aktaran yeni kaynaklar\u0131 ortaya \u00e7\u0131karma becerisi kendisini e\u015fsiz k\u0131l\u0131yor. Beevor\u2019\u0131n, yorulmaks\u0131z\u0131n ara\u015ft\u0131rd\u0131\u011f\u0131 ve ak\u0131c\u0131 \u015fekilde yazd\u0131\u011f\u0131 bu m\u00fckemmel kitap, konusunda uzunca bir s\u00fcre mihenk ta\u015f\u0131 olacak.\u201d \u2013 Saul David, Daily Telegraph   Y\u0131l 1944. Overlord Harek\u00e2t\u0131\u2019yla K\u0131ta Avrupas\u0131\u2019na tarihin en b\u00fcy\u00fck amfibi harek\u00e2t\u0131n\u0131 ger\u00e7ekle\u015ftiren M\u00fcttefikler k\u00f6pr\u00fcba\u015flar\u0131n\u0131 emniyete alm\u0131\u015f, Avrupa i\u00e7lerine emin ad\u0131mlarla ilerlemektedir. Harek\u00e2t\u0131n g\u00f6rece olumlu geli\u015fmesiyle M\u00fcttefik saflar\u0131nda sava\u015f\u0131n \u00e7abucak bitece\u011fine dair umutlar ye\u015fermi\u015f, askerler Noel\u2019de memlekete d\u00f6nme hayallerine kap\u0131lm\u0131\u015flard\u0131r. Bu hayal, Nazi Almanyas\u0131\u2019na nakavt darbesi indirmek isteyen M\u00fcttefik Y\u00fcksek Komutas\u0131\u2019n\u0131 da etkisi alt\u0131na alm\u0131\u015ft\u0131r ki, derh\u00e2l bir plan haz\u0131rlan\u0131r. Mare\u015fal Montgomery\u2019nin c\u00fcretk\u00e2r fikri, A\u015fa\u011f\u0131 Ren ve \u00f6tesine uzanan k\u00f6pr\u00fcleri ele ge\u00e7irerek Ruhr havzas\u0131ndan Almanya i\u00e7lerine ilerlemektir.   M\u00fcttefik u\u00e7aklar\u0131 1944 Eyl\u00fcl\u2019\u00fcnde i\u015fgal alt\u0131ndaki Hollanda semalar\u0131nda belirdi\u011finde, Alman taraf\u0131 neyle kar\u015f\u0131la\u015faca\u011f\u0131n\u0131 anlar ve Hitler\u2019in \u0130tfaiyecisi lakapl\u0131 Mare\u015fal Model ile General Kurt Student derh\u00e2l bir savunma tertipler. Avc\u0131lar \u015fimdi avlar\u0131n\u0131 beklemektedir. Almanlar\u0131n \u00e7etin direni\u015fi M\u00fcttefik ak\u0131nlar\u0131n\u0131 pek \u00e7ok yerde durduracak ve kar\u015f\u0131 taarruzlarla harek\u00e2t\u0131n beli k\u0131r\u0131lacakt\u0131r. Hem co\u011fraf\u00ee hem de stratejik \u00f6nem arz eden Hollanda ve bilhassa da Arnhem\u2019deki sert \u00e7arp\u0131\u015fmalar, sava\u015f\u0131n seyrini de\u011fi\u015ftirmese de uzamas\u0131na yol a\u00e7ar ve b\u00f6ylelikle milyonlarca insan\u0131n daha hayat\u0131n\u0131 kaybetmesine neden olur.   Yak\u0131n d\u00f6nemin en \u00f6nemli \u0130ngiliz tarih\u00e7ilerinden Antony Beevor, pek \u00e7ok \u00f6vg\u00fcye mazhar olan \u00e7al\u0131\u015fmas\u0131 Arnhem\u2019de bu c\u00fcretk\u00e2r harek\u00e2t\u0131 b\u00fcy\u00fck bir ustal\u0131kla kaleme al\u0131yor. Beevor; Flaman, \u0130ngiliz, Amerikan, Leh ve Alman ar\u015fivlerinde \u00e7o\u011funlukla g\u00f6zden ka\u00e7an detaylar\u0131 yakalayarak, General Kurt Student\u2019in bizzat \u201cAlmanya\u2019n\u0131n Son Zaferi\u201d olarak adland\u0131rd\u0131\u011f\u0131 muharebenin deh\u015fetengiz atmosferini okurun bizzat solumas\u0131n\u0131 sa\u011fl\u0131yor. <\/p>\n","protected":false},"excerpt":{"rendered":"<p>\u201c\u0130kinci D\u00fcnya Sava\u015f\u0131\u2019n\u0131n \u00f6nemli bir b\u00f6l\u00fcm\u00fc, ku\u015fa\u011f\u0131n\u0131n tart\u0131\u015fmas\u0131z en iyi tarih\u00e7ilerinden biri olan Sir Antony Beevor\u2019\u0131n anlat\u0131m yetenekleriyle hayat bulmak i\u00e7in bekliyordu. Elinizdeki bu kitap bekleyi\u015fi<span class=\"excerpt-hellip\"> [\u2026]<\/span><\/p>\n","protected":false},"featured_media":0,"template":"","meta":{"_monsterinsights_skip_tracking":false,"_monsterinsights_sitenote_active":false,"_monsterinsights_sitenote_note":"","_monsterinsights_sitenote_category":0},"product_brand":[],"product_cat":[12305,12304],"product_tag":[],"class_list":{"0":"post-752795","1":"product","2":"type-product","3":"status-publish","5":"product_cat-dunya-tarihi","6":"product_cat-tarih","7":"pa_cilt-ciltsiz","8":"pa_tur-kitap","9":"pa_yayinevi-kronik-kitap","10":"pa_yazar-antony-beevor","12":"first","13":"instock","14":"sale","15":"shipping-taxable","16":"purchasable","17":"product-type-simple"},"_links":{"self":[{"href":"https:\/\/roveyayinevi.com.tr\/index.php\/wp-json\/wp\/v2\/product\/752795","targetHints":{"allow":["GET"]}}],"collection":[{"href":"https:\/\/roveyayinevi.com.tr\/index.php\/wp-json\/wp\/v2\/product"}],"about":[{"href":"https:\/\/roveyayinevi.com.tr\/index.php\/wp-json\/wp\/v2\/types\/product"}],"wp:attachment":[{"href":"https:\/\/roveyayinevi.com.tr\/index.php\/wp-json\/wp\/v2\/media?parent=752795"}],"wp:term":[{"taxonomy":"product_brand","embeddable":true,"href":"https:\/\/roveyayinevi.com.tr\/index.php\/wp-json\/wp\/v2\/product_brand?post=752795"},{"taxonomy":"product_cat","embeddable":true,"href":"https:\/\/roveyayinevi.com.tr\/index.php\/wp-json\/wp\/v2\/product_cat?post=752795"},{"taxonomy":"product_tag","embeddable":true,"href":"https:\/\/roveyayinevi.com.tr\/index.php\/wp-json\/wp\/v2\/product_tag?post=752795"}],"curies":[{"name":"wp","href":"https:\/\/api.w.org\/{rel}","templated":true}]}}