{"id":752794,"date":"2025-08-28T05:25:17","date_gmt":"2025-08-28T02:25:17","guid":{"rendered":"https:\/\/roveyayinevi.com.tr\/index.php\/urun\/tanrinin-ofkesi\/"},"modified":"2026-04-16T03:06:03","modified_gmt":"2026-04-16T00:06:03","slug":"tanrinin-ofkesi","status":"publish","type":"product","link":"https:\/\/roveyayinevi.com.tr\/index.php\/urun\/tanrinin-ofkesi\/","title":{"rendered":"Tanr\u0131\u2019n\u0131n \u00d6fkesi"},"content":{"rendered":"<p>G\u00fcne\u015f karar\u0131r, kara denize batar. G\u00f6ky\u00fcz\u00fcnden a\u015fa\u011f\u0131 y\u0131ld\u0131zlar d\u00f6k\u00fcl\u00fcr\u2026 \u201cSanki g\u00f6k a\u00e7\u0131lm\u0131\u015f, sanki herkes \u00f6l\u00fcm\u00fcn yak\u0131nda \u00fczerlerine gelmesi gerekti\u011fini d\u00fc\u015f\u00fcnerek kendilerini Tanr\u0131\u2019ya emanet ediyormu\u015f gibi g\u00f6r\u00fcn\u00fcyordu. Her ya\u015ftan ke\u015fi\u015fler, rahipler, kad\u0131nlar, o\u011flanlar ve k\u0131zlar, kurtlar\u0131n avlad\u0131\u011f\u0131 \u00e7obans\u0131z koyunlar gibiydi.\u201d 1456 Napoli B\u00fcy\u00fck Depremi \u201cThames Nehri ve ba\u015fka yerlerde cefas\u0131n\u0131 yoksul halk\u0131n \u00e7ekti\u011fi, has\u0131rlara veya ba\u015fka muhafazalara sar\u0131l\u0131 ekmekleri bile donduran ve \u0131s\u0131t\u0131lmadan yenemez h\u00e2le getiren b\u00fcy\u00fck bir don ve buz k\u00fcmelenmesi has\u0131l oldu: Buz y\u0131\u011f\u0131nlar\u0131 Thames y\u00fczeyini \u00f6yle bir kaplad\u0131 ki, insanlar Greenhithe\u2019ten Westmister\u2019a oradan da Londra\u2019ya kadar buzlar \u00fczerinde gidiyorlard\u0131.\u201d 1310 \u0130ngiltere\u2019de Gr\u00f6nland Y\u0131l\u0131 \u201c1 Kas\u0131m 1333\u2019te ya\u011fmur ba\u015flad\u0131. Korkun\u00e7 \u015fim\u015fek ve g\u00f6k g\u00fcr\u00fclt\u00fcs\u00fcyle d\u00f6rt g\u00fcn d\u00f6rt gece ya\u011fd\u0131; ve nehir y\u00fckseldi, y\u00fckseldi, ta ki su duvarlar\u0131, ard\u0131ndan binalar\u0131 y\u0131kana ve \u00fc\u00e7 ana k\u00f6pr\u00fcy\u00fc kald\u0131r\u0131p sona erene kadar. T\u00fcm bunlar paha bi\u00e7ilemez bir y\u0131k\u0131m ve can kayb\u0131yd\u0131&#8230;\u201d 1333 y\u0131l\u0131 Floransa Sel Felaketi Seller, depremler, dolu olaylar\u0131, orman yang\u0131nlar\u0131, salg\u0131n hastal\u0131klar, k\u0131tl\u0131klar, b\u00fcy\u00fck volkanik olaylar, depremler\/tsunamiler, pandemiler, epizootikler, f\u0131rt\u0131nalar, don olaylar\u0131, kurakl\u0131klar\/yang\u0131nlar, iklimsel de\u011fi\u015fimleri ve k\u0131tl\u0131k olaylar\u0131 Orta\u00e7a\u011f Avrupas\u0131\u2019n\u0131 her y\u00f6n\u00fcyle de\u011fi\u015ftiren afetler\u2026 Orta\u00e7a\u011f Avrupas\u0131\u2019nda insanlar kendilerini ve \u00e7ocuklar\u0131n\u0131 neden k\u00f6le olarak satm\u0131\u015ft\u0131? Avrupa\u2019n\u0131n n\u00fcfusu ne zaman ve nas\u0131l yar\u0131 yar\u0131ya yok oldu? Depremler \u015fehirleri haritadan nas\u0131l sildi? Do\u011fal felaketler Avrupa\u2019n\u0131n tarihini nas\u0131l de\u011fi\u015ftirdi? \u0130nsanlar Orta\u00e7a\u011f\u2019da bu b\u00fcy\u00fck felaketlerle nas\u0131l m\u00fccadele ediyorlard\u0131? Yoksa kaderlerine boyun e\u011fip Tanr\u0131\u2019n\u0131n kendilerini cezaland\u0131rd\u0131klar\u0131n\u0131 m\u0131 d\u00fc\u015f\u00fcn\u00fcyorlard\u0131? Tanr\u0131\u2019n\u0131n \u00d6fkesi Orta\u00e7a\u011f boyunca Avrupa\u2019y\u0131 tamamen de\u011fi\u015ftiren do\u011fal afetlerin ve felaketlerin \u00e7arp\u0131c\u0131, y\u0131k\u0131c\u0131 ve yok edici etkilerini b\u00fct\u00fcn \u00e7arp\u0131c\u0131l\u0131\u011f\u0131 ve deh\u015fetiyle g\u00f6zler \u00f6n\u00fcne sermektedir.<\/p>\n","protected":false},"excerpt":{"rendered":"<p>G\u00fcne\u015f karar\u0131r, kara denize batar. G\u00f6ky\u00fcz\u00fcnden a\u015fa\u011f\u0131 y\u0131ld\u0131zlar d\u00f6k\u00fcl\u00fcr\u2026 \u201cSanki g\u00f6k a\u00e7\u0131lm\u0131\u015f, sanki herkes \u00f6l\u00fcm\u00fcn yak\u0131nda \u00fczerlerine gelmesi gerekti\u011fini d\u00fc\u015f\u00fcnerek kendilerini Tanr\u0131\u2019ya emanet ediyormu\u015f gibi g\u00f6r\u00fcn\u00fcyordu.<span class=\"excerpt-hellip\"> [\u2026]<\/span><\/p>\n","protected":false},"featured_media":0,"template":"","meta":{"_monsterinsights_skip_tracking":false,"_monsterinsights_sitenote_active":false,"_monsterinsights_sitenote_note":"","_monsterinsights_sitenote_category":0},"product_brand":[],"product_cat":[12305,12304],"product_tag":[],"class_list":{"0":"post-752794","1":"product","2":"type-product","3":"status-publish","5":"product_cat-dunya-tarihi","6":"product_cat-tarih","7":"pa_cilt-ciltsiz","8":"pa_tur-kitap","9":"pa_yayinevi-kronik-kitap","10":"pa_yazar-tolgahan-karaimamoglu","12":"first","13":"instock","14":"sale","15":"shipping-taxable","16":"purchasable","17":"product-type-simple"},"_links":{"self":[{"href":"https:\/\/roveyayinevi.com.tr\/index.php\/wp-json\/wp\/v2\/product\/752794","targetHints":{"allow":["GET"]}}],"collection":[{"href":"https:\/\/roveyayinevi.com.tr\/index.php\/wp-json\/wp\/v2\/product"}],"about":[{"href":"https:\/\/roveyayinevi.com.tr\/index.php\/wp-json\/wp\/v2\/types\/product"}],"wp:attachment":[{"href":"https:\/\/roveyayinevi.com.tr\/index.php\/wp-json\/wp\/v2\/media?parent=752794"}],"wp:term":[{"taxonomy":"product_brand","embeddable":true,"href":"https:\/\/roveyayinevi.com.tr\/index.php\/wp-json\/wp\/v2\/product_brand?post=752794"},{"taxonomy":"product_cat","embeddable":true,"href":"https:\/\/roveyayinevi.com.tr\/index.php\/wp-json\/wp\/v2\/product_cat?post=752794"},{"taxonomy":"product_tag","embeddable":true,"href":"https:\/\/roveyayinevi.com.tr\/index.php\/wp-json\/wp\/v2\/product_tag?post=752794"}],"curies":[{"name":"wp","href":"https:\/\/api.w.org\/{rel}","templated":true}]}}