{"id":752793,"date":"2025-08-28T05:25:16","date_gmt":"2025-08-28T02:25:16","guid":{"rendered":"https:\/\/roveyayinevi.com.tr\/index.php\/urun\/dakikalar-icinde-bilim\/"},"modified":"2026-04-16T03:06:03","modified_gmt":"2026-04-16T00:06:03","slug":"dakikalar-icinde-bilim","status":"publish","type":"product","link":"https:\/\/roveyayinevi.com.tr\/index.php\/urun\/dakikalar-icinde-bilim\/","title":{"rendered":"Dakikalar \u0130\u00e7inde Bilim"},"content":{"rendered":"<p>Bilimin Muhte\u015fem D\u00fcnyas\u0131n\u0131 Ke\u015ffedin Fizik, Kimya, Biyoloji, Ekoloji, Biyoteknoloji, Anatomi ve Fizyoloji, T\u0131p, Yer Bilimleri, Enerji \u00dcretimi, Astronomi, Uzay U\u00e7u\u015fu ve Bilgi Teknolojisi ve daha fazlas\u0131 Dakikalar \u0130\u00e7inde Bilim kitab\u0131nda\u2026 \u00d6l\u00fcmc\u00fcl hastal\u0131klar\u0131 ve iklim de\u011fi\u015fimini nas\u0131l \u00f6nleyebiliriz? Hava olaylar\u0131 nas\u0131l ger\u00e7ekle\u015fiyor? Evrenin ana maddesi hakk\u0131nda bilgilerimiz ne kadar do\u011fru? Einstein\u2019\u0131n g\u00f6relilik kuram\u0131 hakk\u0131nda neler biliyoruz? Bir koyun nas\u0131l klonlan\u0131r? Okyanuslar\u0131n derinliklerinde nas\u0131l bir d\u00fcnya var? Kara delikler ve karanl\u0131k madde nedir? Kuantum fizi\u011fi hakk\u0131nda neler biliyoruz? D\u00fcnya d\u0131\u015f\u0131nda ya\u015fam m\u00fcmk\u00fcn m\u00fc? Yer \u00e7ekimi nas\u0131l bulunmu\u015ftur? \u0130nsan v\u00fccudu nas\u0131l hareket eder? Uydular arac\u0131l\u0131\u011f\u0131yla ileti\u015fim nas\u0131l sa\u011flan\u0131yor? Bu sorular\u0131n \u00f6tesinde akl\u0131n\u0131za gelebilecek ya\u015fama ve gezegenimize dair sorular, bilgiler, g\u00f6rseller, cevaplar Dakikalar \u0130\u00e7inde Bilim kitab\u0131nda anla\u015f\u0131l\u0131r ve kolay okunabilir bir \u015fekilde sizlere sunuluyor. Dakikalar \u0130\u00e7inde Bilim, teknik dile fazla girmeden 200 g\u00f6rsel, \u00e7izim ve grafik ile bilimdeki ana konular\u0131 \u00f6zetlemeyi ama\u00e7larken sizleri bilimin muhte\u015fem ve b\u00fcy\u00fcleyici d\u00fcnyas\u0131n\u0131 ke\u015ffetmeye davet ediyor. <\/p>\n","protected":false},"excerpt":{"rendered":"<p>Bilimin Muhte\u015fem D\u00fcnyas\u0131n\u0131 Ke\u015ffedin Fizik, Kimya, Biyoloji, Ekoloji, Biyoteknoloji, Anatomi ve Fizyoloji, T\u0131p, Yer Bilimleri, Enerji \u00dcretimi, Astronomi, Uzay U\u00e7u\u015fu ve Bilgi Teknolojisi ve daha fazlas\u0131<span class=\"excerpt-hellip\"> [\u2026]<\/span><\/p>\n","protected":false},"featured_media":0,"template":"","meta":{"_monsterinsights_skip_tracking":false,"_monsterinsights_sitenote_active":false,"_monsterinsights_sitenote_note":"","_monsterinsights_sitenote_category":0},"product_brand":[],"product_cat":[13005,15998],"product_tag":[],"class_list":{"0":"post-752793","1":"product","2":"type-product","3":"status-publish","5":"product_cat-bilim-muhendislik","6":"product_cat-bilim-tarihi","7":"pa_cilt-ciltsiz","8":"pa_tur-kitap","9":"pa_yayinevi-kronik-kitap","10":"pa_yazar-hazel-muir","12":"first","13":"instock","14":"sale","15":"shipping-taxable","16":"purchasable","17":"product-type-simple"},"_links":{"self":[{"href":"https:\/\/roveyayinevi.com.tr\/index.php\/wp-json\/wp\/v2\/product\/752793","targetHints":{"allow":["GET"]}}],"collection":[{"href":"https:\/\/roveyayinevi.com.tr\/index.php\/wp-json\/wp\/v2\/product"}],"about":[{"href":"https:\/\/roveyayinevi.com.tr\/index.php\/wp-json\/wp\/v2\/types\/product"}],"wp:attachment":[{"href":"https:\/\/roveyayinevi.com.tr\/index.php\/wp-json\/wp\/v2\/media?parent=752793"}],"wp:term":[{"taxonomy":"product_brand","embeddable":true,"href":"https:\/\/roveyayinevi.com.tr\/index.php\/wp-json\/wp\/v2\/product_brand?post=752793"},{"taxonomy":"product_cat","embeddable":true,"href":"https:\/\/roveyayinevi.com.tr\/index.php\/wp-json\/wp\/v2\/product_cat?post=752793"},{"taxonomy":"product_tag","embeddable":true,"href":"https:\/\/roveyayinevi.com.tr\/index.php\/wp-json\/wp\/v2\/product_tag?post=752793"}],"curies":[{"name":"wp","href":"https:\/\/api.w.org\/{rel}","templated":true}]}}