{"id":752791,"date":"2025-08-28T05:25:13","date_gmt":"2025-08-28T02:25:13","guid":{"rendered":"https:\/\/roveyayinevi.com.tr\/index.php\/urun\/cia-tarihi-1947-2022\/"},"modified":"2026-04-16T03:06:03","modified_gmt":"2026-04-16T00:06:03","slug":"cia-tarihi-1947-2022","status":"publish","type":"product","link":"https:\/\/roveyayinevi.com.tr\/index.php\/urun\/cia-tarihi-1947-2022\/","title":{"rendered":"CIA Tarihi, 1947-2022"},"content":{"rendered":"<p>KARANLIK VE SORUNLARLA DOLU B\u0130R TAR\u0130HE YAPILAN DER\u0130N B\u0130R DALI\u015e: CIA TAR\u0130H\u0130     \u201cAmerikan istihbarat servisinin ayd\u0131nlat\u0131c\u0131 ve ayn\u0131 zamanda rahats\u0131z edici tarihi.\u201d Kirkus Reviews   \u201cMerkezi \u0130stihbarat Te\u015fkilat\u0131n\u0131n k\u0131sa ve \u00f6z tarihini i\u00e7eren bu kitapta, Te\u015fkilat\u0131n en b\u00fcy\u00fck ba\u015far\u0131lar\u0131n\u0131n ve u\u011frad\u0131\u011f\u0131 en b\u00fcy\u00fck felaketlerin hemen hemen tamam\u0131 konu ediliyor. Yazar kitapta aktard\u0131\u011f\u0131 \u00e7ok say\u0131da ilgin\u00e7 olayla, Te\u015fkilat hakk\u0131nda olduk\u00e7a derine uzanan bilgiler sa\u011fl\u0131yor.\u201d The Guardian Amerikan d\u0131\u015f istihbarat servisi CIA, kuruldu\u011fu g\u00fcnden bu yana romanlardan filmlere, haberlerden muhtelif olaylar etraf\u0131nda \u015fekillendirilen komplo teorilerine kadar g\u00fcn\u00fcm\u00fcz\u00fcn g\u00fcncel siyaseti, asker\u00ee ve siyasi g\u00fcndemi i\u00e7erisinde kendisinden mutlaka bahsedilen bir istihbarat \u00f6rg\u00fct\u00fc olmay\u0131 s\u00fcrd\u00fcr\u00fcyor. Yazar Rhodri Jeffreys-Jones CIA\u2019in perde arkas\u0131nda kalm\u0131\u015f hik\u00e2yesini ke\u015ffe \u00e7\u0131k\u0131yor: CIA\u2019in kurulu\u015fundan g\u00fcn\u00fcm\u00fcze hangi \u00fclkeler \u00fczerinde ne t\u00fcr istihbarat ve analiz \u00e7al\u0131\u015fmalar\u0131 y\u00fcr\u00fctt\u00fc\u011f\u00fcn\u00fc, bu faaliyetlerin de\u011ferini ve \u00f6nemini, te\u015fkilat\u0131n ne gibi kirli hileler kulland\u0131\u011f\u0131n\u0131 ve bunlar\u0131n yol a\u00e7t\u0131\u011f\u0131 sonu\u00e7lar\u0131 a\u00e7\u0131k ve cesur bir \u015fekilde anlat\u0131yor. Te\u015fkilat\u0131n birbirinden farkl\u0131, belirgin d\u00f6nemlerinin s\u0131ral\u0131 bir anlat\u0131m ve tarafs\u0131z bir perspektif ile aktar\u0131ld\u0131\u011f\u0131 CIA Tarihi, K\u00fcba\u2019daki Domuzlar K\u00f6rfezi bask\u0131n\u0131ndan te\u015fkilat\u0131n Vietnam Sava\u015f\u0131 s\u0131ras\u0131nda \u00fcstlendi\u011fi g\u00f6revlere, SSCB\u2019ye kar\u015f\u0131 y\u00fcr\u00fct\u00fclen espiyonaj faaliyetlerinden 11 Eyl\u00fcl sald\u0131r\u0131lar\u0131na, ter\u00f6rle sava\u015f d\u00f6neminden Irak\u2019taki kitle imha silahlar\u0131 kand\u0131rmacas\u0131na ve Usame bin Ladin\u2019in \u00f6ld\u00fcr\u00fclmesine kadar geni\u015f bir zemin \u00fczerinden Amerikan Gizli Servisini ele al\u0131yor. Ayr\u0131ca CIA taraf\u0131ndan \u00e7e\u015fitli ama\u00e7larla sahte ve yan\u0131lt\u0131c\u0131 haberler yay\u0131lmas\u0131na de\u011finerek te\u015fkilat\u0131n \u00fclke i\u00e7erisinde d\u00fc\u015ft\u00fc\u011f\u00fc zor durumlardan da bahsediyor. Son derece kapsaml\u0131 ara\u015ft\u0131rmalar ve te\u015fkilatla alakal\u0131 ki\u015filerle yap\u0131lan \u00e7ok say\u0131da g\u00f6r\u00fc\u015fme sonucunda kaleme al\u0131nan CIA Tarihi: Amerikan Gizli Servisi ve Faaliyetleri, Amerikan d\u0131\u015f istihbarat servisinin 75 y\u0131ll\u0131k tarihini, hatalar\u0131n\u0131 ve ele\u015ftirilecek y\u00f6nlerini saklamaks\u0131z\u0131n bir b\u00fct\u00fcnl\u00fck i\u00e7erisinde sunuyor. <\/p>\n","protected":false},"excerpt":{"rendered":"<p>KARANLIK VE SORUNLARLA DOLU B\u0130R TAR\u0130HE YAPILAN DER\u0130N B\u0130R DALI\u015e: CIA TAR\u0130H\u0130 \u201cAmerikan istihbarat servisinin ayd\u0131nlat\u0131c\u0131 ve ayn\u0131 zamanda rahats\u0131z edici tarihi.\u201d Kirkus Reviews \u201cMerkezi \u0130stihbarat<span class=\"excerpt-hellip\"> [\u2026]<\/span><\/p>\n","protected":false},"featured_media":0,"template":"","meta":{"_monsterinsights_skip_tracking":false,"_monsterinsights_sitenote_active":false,"_monsterinsights_sitenote_note":"","_monsterinsights_sitenote_category":0},"product_brand":[],"product_cat":[12312,12304],"product_tag":[],"class_list":{"0":"post-752791","1":"product","2":"type-product","3":"status-publish","5":"product_cat-diger","6":"product_cat-tarih","7":"pa_cilt-ciltsiz","8":"pa_tur-kitap","9":"pa_yayinevi-kronik-kitap","10":"pa_yazar-rhodri-jeffreys-jones","12":"first","13":"instock","14":"sale","15":"shipping-taxable","16":"purchasable","17":"product-type-simple"},"_links":{"self":[{"href":"https:\/\/roveyayinevi.com.tr\/index.php\/wp-json\/wp\/v2\/product\/752791","targetHints":{"allow":["GET"]}}],"collection":[{"href":"https:\/\/roveyayinevi.com.tr\/index.php\/wp-json\/wp\/v2\/product"}],"about":[{"href":"https:\/\/roveyayinevi.com.tr\/index.php\/wp-json\/wp\/v2\/types\/product"}],"wp:attachment":[{"href":"https:\/\/roveyayinevi.com.tr\/index.php\/wp-json\/wp\/v2\/media?parent=752791"}],"wp:term":[{"taxonomy":"product_brand","embeddable":true,"href":"https:\/\/roveyayinevi.com.tr\/index.php\/wp-json\/wp\/v2\/product_brand?post=752791"},{"taxonomy":"product_cat","embeddable":true,"href":"https:\/\/roveyayinevi.com.tr\/index.php\/wp-json\/wp\/v2\/product_cat?post=752791"},{"taxonomy":"product_tag","embeddable":true,"href":"https:\/\/roveyayinevi.com.tr\/index.php\/wp-json\/wp\/v2\/product_tag?post=752791"}],"curies":[{"name":"wp","href":"https:\/\/api.w.org\/{rel}","templated":true}]}}