{"id":752788,"date":"2025-08-28T05:25:09","date_gmt":"2025-08-28T02:25:09","guid":{"rendered":"https:\/\/roveyayinevi.com.tr\/index.php\/urun\/peppa-pig-peppanin-kum-havuzu\/"},"modified":"2026-04-16T03:06:02","modified_gmt":"2026-04-16T00:06:02","slug":"peppa-pig-peppanin-kum-havuzu","status":"publish","type":"product","link":"https:\/\/roveyayinevi.com.tr\/index.php\/urun\/peppa-pig-peppanin-kum-havuzu\/","title":{"rendered":"Peppa Pig Peppa&#8217;n\u0131n Kum Havuzu"},"content":{"rendered":"<p>Peppa ve arkada\u015flar\u0131 kum havuzunda \u0131ss\u0131z bir ada in\u015fa ediyorlar. Gelmi\u015f ge\u00e7mi\u015f en g\u00fczel yap-inan oyunu bu!<\/p>\n","protected":false},"excerpt":{"rendered":"<p>Peppa ve arkada\u015flar\u0131 kum havuzunda \u0131ss\u0131z bir ada in\u015fa ediyorlar. Gelmi\u015f ge\u00e7mi\u015f en g\u00fczel yap-inan oyunu bu!<\/p>\n","protected":false},"featured_media":0,"template":"","meta":{"_monsterinsights_skip_tracking":false,"_monsterinsights_sitenote_active":false,"_monsterinsights_sitenote_note":"","_monsterinsights_sitenote_category":0},"product_brand":[],"product_cat":[12274,12518],"product_tag":[],"class_list":{"0":"post-752788","1":"product","2":"type-product","3":"status-publish","5":"product_cat-cocuk-ve-genclik-kitaplari","6":"product_cat-okul-oncesi-kitaplar","7":"pa_cilt-ciltsiz","8":"pa_tur-kitap","9":"pa_yayinevi-dogan-cocuk","10":"pa_yazar-kolektif","12":"first","13":"instock","14":"sale","15":"shipping-taxable","16":"purchasable","17":"product-type-simple"},"_links":{"self":[{"href":"https:\/\/roveyayinevi.com.tr\/index.php\/wp-json\/wp\/v2\/product\/752788","targetHints":{"allow":["GET"]}}],"collection":[{"href":"https:\/\/roveyayinevi.com.tr\/index.php\/wp-json\/wp\/v2\/product"}],"about":[{"href":"https:\/\/roveyayinevi.com.tr\/index.php\/wp-json\/wp\/v2\/types\/product"}],"wp:attachment":[{"href":"https:\/\/roveyayinevi.com.tr\/index.php\/wp-json\/wp\/v2\/media?parent=752788"}],"wp:term":[{"taxonomy":"product_brand","embeddable":true,"href":"https:\/\/roveyayinevi.com.tr\/index.php\/wp-json\/wp\/v2\/product_brand?post=752788"},{"taxonomy":"product_cat","embeddable":true,"href":"https:\/\/roveyayinevi.com.tr\/index.php\/wp-json\/wp\/v2\/product_cat?post=752788"},{"taxonomy":"product_tag","embeddable":true,"href":"https:\/\/roveyayinevi.com.tr\/index.php\/wp-json\/wp\/v2\/product_tag?post=752788"}],"curies":[{"name":"wp","href":"https:\/\/api.w.org\/{rel}","templated":true}]}}