{"id":752786,"date":"2025-08-28T05:25:05","date_gmt":"2025-08-28T02:25:05","guid":{"rendered":"https:\/\/roveyayinevi.com.tr\/index.php\/urun\/hic-bitmeyen-masal\/"},"modified":"2026-04-16T03:06:02","modified_gmt":"2026-04-16T00:06:02","slug":"hic-bitmeyen-masal","status":"publish","type":"product","link":"https:\/\/roveyayinevi.com.tr\/index.php\/urun\/hic-bitmeyen-masal\/","title":{"rendered":"Hi\u00e7 Bitmeyen Masal"},"content":{"rendered":"<p>Sevgili Evangeline, Eninde sonunda onunla yine g\u00f6r\u00fc\u015feceksin, onu g\u00f6rd\u00fc\u011f\u00fcnde sak\u0131n ona aldanma. Tatl\u0131 gamzelerine, b\u00fcy\u00fcleyici mavi g\u00f6zlerine ya da sana K\u00fc\u00e7\u00fck Tilki dedi\u011finde kalbinin hop etmesine kanma. Sana K\u00fc\u00e7\u00fck Tilki diye seslenmesi bir sevgi ifadesi de\u011fil, ba\u015fka bir ayartma \u015fekli. Jacks\u2019in kalbi at\u0131yor olabilir ama hissetmez. Ona tekrar g\u00fcvenecek gibi olursan, daha \u00f6nce yapt\u0131klar\u0131n\u0131 hat\u0131rla. New York Times\u2019\u0131n \u00e7ok satan yazar\u0131 Stephanie Garber\u2019dan Caraval serisinin sihirli evreninde ge\u00e7en lanetli bir a\u015fk masal\u0131 Kupa Prensi\u2019nin ihanetine u\u011frad\u0131\u011f\u0131nda Evangeline Fox, bir daha ona asla g\u00fcvenmeyece\u011fine yemin etmi\u015fti. Hem art\u0131k kendi b\u00fcy\u00fcs\u00fcn\u00fc de ke\u015ffetmi\u015fti, Prens\u2019in ondan \u00e7ald\u0131\u011f\u0131 mutlulu\u011fu kendi bulabilirdi. Fakat ne yaz\u0131k ki, i\u015fler hi\u00e7bir zaman sizin planlad\u0131\u011f\u0131n\u0131z gibi gitmez. \u015eimdi Evangeline, korkun\u00e7 bir lanet y\u00fcz\u00fcnden yine Kupa Prensi ile ortak olmak zorunda. Hatta bu sefer g\u00fcvenebilece\u011fi tek ki\u015fi de o. Yeni d\u00fc\u015fmanlar, eski arkada\u015flar ve hem ak\u0131llarla hem kalplerle oynayan sihirlerle dolu muhte\u015fem bir macera. Her zaman kalbinin sesine g\u00fcvenebilir misin?<\/p>\n","protected":false},"excerpt":{"rendered":"<p>Sevgili Evangeline, Eninde sonunda onunla yine g\u00f6r\u00fc\u015feceksin, onu g\u00f6rd\u00fc\u011f\u00fcnde sak\u0131n ona aldanma. Tatl\u0131 gamzelerine, b\u00fcy\u00fcleyici mavi g\u00f6zlerine ya da sana K\u00fc\u00e7\u00fck Tilki dedi\u011finde kalbinin hop etmesine<span class=\"excerpt-hellip\"> [\u2026]<\/span><\/p>\n","protected":false},"featured_media":0,"template":"","meta":{"_monsterinsights_skip_tracking":false,"_monsterinsights_sitenote_active":false,"_monsterinsights_sitenote_note":"","_monsterinsights_sitenote_category":0},"product_brand":[],"product_cat":[12291,14777],"product_tag":[],"class_list":{"0":"post-752786","1":"product","2":"type-product","3":"status-publish","5":"product_cat-edebiyat","6":"product_cat-fantastik","7":"pa_cilt-ciltsiz","8":"pa_tur-kitap","9":"pa_yayinevi-dex-yayinevi","10":"pa_yazar-stephanie-garber","12":"first","13":"instock","14":"sale","15":"shipping-taxable","16":"purchasable","17":"product-type-simple"},"_links":{"self":[{"href":"https:\/\/roveyayinevi.com.tr\/index.php\/wp-json\/wp\/v2\/product\/752786","targetHints":{"allow":["GET"]}}],"collection":[{"href":"https:\/\/roveyayinevi.com.tr\/index.php\/wp-json\/wp\/v2\/product"}],"about":[{"href":"https:\/\/roveyayinevi.com.tr\/index.php\/wp-json\/wp\/v2\/types\/product"}],"wp:attachment":[{"href":"https:\/\/roveyayinevi.com.tr\/index.php\/wp-json\/wp\/v2\/media?parent=752786"}],"wp:term":[{"taxonomy":"product_brand","embeddable":true,"href":"https:\/\/roveyayinevi.com.tr\/index.php\/wp-json\/wp\/v2\/product_brand?post=752786"},{"taxonomy":"product_cat","embeddable":true,"href":"https:\/\/roveyayinevi.com.tr\/index.php\/wp-json\/wp\/v2\/product_cat?post=752786"},{"taxonomy":"product_tag","embeddable":true,"href":"https:\/\/roveyayinevi.com.tr\/index.php\/wp-json\/wp\/v2\/product_tag?post=752786"}],"curies":[{"name":"wp","href":"https:\/\/api.w.org\/{rel}","templated":true}]}}