{"id":752785,"date":"2025-08-28T05:25:03","date_gmt":"2025-08-28T02:25:03","guid":{"rendered":"https:\/\/roveyayinevi.com.tr\/index.php\/urun\/evrenin-taslari-bozkirdan-okyanusa-zamansiz-bir-masal\/"},"modified":"2026-04-16T03:06:02","modified_gmt":"2026-04-16T00:06:02","slug":"evrenin-taslari-bozkirdan-okyanusa-zamansiz-bir-masal","status":"publish","type":"product","link":"https:\/\/roveyayinevi.com.tr\/index.php\/urun\/evrenin-taslari-bozkirdan-okyanusa-zamansiz-bir-masal\/","title":{"rendered":"Evrenin Ta\u015flar\u0131: Bozk\u0131rdan Okyanusa Zamans\u0131z Bir Masal"},"content":{"rendered":"<p>Evrenin kendine has bir dili vard\u0131r. Bu dilin kesin hu\u0308ku\u0308mleriyle o\u0308nce yokluk, ard\u0131ndan da varl\u0131k ortaklas\u0327\u0131p kavramlas\u0327\u0131r. I\u0307nsanog\u0306lu taraf\u0131ndan evrenin birles\u0327tirici dilinden esinle ku\u0308ltler, ku\u0308ltu\u0308rler ve so\u0308ylenceler de zaman zaman ortak motiflere do\u0308nu\u0308s\u0327u\u0308r. Evrenin Tas\u0327lar\u0131: Bozk\u0131rdan Okyanusa Zamans\u0131z Bir Masal, anavatanlar\u0131ndan uzaklas\u0327t\u0131r\u0131lan farkl\u0131 cog\u0306rafyalardan ve farkl\u0131 ku\u0308ltu\u0308rlerden iki klan\u0131n, Danlar\u0131n ve Hunlar\u0131n, beklenmedik s\u0327ekilde bir araya gelis\u0327ini ve ortak yanlar\u0131n\u0131 kes\u0327fetme seru\u0308venlerini efsaneler ve mitolojik o\u0308g\u0306elerle dolu bir macerayla sunuyor. Olus\u0327turduklar\u0131 yeni kimlikleriyle, tarihin karanl\u0131k c\u0327ag\u0306lar\u0131ndaki egemen gu\u0308c\u0327lere meydan okuyan bu klanlar\u0131n, sahip olduklar\u0131 hazineyi korumak ic\u0327in verdig\u0306i bu\u0308yu\u0308k mu\u0308cadele hayal du\u0308nyas\u0131n\u0131n s\u0131n\u0131rlar\u0131na dog\u0306ru heyecanl\u0131 bir yolculug\u0306a c\u0327\u0131kar\u0131yor bizleri&#8230; <\/p>\n","protected":false},"excerpt":{"rendered":"<p>Evrenin kendine has bir dili vard\u0131r. Bu dilin kesin hu\u0308ku\u0308mleriyle o\u0308nce yokluk, ard\u0131ndan da varl\u0131k ortaklas\u0327\u0131p kavramlas\u0327\u0131r. I\u0307nsanog\u0306lu taraf\u0131ndan evrenin birles\u0327tirici dilinden esinle ku\u0308ltler, ku\u0308ltu\u0308rler ve<span class=\"excerpt-hellip\"> [\u2026]<\/span><\/p>\n","protected":false},"featured_media":0,"template":"","meta":{"_monsterinsights_skip_tracking":false,"_monsterinsights_sitenote_active":false,"_monsterinsights_sitenote_note":"","_monsterinsights_sitenote_category":0},"product_brand":[],"product_cat":[12291,12711],"product_tag":[],"class_list":{"0":"post-752785","1":"product","2":"type-product","3":"status-publish","5":"product_cat-edebiyat","6":"product_cat-roman-oyku","7":"pa_cilt-ciltsiz","8":"pa_tur-kitap","9":"pa_yayinevi-dogan-solibri-yayinlari","10":"pa_yazar-ferhan-yildiz","12":"first","13":"instock","14":"sale","15":"shipping-taxable","16":"purchasable","17":"product-type-simple"},"_links":{"self":[{"href":"https:\/\/roveyayinevi.com.tr\/index.php\/wp-json\/wp\/v2\/product\/752785","targetHints":{"allow":["GET"]}}],"collection":[{"href":"https:\/\/roveyayinevi.com.tr\/index.php\/wp-json\/wp\/v2\/product"}],"about":[{"href":"https:\/\/roveyayinevi.com.tr\/index.php\/wp-json\/wp\/v2\/types\/product"}],"wp:attachment":[{"href":"https:\/\/roveyayinevi.com.tr\/index.php\/wp-json\/wp\/v2\/media?parent=752785"}],"wp:term":[{"taxonomy":"product_brand","embeddable":true,"href":"https:\/\/roveyayinevi.com.tr\/index.php\/wp-json\/wp\/v2\/product_brand?post=752785"},{"taxonomy":"product_cat","embeddable":true,"href":"https:\/\/roveyayinevi.com.tr\/index.php\/wp-json\/wp\/v2\/product_cat?post=752785"},{"taxonomy":"product_tag","embeddable":true,"href":"https:\/\/roveyayinevi.com.tr\/index.php\/wp-json\/wp\/v2\/product_tag?post=752785"}],"curies":[{"name":"wp","href":"https:\/\/api.w.org\/{rel}","templated":true}]}}