{"id":752784,"date":"2025-08-28T05:25:02","date_gmt":"2025-08-28T02:25:02","guid":{"rendered":"https:\/\/roveyayinevi.com.tr\/index.php\/urun\/yeniden\/"},"modified":"2026-04-16T03:06:02","modified_gmt":"2026-04-16T00:06:02","slug":"yeniden","status":"publish","type":"product","link":"https:\/\/roveyayinevi.com.tr\/index.php\/urun\/yeniden\/","title":{"rendered":"Yeniden"},"content":{"rendered":"<p>Sevgi, tevazu, anlay\u0131\u015f, \u015fefkat&#8230; Neyse arad\u0131\u011f\u0131m\u0131z bu d\u00fcnyada, bulaca\u011f\u0131z i\u00e7imizde. Yaln\u0131z de\u011filim, yaln\u0131z de\u011filsin. Bir\u2019iz, beraberiz bu yolculukta. Dilerim okuyacaklar\u0131n kalbini \u0131s\u0131ts\u0131n, sana ve \u00e7evrene dokunsun, alan a\u00e7s\u0131n ve ilham olsun yoluna.   Zeyneb Yeniden bir ya\u015fam\u0131 kutlama \u00f6yk\u00fcs\u00fc\u2026 \u00d6l\u00fcmc\u00fcl bir kazan\u0131n ard\u0131ndan her \u015feyi geride b\u0131rakarak Akyaka\u2019da yeni bir hayata ba\u015flayan tan\u0131nm\u0131\u015f yoga e\u011fitmeni Zeyneb Uras, \u015fifalanma yolculu\u011funa davet ediyor okuru; g\u00fc\u00e7lenmek, geli\u015fmek, b\u00fct\u00fcne hizmet etmek i\u00e7in\u2026 <\/p>\n","protected":false},"excerpt":{"rendered":"<p>Sevgi, tevazu, anlay\u0131\u015f, \u015fefkat&#8230; Neyse arad\u0131\u011f\u0131m\u0131z bu d\u00fcnyada, bulaca\u011f\u0131z i\u00e7imizde. Yaln\u0131z de\u011filim, yaln\u0131z de\u011filsin. Bir\u2019iz, beraberiz bu yolculukta. Dilerim okuyacaklar\u0131n kalbini \u0131s\u0131ts\u0131n, sana ve \u00e7evrene dokunsun,<span class=\"excerpt-hellip\"> [\u2026]<\/span><\/p>\n","protected":false},"featured_media":0,"template":"","meta":{"_monsterinsights_skip_tracking":false,"_monsterinsights_sitenote_active":false,"_monsterinsights_sitenote_note":"","_monsterinsights_sitenote_category":0},"product_brand":[],"product_cat":[12364,12376],"product_tag":[],"class_list":{"0":"post-752784","1":"product","2":"type-product","3":"status-publish","5":"product_cat-genel-konular","6":"product_cat-kisisel-gelisim","7":"pa_cilt-ciltsiz","8":"pa_tur-kitap","9":"pa_yayinevi-dogan-novus","10":"pa_yazar-zeyneb-uras","12":"first","13":"instock","14":"sale","15":"shipping-taxable","16":"purchasable","17":"product-type-simple"},"_links":{"self":[{"href":"https:\/\/roveyayinevi.com.tr\/index.php\/wp-json\/wp\/v2\/product\/752784","targetHints":{"allow":["GET"]}}],"collection":[{"href":"https:\/\/roveyayinevi.com.tr\/index.php\/wp-json\/wp\/v2\/product"}],"about":[{"href":"https:\/\/roveyayinevi.com.tr\/index.php\/wp-json\/wp\/v2\/types\/product"}],"wp:attachment":[{"href":"https:\/\/roveyayinevi.com.tr\/index.php\/wp-json\/wp\/v2\/media?parent=752784"}],"wp:term":[{"taxonomy":"product_brand","embeddable":true,"href":"https:\/\/roveyayinevi.com.tr\/index.php\/wp-json\/wp\/v2\/product_brand?post=752784"},{"taxonomy":"product_cat","embeddable":true,"href":"https:\/\/roveyayinevi.com.tr\/index.php\/wp-json\/wp\/v2\/product_cat?post=752784"},{"taxonomy":"product_tag","embeddable":true,"href":"https:\/\/roveyayinevi.com.tr\/index.php\/wp-json\/wp\/v2\/product_tag?post=752784"}],"curies":[{"name":"wp","href":"https:\/\/api.w.org\/{rel}","templated":true}]}}