{"id":752783,"date":"2025-08-28T05:25:00","date_gmt":"2025-08-28T02:25:00","guid":{"rendered":"https:\/\/roveyayinevi.com.tr\/index.php\/urun\/dirilis-8\/"},"modified":"2026-04-16T03:06:02","modified_gmt":"2026-04-16T00:06:02","slug":"dirilis-8","status":"publish","type":"product","link":"https:\/\/roveyayinevi.com.tr\/index.php\/urun\/dirilis-8\/","title":{"rendered":"Dirili\u015f"},"content":{"rendered":"<p>Avc\u0131 ve tahnit\u00e7i Leon Gott, duvarlar\u0131nda ba\u015flar\u0131n\u0131 sergiledi\u011fi vah\u015fi hayvanlar gibi, evinde ba\u015f a\u015fa\u011f\u0131 as\u0131lm\u0131\u015f halde, \u00f6l\u00fc bulunur. Ayn\u0131 zamanda ona teslim edilmi\u015f de\u011ferli bir leopar\u0131n postu kay\u0131pt\u0131r. Maura Isles cesedi inceledikten sonra bu cinayeti, \u00fclkenin \u00e7e\u015fitli yerlerinde \u00e7\u00f6z\u00fclememi\u015f baz\u0131 davalarla ili\u015fkilendirir. Ayr\u0131ca alt\u0131 y\u0131l \u00f6nce Afrika\u2019da kaybolan bir safari grubuyla Leon Gott cinayetinin aras\u0131nda bir ba\u011flant\u0131 oldu\u011fu ortaya \u00e7\u0131kar. Jane Rizzoli bu zor davay\u0131 \u00e7\u00f6zmek i\u00e7in safariden sa\u011f kurtulan tek ki\u015fiye ula\u015fmak zorundad\u0131r.   Dirili\u015f, zekice kurgusu ve d\u00fc\u015fmeyen temposuyla yine harika bir Rizzoli &amp; Isles maceras\u0131\u2026 <\/p>\n","protected":false},"excerpt":{"rendered":"<p>Avc\u0131 ve tahnit\u00e7i Leon Gott, duvarlar\u0131nda ba\u015flar\u0131n\u0131 sergiledi\u011fi vah\u015fi hayvanlar gibi, evinde ba\u015f a\u015fa\u011f\u0131 as\u0131lm\u0131\u015f halde, \u00f6l\u00fc bulunur. Ayn\u0131 zamanda ona teslim edilmi\u015f de\u011ferli bir leopar\u0131n<span class=\"excerpt-hellip\"> [\u2026]<\/span><\/p>\n","protected":false},"featured_media":0,"template":"","meta":{"_monsterinsights_skip_tracking":false,"_monsterinsights_sitenote_active":false,"_monsterinsights_sitenote_note":"","_monsterinsights_sitenote_category":0},"product_brand":[],"product_cat":[12291,15445],"product_tag":[],"class_list":{"0":"post-752783","1":"product","2":"type-product","3":"status-publish","5":"product_cat-edebiyat","6":"product_cat-polisiye","7":"pa_cilt-ciltsiz","8":"pa_tur-kitap","9":"pa_yayinevi-dogan-kitap","10":"pa_yazar-tess-gerritsen","12":"first","13":"instock","14":"sale","15":"shipping-taxable","16":"purchasable","17":"product-type-simple"},"_links":{"self":[{"href":"https:\/\/roveyayinevi.com.tr\/index.php\/wp-json\/wp\/v2\/product\/752783","targetHints":{"allow":["GET"]}}],"collection":[{"href":"https:\/\/roveyayinevi.com.tr\/index.php\/wp-json\/wp\/v2\/product"}],"about":[{"href":"https:\/\/roveyayinevi.com.tr\/index.php\/wp-json\/wp\/v2\/types\/product"}],"wp:attachment":[{"href":"https:\/\/roveyayinevi.com.tr\/index.php\/wp-json\/wp\/v2\/media?parent=752783"}],"wp:term":[{"taxonomy":"product_brand","embeddable":true,"href":"https:\/\/roveyayinevi.com.tr\/index.php\/wp-json\/wp\/v2\/product_brand?post=752783"},{"taxonomy":"product_cat","embeddable":true,"href":"https:\/\/roveyayinevi.com.tr\/index.php\/wp-json\/wp\/v2\/product_cat?post=752783"},{"taxonomy":"product_tag","embeddable":true,"href":"https:\/\/roveyayinevi.com.tr\/index.php\/wp-json\/wp\/v2\/product_tag?post=752783"}],"curies":[{"name":"wp","href":"https:\/\/api.w.org\/{rel}","templated":true}]}}