{"id":752780,"date":"2025-08-28T05:24:55","date_gmt":"2025-08-28T02:24:55","guid":{"rendered":"https:\/\/roveyayinevi.com.tr\/index.php\/urun\/bu-agac-benim-ciltli\/"},"modified":"2026-04-08T03:12:41","modified_gmt":"2026-04-08T00:12:41","slug":"bu-agac-benim-ciltli","status":"publish","type":"product","link":"https:\/\/roveyayinevi.com.tr\/index.php\/urun\/bu-agac-benim-ciltli\/","title":{"rendered":"Bu A\u011fa\u00e7 Benim (Ciltli)"},"content":{"rendered":"<p>Memo, kitab\u0131n\u0131 okumak i\u00e7in en m\u00fckemmel ortam\u0131 bulur: Kocaman, harika bir a\u011fa\u00e7!    A\u011fac\u0131na yerle\u015fir yerle\u015fmez, pek s\u0131radan olmayan birka\u00e7 hayvan ona e\u015flik etmek ister.  Memo i\u00e7in bu kabul edilebilir bir teklif de\u011fildir. Her gelene, &#8220;Hay\u0131r, bu a\u011fa\u00e7 benim!&#8221; der. Ama \u00e7ok ge\u00e7meden bir \u015feyleri kendine saklaman\u0131n hi\u00e7 de e\u011flenceli olmad\u0131\u011f\u0131n\u0131 anlar. \u00dcstelik arkada\u015flarla dolu bir a\u011fa\u00e7ta kitap okumak \u00e7ok daha keyiflidir.    Bu A\u011fa\u00e7 Benim, arkada\u015fl\u0131\u011fa, payla\u015fmaya ve okumaya dair e\u011flenceli bir macera. <\/p>\n","protected":false},"excerpt":{"rendered":"<p>Memo, kitab\u0131n\u0131 okumak i\u00e7in en m\u00fckemmel ortam\u0131 bulur: Kocaman, harika bir a\u011fa\u00e7! A\u011fac\u0131na yerle\u015fir yerle\u015fmez, pek s\u0131radan olmayan birka\u00e7 hayvan ona e\u015flik etmek ister. Memo i\u00e7in<span class=\"excerpt-hellip\"> [\u2026]<\/span><\/p>\n","protected":false},"featured_media":0,"template":"","meta":{"_monsterinsights_skip_tracking":false,"_monsterinsights_sitenote_active":false,"_monsterinsights_sitenote_note":"","_monsterinsights_sitenote_category":0},"product_brand":[],"product_cat":[12274,12284],"product_tag":[],"class_list":{"0":"post-752780","1":"product","2":"type-product","3":"status-publish","5":"product_cat-cocuk-ve-genclik-kitaplari","6":"product_cat-hikayeler","7":"pa_cilt-ciltli","8":"pa_tur-kitap","9":"pa_yayinevi-taze-kitap","10":"pa_yazar-lucy-rowland","12":"first","13":"instock","14":"sale","15":"shipping-taxable","16":"purchasable","17":"product-type-simple"},"_links":{"self":[{"href":"https:\/\/roveyayinevi.com.tr\/index.php\/wp-json\/wp\/v2\/product\/752780","targetHints":{"allow":["GET"]}}],"collection":[{"href":"https:\/\/roveyayinevi.com.tr\/index.php\/wp-json\/wp\/v2\/product"}],"about":[{"href":"https:\/\/roveyayinevi.com.tr\/index.php\/wp-json\/wp\/v2\/types\/product"}],"wp:attachment":[{"href":"https:\/\/roveyayinevi.com.tr\/index.php\/wp-json\/wp\/v2\/media?parent=752780"}],"wp:term":[{"taxonomy":"product_brand","embeddable":true,"href":"https:\/\/roveyayinevi.com.tr\/index.php\/wp-json\/wp\/v2\/product_brand?post=752780"},{"taxonomy":"product_cat","embeddable":true,"href":"https:\/\/roveyayinevi.com.tr\/index.php\/wp-json\/wp\/v2\/product_cat?post=752780"},{"taxonomy":"product_tag","embeddable":true,"href":"https:\/\/roveyayinevi.com.tr\/index.php\/wp-json\/wp\/v2\/product_tag?post=752780"}],"curies":[{"name":"wp","href":"https:\/\/api.w.org\/{rel}","templated":true}]}}