{"id":752779,"date":"2025-08-28T05:24:53","date_gmt":"2025-08-28T02:24:53","guid":{"rendered":"https:\/\/roveyayinevi.com.tr\/index.php\/urun\/covitopia\/"},"modified":"2026-04-16T03:06:02","modified_gmt":"2026-04-16T00:06:02","slug":"covitopia","status":"publish","type":"product","link":"https:\/\/roveyayinevi.com.tr\/index.php\/urun\/covitopia\/","title":{"rendered":"Covitopia"},"content":{"rendered":"<p>Ayd\u0131nl\u0131ktan \u00d6nce (A.\u00d6.) 3 y\u0131l\u0131nda, D\u00fcnya\u2019y\u0131 kas\u0131p kavuran salg\u0131n, tam da bitti zannedilirken ve rehavet had safhadayken, Etiyopya ve Hindistan\u2019da ayn\u0131 anda ortaya \u00e7\u0131kan yeni bir mutasyon, t\u00fcm hesaplar\u0131 alt\u00fcst eder: Afrasya Mutasyonu! \u00d6ncekilere hi\u00e7 benzemeyen Afrasya Mutasyonu, neredeyse D\u00fcnya N\u00fcfusu\u2019nun d\u00f6rtte \u00fc\u00e7\u00fcn\u00fc yok eder; insan nesli t\u00fckenme tehdidiyle hi\u00e7 olmad\u0131\u011f\u0131 kadar y\u00fcz y\u00fczedir art\u0131k! T\u00fcm d\u00fcnyada tam bir kaos ve \u00e7aresizlik h\u00e2kimdir ve insanlar\u0131n \u00f6n\u00fcnde tek se\u00e7enek kalm\u0131\u015ft\u0131r: \u00d6l\u00fcm\u00fcn kendilerini yoklayaca\u011f\u0131 zaman\u0131 beklemek!                Yaln\u0131z en g\u00fc\u00e7l\u00fc silaha inanan az da olsa bilim insan\u0131 vard\u0131r h\u00e2l\u00e2: Umut!               Bu gen\u00e7 insanlar, gizli de olsa, kendilerini feda etmek u\u011fruna \u00e7al\u0131\u015fmalar\u0131na devam ederler. B\u00fct\u00fcn umut yine gen\u00e7likte mi olacak?                 \u00c7\u0131k\u0131\u015f yolu bulunabilecek mi? Ak\u0131l, vir\u00fcs kar\u015f\u0131s\u0131nda bi\u00e7are mi kalacak? Peki, sadece ak\u0131l yeterli mi galip gelmeye? Bu kaotik d\u00f6nemde \u00fclkelerin yakla\u015f\u0131m\u0131 nas\u0131l olacak? Bencillik yine her \u015feyi alt \u00fcst m\u00fc edecek? Nuh\u2019un Gemisi Miti, biny\u0131llar sonra tekrar m\u0131 kurtar\u0131c\u0131 olacak? \u00c7\u00f6z\u00fcm yine insanda m\u0131 gizli? \u0130nsan, varl\u0131\u011f\u0131 ile ba\u015fl\u0131 ba\u015f\u0131na bir mucize mi? Hele ki din, dil, \u0131rk, renk, g\u00f6r\u00fc\u015f ayr\u0131l\u0131klar\u0131n\u0131n, zorunlu da olsa, ortadan kalkmas\u0131 h\u00e2linde mucize kendili\u011finden gelebilir mi? Kaos, h\u00e2kimiyetini il\u00e2nihaye s\u00fcrd\u00fcrebilecek mi? Yoksa her \u015feyin sil ba\u015ftan oldu\u011fu Yeni Bir D\u00fcnya m\u0131 kurulacak?               Distopya m\u0131?               \u00dctopya m\u0131?               Yoksa, COV\u0130TOP\u0130A m\u0131?!!           \u00dctopik, Distopik ve Bilim Kurgusal \u00f6\u011feler de i\u00e7eren, T\u00fcrkiye, Avustralya, \u0130svi\u00e7re ekseninde yo\u011funla\u015fan ve fakat t\u00fcm D\u00fcnya\u2019y\u0131 kapsayan bu fantastik roman, gen\u00e7 okuyucular ve t\u00fcr\u00fcn merakl\u0131lar\u0131 ba\u015fta olmak \u00fczere t\u00fcm kitap kurtlar\u0131n\u0131 \u00abCovitopik\u00bb bir d\u00fcnyaya ve yepyeni ufuklara davet ediyor. <\/p>\n","protected":false},"excerpt":{"rendered":"<p>Ayd\u0131nl\u0131ktan \u00d6nce (A.\u00d6.) 3 y\u0131l\u0131nda, D\u00fcnya\u2019y\u0131 kas\u0131p kavuran salg\u0131n, tam da bitti zannedilirken ve rehavet had safhadayken, Etiyopya ve Hindistan\u2019da ayn\u0131 anda ortaya \u00e7\u0131kan yeni bir<span class=\"excerpt-hellip\"> [\u2026]<\/span><\/p>\n","protected":false},"featured_media":0,"template":"","meta":{"_monsterinsights_skip_tracking":false,"_monsterinsights_sitenote_active":false,"_monsterinsights_sitenote_note":"","_monsterinsights_sitenote_category":0},"product_brand":[],"product_cat":[12291,14777],"product_tag":[],"class_list":{"0":"post-752779","1":"product","2":"type-product","3":"status-publish","5":"product_cat-edebiyat","6":"product_cat-fantastik","7":"pa_cilt-ciltsiz","8":"pa_tur-kitap","9":"pa_yayinevi-kaptan-kitap","10":"pa_yazar-hakan-karci","12":"first","13":"instock","14":"sale","15":"shipping-taxable","16":"purchasable","17":"product-type-simple"},"_links":{"self":[{"href":"https:\/\/roveyayinevi.com.tr\/index.php\/wp-json\/wp\/v2\/product\/752779","targetHints":{"allow":["GET"]}}],"collection":[{"href":"https:\/\/roveyayinevi.com.tr\/index.php\/wp-json\/wp\/v2\/product"}],"about":[{"href":"https:\/\/roveyayinevi.com.tr\/index.php\/wp-json\/wp\/v2\/types\/product"}],"wp:attachment":[{"href":"https:\/\/roveyayinevi.com.tr\/index.php\/wp-json\/wp\/v2\/media?parent=752779"}],"wp:term":[{"taxonomy":"product_brand","embeddable":true,"href":"https:\/\/roveyayinevi.com.tr\/index.php\/wp-json\/wp\/v2\/product_brand?post=752779"},{"taxonomy":"product_cat","embeddable":true,"href":"https:\/\/roveyayinevi.com.tr\/index.php\/wp-json\/wp\/v2\/product_cat?post=752779"},{"taxonomy":"product_tag","embeddable":true,"href":"https:\/\/roveyayinevi.com.tr\/index.php\/wp-json\/wp\/v2\/product_tag?post=752779"}],"curies":[{"name":"wp","href":"https:\/\/api.w.org\/{rel}","templated":true}]}}