{"id":752775,"date":"2025-08-28T05:24:47","date_gmt":"2025-08-28T02:24:47","guid":{"rendered":"https:\/\/roveyayinevi.com.tr\/index.php\/urun\/hatirliyorum\/"},"modified":"2026-04-16T03:06:02","modified_gmt":"2026-04-16T00:06:02","slug":"hatirliyorum","status":"publish","type":"product","link":"https:\/\/roveyayinevi.com.tr\/index.php\/urun\/hatirliyorum\/","title":{"rendered":"Hat\u0131rl\u0131yorum"},"content":{"rendered":"<p>Bu \u201chat\u0131rl\u0131yorum\u201dlar tam olarak an\u0131, \u00f6zellikle de ki\u015fisel an\u0131 de\u011filler; bunlar g\u00fcnl\u00fck hayattan k\u00fc\u00e7\u00fck par\u00e7alar, filanca y\u0131lda ayn\u0131 ya\u015ftaki t\u00fcm insanlar\u0131n g\u00f6rd\u00fc\u011f\u00fc, ya\u015fad\u0131\u011f\u0131, payla\u015ft\u0131\u011f\u0131 ve sonra kaybolan, unutulan \u015feyler; ezberlemeye de\u011fmeyen, tarihe ge\u00e7meyi, devlet adamlar\u0131n\u0131n, da\u011fc\u0131lar\u0131n, kutsal canavarlar\u0131n an\u0131lar\u0131nda yer almay\u0131 hak etmeyen \u015feyler.Ama kimi zaman, birka\u00e7 y\u0131l sonra, bozulmam\u0131\u015f ve ufac\u0131k halleriyle, tesad\u00fcfen ya da bir ak\u015fam arkada\u015f aras\u0131nda onlar\u0131 arad\u0131\u011f\u0131m\u0131z i\u00e7in geri d\u00f6nerler; okulda \u00f6\u011frendi\u011fimiz bir \u015fey olabilirler, bir \u015fampiyon, bir \u015fark\u0131c\u0131 ya da \u00e7\u0131\u011f\u0131r a\u00e7an bir y\u0131ld\u0131z aday\u0131, herkesin a\u011fz\u0131nda dolanan bir melodi, bir soygun ya da g\u00fcnl\u00fck gazetelerin man\u015fetine \u00e7\u0131kan bir felaket, \u00e7ok satan bir kitap, bir skandal, bir slogan, bir al\u0131\u015fkanl\u0131k, bir ifade, bir giysi ya da onu giyme bi\u00e7imi, bir el hareketi ya da daha de\u011fersiz, \u00f6nemsiz, tamamen banal, mucizevi bir \u015fekilde \u00f6nemsizli\u011finden kopar\u0131lm\u0131\u015f, bir an geri kazan\u0131lm\u0131\u015f, birka\u00e7 saniye i\u00e7in hissedilemeyen k\u00fc\u00e7\u00fck bir nostalji uyand\u0131rm\u0131\u015f \u015feyler.Georges Perec<\/p>\n","protected":false},"excerpt":{"rendered":"<p>Bu \u201chat\u0131rl\u0131yorum\u201dlar tam olarak an\u0131, \u00f6zellikle de ki\u015fisel an\u0131 de\u011filler; bunlar g\u00fcnl\u00fck hayattan k\u00fc\u00e7\u00fck par\u00e7alar, filanca y\u0131lda ayn\u0131 ya\u015ftaki t\u00fcm insanlar\u0131n g\u00f6rd\u00fc\u011f\u00fc, ya\u015fad\u0131\u011f\u0131, payla\u015ft\u0131\u011f\u0131 ve sonra<span class=\"excerpt-hellip\"> [\u2026]<\/span><\/p>\n","protected":false},"featured_media":0,"template":"","meta":{"_monsterinsights_skip_tracking":false,"_monsterinsights_sitenote_active":false,"_monsterinsights_sitenote_note":"","_monsterinsights_sitenote_category":0},"product_brand":[],"product_cat":[12291,12711],"product_tag":[],"class_list":{"0":"post-752775","1":"product","2":"type-product","3":"status-publish","5":"product_cat-edebiyat","6":"product_cat-roman-oyku","7":"pa_cilt-ciltsiz","8":"pa_tur-kitap","9":"pa_yayinevi-everest-yayinlari","10":"pa_yazar-georges-perec","12":"first","13":"instock","14":"sale","15":"shipping-taxable","16":"purchasable","17":"product-type-simple"},"_links":{"self":[{"href":"https:\/\/roveyayinevi.com.tr\/index.php\/wp-json\/wp\/v2\/product\/752775","targetHints":{"allow":["GET"]}}],"collection":[{"href":"https:\/\/roveyayinevi.com.tr\/index.php\/wp-json\/wp\/v2\/product"}],"about":[{"href":"https:\/\/roveyayinevi.com.tr\/index.php\/wp-json\/wp\/v2\/types\/product"}],"wp:attachment":[{"href":"https:\/\/roveyayinevi.com.tr\/index.php\/wp-json\/wp\/v2\/media?parent=752775"}],"wp:term":[{"taxonomy":"product_brand","embeddable":true,"href":"https:\/\/roveyayinevi.com.tr\/index.php\/wp-json\/wp\/v2\/product_brand?post=752775"},{"taxonomy":"product_cat","embeddable":true,"href":"https:\/\/roveyayinevi.com.tr\/index.php\/wp-json\/wp\/v2\/product_cat?post=752775"},{"taxonomy":"product_tag","embeddable":true,"href":"https:\/\/roveyayinevi.com.tr\/index.php\/wp-json\/wp\/v2\/product_tag?post=752775"}],"curies":[{"name":"wp","href":"https:\/\/api.w.org\/{rel}","templated":true}]}}