{"id":752772,"date":"2025-08-28T05:24:42","date_gmt":"2025-08-28T02:24:42","guid":{"rendered":"https:\/\/roveyayinevi.com.tr\/index.php\/urun\/siyah-ve-beyaz\/"},"modified":"2026-04-16T03:06:02","modified_gmt":"2026-04-16T00:06:02","slug":"siyah-ve-beyaz","status":"publish","type":"product","link":"https:\/\/roveyayinevi.com.tr\/index.php\/urun\/siyah-ve-beyaz\/","title":{"rendered":"Siyah ve Beyaz"},"content":{"rendered":"<p>Hayat denilen bu \u0131rmak Kimini y\u0131kmak kimini sulamak Oysa tek yapt\u0131\u011f\u0131 akmak Ehlin i\u015fidir ya\u015famak<\/p>\n","protected":false},"excerpt":{"rendered":"<p>Hayat denilen bu \u0131rmak Kimini y\u0131kmak kimini sulamak Oysa tek yapt\u0131\u011f\u0131 akmak Ehlin i\u015fidir ya\u015famak<\/p>\n","protected":false},"featured_media":0,"template":"","meta":{"_monsterinsights_skip_tracking":false,"_monsterinsights_sitenote_active":false,"_monsterinsights_sitenote_note":"","_monsterinsights_sitenote_category":0},"product_brand":[],"product_cat":[12291,12509],"product_tag":[],"class_list":{"0":"post-752772","1":"product","2":"type-product","3":"status-publish","5":"product_cat-edebiyat","6":"product_cat-siir","7":"pa_cilt-ciltsiz","8":"pa_tur-kitap","9":"pa_yayinevi-luna-yayinlari","10":"pa_yazar-kaan-basar-candas","12":"first","13":"instock","14":"sale","15":"shipping-taxable","16":"purchasable","17":"product-type-simple"},"_links":{"self":[{"href":"https:\/\/roveyayinevi.com.tr\/index.php\/wp-json\/wp\/v2\/product\/752772","targetHints":{"allow":["GET"]}}],"collection":[{"href":"https:\/\/roveyayinevi.com.tr\/index.php\/wp-json\/wp\/v2\/product"}],"about":[{"href":"https:\/\/roveyayinevi.com.tr\/index.php\/wp-json\/wp\/v2\/types\/product"}],"wp:attachment":[{"href":"https:\/\/roveyayinevi.com.tr\/index.php\/wp-json\/wp\/v2\/media?parent=752772"}],"wp:term":[{"taxonomy":"product_brand","embeddable":true,"href":"https:\/\/roveyayinevi.com.tr\/index.php\/wp-json\/wp\/v2\/product_brand?post=752772"},{"taxonomy":"product_cat","embeddable":true,"href":"https:\/\/roveyayinevi.com.tr\/index.php\/wp-json\/wp\/v2\/product_cat?post=752772"},{"taxonomy":"product_tag","embeddable":true,"href":"https:\/\/roveyayinevi.com.tr\/index.php\/wp-json\/wp\/v2\/product_tag?post=752772"}],"curies":[{"name":"wp","href":"https:\/\/api.w.org\/{rel}","templated":true}]}}